{"id":2651,"date":"2024-09-13T17:26:45","date_gmt":"2024-09-13T15:26:45","guid":{"rendered":"https:\/\/www.postamarcucci.it\/?page_id=2651"},"modified":"2026-02-28T09:53:20","modified_gmt":"2026-02-28T08:53:20","slug":"eventi","status":"publish","type":"page","link":"https:\/\/www.lapostahotel.it\/it\/eventi\/","title":{"rendered":"Calendario Eventi"},"content":{"rendered":"<div class=\"wpb-content-wrapper\"><p>[vc_row full_width=&#8221;stretch_row_content_no_spaces&#8221; content_placement=&#8221;middle&#8221; css=&#8221;.vc_custom_1772268798080{padding-top: 6em !important;padding-bottom: 6em !important;background-image: url(https:\/\/www.lapostahotel.it\/wp-content\/uploads\/2026\/02\/0015_Amo-la-Val-dOrcia-16.jpg?id=6987) !important;background-position: center !important;background-repeat: no-repeat !important;background-size: cover !important;}&#8221;][vc_column width=&#8221;5\/6&#8243; el_class=&#8221;white-bg-deco green-border-deco shadow p-4&#8243; offset=&#8221;vc_col-lg-offset-3 vc_col-lg-6 vc_col-md-offset-2 vc_col-md-8 vc_col-xs-offset-1 vc_col-xs-10&#8243;]<h1 class=\"deco-title centro\"><span>Eventi<\/span><\/h1>[vc_column_text css=&#8221;&#8221; el_class=&#8221;text-big&#8221;]<\/p>\n<p style=\"text-align: center;\">Da La Posta, a Bagno Vignoni, festeggiare \u00e8 nella nostra natura. Amiamo stare insieme, condividere momenti speciali e celebrare la vita in ogni sua forma. Quando non abbiamo qualcosa da festeggiare in casa, ci piace partecipare agli eventi che ci circondano, dove la convivialit\u00e0 \u00e8 protagonista e ogni occasione \u00e8 buona per stare insieme, mangiare, bere e divertirsi.<\/p>\n<p style=\"text-align: center;\">Sia che si tratti di sagre, feste popolari o eventi culturali, ogni momento \u00e8 un\u2019opportunit\u00e0 per vivere e godere di ci\u00f2 che ci rende felici: la compagnia e la gioia di condividere.<\/p>\n<p style=\"text-align: center;\">Vi invitiamo a unirvi a noi per scoprire e festeggiare insieme ogni attimo speciale.<\/p>\n<p>[\/vc_column_text][\/vc_column][\/vc_row]<\/p>\n<\/div>","protected":false},"excerpt":{"rendered":"<p>[vc_row full_width=&#8221;stretch_row_content_no_spaces&#8221; content_placement=&#8221;middle&#8221; css=&#8221;.vc_custom_1772268798080{padding-top: 6em !important;padding-bottom: 6em !important;background-image: url(https:\/\/www.lapostahotel.it\/wp-content\/uploads\/2026\/02\/0015_Amo-la-Val-dOrcia-16.jpg?id=6987) !important;background-position: center !important;background-repeat: no-repeat !important;background-size: cover !important;}&#8221;][vc_column width=&#8221;5\/6&#8243; el_class=&#8221;white-bg-deco green-border-deco shadow p-4&#8243; offset=&#8221;vc_col-lg-offset-3 vc_col-lg-6 vc_col-md-offset-2 vc_col-md-8 vc_col-xs-offset-1 vc_col-xs-10&#8243;][vc_column_text css=&#8221;&#8221; el_class=&#8221;text-big&#8221;] Da La Posta, a Bagno Vignoni, festeggiare \u00e8 nella nostra natura. Amiamo stare insieme, condividere momenti speciali e celebrare la vita in ogni sua forma. Quando [&hellip;]<\/p>\n","protected":false},"author":1,"featured_media":0,"parent":0,"menu_order":0,"comment_status":"closed","ping_status":"closed","template":"","meta":{"_acf_changed":false,"footnotes":""},"class_list":["post-2651","page","type-page","status-publish","hentry"],"acf":[],"yoast_head":"<!-- This site is optimized with the Yoast SEO plugin v27.3 - https:\/\/yoast.com\/product\/yoast-seo-wordpress\/ -->\n<title>Calendario Eventi | Hotel La Posta | Val D&#039;Orcia | Toscana<\/title>\n<meta name=\"description\" content=\"Calendario Eventi | Hotel La Posta | Val D&#039;Orcia | Toscana\" \/>\n<meta name=\"robots\" content=\"index, follow, max-snippet:-1, max-image-preview:large, max-video-preview:-1\" \/>\n<link rel=\"canonical\" href=\"https:\/\/www.lapostahotel.it\/it\/eventi\/\" \/>\n<meta property=\"og:locale\" content=\"it_IT\" \/>\n<meta property=\"og:type\" content=\"article\" \/>\n<meta property=\"og:title\" content=\"Calendario Eventi | Hotel La Posta | Val D&#039;Orcia | Toscana\" \/>\n<meta property=\"og:description\" content=\"Calendario Eventi | Hotel La Posta | Val D&#039;Orcia | Toscana\" \/>\n<meta property=\"og:url\" content=\"https:\/\/www.lapostahotel.it\/it\/eventi\/\" \/>\n<meta property=\"og:site_name\" content=\"La Posta Hotel\" \/>\n<meta property=\"article:publisher\" content=\"https:\/\/www.facebook.com\/albergopostamarcucci\" \/>\n<meta property=\"article:modified_time\" content=\"2026-02-28T08:53:20+00:00\" \/>\n<meta property=\"og:image\" content=\"https:\/\/www.lapostahotel.it\/wp-content\/uploads\/2025\/01\/la-posta-hotel-val-dorcia-toscana-social-1200x675-alt.jpg\" \/>\n\t<meta property=\"og:image:width\" content=\"1200\" \/>\n\t<meta property=\"og:image:height\" content=\"675\" \/>\n\t<meta property=\"og:image:type\" content=\"image\/jpeg\" \/>\n<meta name=\"twitter:card\" content=\"summary_large_image\" \/>\n<meta name=\"twitter:label1\" content=\"Tempo di lettura stimato\" \/>\n\t<meta name=\"twitter:data1\" content=\"1 minuto\" \/>\n<!-- \/ Yoast SEO plugin. -->","yoast_head_json":{"title":"Calendario Eventi | Hotel La Posta | Val D'Orcia | Toscana","description":"Calendario Eventi | Hotel La Posta | Val D'Orcia | Toscana","robots":{"index":"index","follow":"follow","max-snippet":"max-snippet:-1","max-image-preview":"max-image-preview:large","max-video-preview":"max-video-preview:-1"},"canonical":"https:\/\/www.lapostahotel.it\/it\/eventi\/","og_locale":"it_IT","og_type":"article","og_title":"Calendario Eventi | Hotel La Posta | Val D'Orcia | Toscana","og_description":"Calendario Eventi | Hotel La Posta | Val D'Orcia | Toscana","og_url":"https:\/\/www.lapostahotel.it\/it\/eventi\/","og_site_name":"La Posta Hotel","article_publisher":"https:\/\/www.facebook.com\/albergopostamarcucci","article_modified_time":"2026-02-28T08:53:20+00:00","og_image":[{"width":1200,"height":675,"url":"https:\/\/www.lapostahotel.it\/wp-content\/uploads\/2025\/01\/la-posta-hotel-val-dorcia-toscana-social-1200x675-alt.jpg","type":"image\/jpeg"}],"twitter_card":"summary_large_image","twitter_misc":{"Tempo di lettura stimato":"1 minuto"},"schema":{"@context":"https:\/\/schema.org","@graph":[{"@type":"WebPage","@id":"https:\/\/www.lapostahotel.it\/it\/eventi\/","url":"https:\/\/www.lapostahotel.it\/it\/eventi\/","name":"Calendario Eventi | Hotel La Posta | Val D'Orcia | Toscana","isPartOf":{"@id":"https:\/\/www.lapostahotel.it\/it\/#website"},"datePublished":"2024-09-13T15:26:45+00:00","dateModified":"2026-02-28T08:53:20+00:00","description":"Calendario Eventi | Hotel La Posta | Val D'Orcia | Toscana","breadcrumb":{"@id":"https:\/\/www.lapostahotel.it\/it\/eventi\/#breadcrumb"},"inLanguage":"it-IT","potentialAction":[{"@type":"ReadAction","target":["https:\/\/www.lapostahotel.it\/it\/eventi\/"]}]},{"@type":"BreadcrumbList","@id":"https:\/\/www.lapostahotel.it\/it\/eventi\/#breadcrumb","itemListElement":[{"@type":"ListItem","position":1,"name":"Home","item":"https:\/\/www.lapostahotel.it\/it\/"},{"@type":"ListItem","position":2,"name":"Calendario Eventi"}]},{"@type":"WebSite","@id":"https:\/\/www.lapostahotel.it\/it\/#website","url":"https:\/\/www.lapostahotel.it\/it\/","name":"La Posta","description":"Hotel &amp; Thermal spa","publisher":{"@id":"https:\/\/www.lapostahotel.it\/it\/#organization"},"alternateName":"Hotel La Posta","potentialAction":[{"@type":"SearchAction","target":{"@type":"EntryPoint","urlTemplate":"https:\/\/www.lapostahotel.it\/it\/?s={search_term_string}"},"query-input":{"@type":"PropertyValueSpecification","valueRequired":true,"valueName":"search_term_string"}}],"inLanguage":"it-IT"},{"@type":"Organization","@id":"https:\/\/www.lapostahotel.it\/it\/#organization","name":"La Posta","alternateName":"Hotel La Posta","url":"https:\/\/www.lapostahotel.it\/it\/","logo":{"@type":"ImageObject","inLanguage":"it-IT","@id":"https:\/\/www.lapostahotel.it\/it\/#\/schema\/logo\/image\/","url":"https:\/\/www.lapostahotel.it\/wp-content\/uploads\/2025\/01\/la-posta-hotel-val-dorcia-toscana-900x900-1.jpg","contentUrl":"https:\/\/www.lapostahotel.it\/wp-content\/uploads\/2025\/01\/la-posta-hotel-val-dorcia-toscana-900x900-1.jpg","width":900,"height":900,"caption":"La Posta"},"image":{"@id":"https:\/\/www.lapostahotel.it\/it\/#\/schema\/logo\/image\/"},"sameAs":["https:\/\/www.facebook.com\/albergopostamarcucci","https:\/\/www.instagram.com\/albergopostamarcucci\/"]}]}},"_links":{"self":[{"href":"https:\/\/www.lapostahotel.it\/it\/wp-json\/wp\/v2\/pages\/2651","targetHints":{"allow":["GET"]}}],"collection":[{"href":"https:\/\/www.lapostahotel.it\/it\/wp-json\/wp\/v2\/pages"}],"about":[{"href":"https:\/\/www.lapostahotel.it\/it\/wp-json\/wp\/v2\/types\/page"}],"author":[{"embeddable":true,"href":"https:\/\/www.lapostahotel.it\/it\/wp-json\/wp\/v2\/users\/1"}],"replies":[{"embeddable":true,"href":"https:\/\/www.lapostahotel.it\/it\/wp-json\/wp\/v2\/comments?post=2651"}],"version-history":[{"count":30,"href":"https:\/\/www.lapostahotel.it\/it\/wp-json\/wp\/v2\/pages\/2651\/revisions"}],"predecessor-version":[{"id":6988,"href":"https:\/\/www.lapostahotel.it\/it\/wp-json\/wp\/v2\/pages\/2651\/revisions\/6988"}],"wp:attachment":[{"href":"https:\/\/www.lapostahotel.it\/it\/wp-json\/wp\/v2\/media?parent=2651"}],"curies":[{"name":"wp","href":"https:\/\/api.w.org\/{rel}","templated":true}]}}