{"id":1506,"date":"2024-03-06T08:41:14","date_gmt":"2024-03-06T07:41:14","guid":{"rendered":"https:\/\/www.postamarcucci.it\/?page_id=1506"},"modified":"2024-03-06T08:49:54","modified_gmt":"2024-03-06T07:49:54","slug":"privacy-policy","status":"publish","type":"page","link":"https:\/\/www.lapostahotel.it\/it\/privacy-policy\/","title":{"rendered":"Privacy Policy"},"content":{"rendered":"<div class=\"wpb-content-wrapper\"><p>[vc_row css=&#8221;.vc_custom_1709711368576{padding-top: 2em !important;}&#8221;][vc_column]<h1 class=\"deco-title sinistra\"><span>Privacy Policy<\/span><\/h1>[vc_column_text]Questo sito web raccoglie alcuni dati personali dei propri utenti.<\/p>\n<h2>Informativa ai sensi dell&#8217;art. 13 e 14 del GDPR (Reg. Ue 679\/2016 sul Trattamento dati personali)<\/h2>\n<p>Ai sensi di legge ed in relazione ai Dati personali di cui Hotel La Perla srl, suoi collaboratori e personale entrer\u00e0 in possesso, La informiamo di quanto segue.<\/p>\n<p>Il \u201c<em>Titolare del Trattamento<\/em>\u201d \u00e8 l\u2019<strong>Albergo Posta Marcucci srl<\/strong><strong>, <\/strong>in persona del suo legale rappresentante pro tempore, di seguito anche pi\u00f9 brevemente identificata con il termine \u201cSociet\u00e0\u201d<strong>, <\/strong>cod. fisc. 00675900526, con sede in San Quirico d\u2019Orcia, Fraz. Bagno Vignoni -53027 (SI), Via Ara Urcea n. 43, telef. +39 0577 887112, 0577 887119, e-mail ricevimento@postamarcucci.it, la quale utilizzer\u00e0 i Suoi Dati.[\/vc_column_text][\/vc_column][\/vc_row][vc_row][vc_column][vc_column_text]Il \u201c<em>Responsabile del Trattamento<\/em>\u201d \u00e8 qualunque persona fisica, giuridica, Pubblica Amministrazione e qualsiasi Ente che, ove necessario e nei limiti pertinenti alle finalit\u00e0 del Trattamento, utilizza i Dati personali per conto del Titolare.<\/p>\n<ol>\n<li><strong>Tipologia dei dati raccolti. <\/strong>Tutti i Dati necessari per: il corretto svolgimento dell\u2019attivit\u00e0 turistico &#8211; ricettiva e di ristorazione, attivit\u00e0 promozionale, pubblicitaria e relativa alle risorse umane.<\/li>\n<li><strong>Utilizzo dei Dati<\/strong>. I Dati saranno trattati in conformit\u00e0 ai principi di cui all\u2019art. 5 del GDPR, tra i quali si citano: liceit\u00e0, correttezza, trasparenza, limitazione, riservatezza, etc.<\/li>\n<li><strong>Finalit\u00e0 del Trattamento<\/strong>. Il Trattamento \u00e8 finalizzato unicamente per gli scopi indicati al capo 1 che precede.<\/li>\n<li><strong>Base giuridica del Trattamento<\/strong>. L\u2019acquisizione dei Dati avviene in relazione al contratto intercorso tra il <em>Titolare<\/em> ed <em>l\u2019Interessato <\/em>o eventualmente attraverso il consenso.<\/li>\n<li><strong>Rifiuto di conferimento dei Dati.<\/strong> L&#8217;eventuale rifiuto da parte dell&#8217;Interessato di conferire i Dati necessari per l\u2019espletamento dell\u2019attivit\u00e0 pu\u00f2 comportare l&#8217;impossibilit\u00e0 di portare a termine le attivit\u00e0 e\/o di gestire i rapporti indicati al capo 1 che precede.<\/li>\n<li><strong>Fonte dei dati<\/strong>. I Dati personali di cui Hotel La Perla srl \u00e8 in possesso sono raccolti in ossequio al dettato di cui all\u2019art 13 del GDPR direttamente presso l\u2019Interessato oppure ai sensi dell\u2019art. 14 del GDPR.<\/li>\n<li><strong>Modalit\u00e0 del trattamento dei dati.<\/strong> Il Trattamento nel rispetto dell\u2019art. 5, paragrafo 1, lett. \u201cf\u201d del GDPR \u00e8 realizzato per mezzo delle operazioni o complesso di operazioni cos\u00ec riassumibili: raccolta, registrazione, organizzazione, conservazione, consultazione, elaborazione, modificazione, selezione, estrazione, raffronto, utilizzo, interconnessione, blocco, comunicazione, cancellazione e distruzione dei dati. Le operazioni possono essere svolte con o senza l&#8217;ausilio di strumenti elettronici o digitali o comunque automatizzati.<\/li>\n<li><strong>Comunicazione dei dati.<\/strong> I Dati personali, ai fini del contratto in essere, possono essere comunicati per le finalit\u00e0 di cui al punto 1 a Collaboratori interni ed esterni, Incaricati e Responsabili del Trattamento, soggetti operanti nel settore tra i quali si evidenzia l\u2019Hotel La Perla di Corvara in Badia, soggetti diretti a valutare la qualit\u00e0 dei servizi erogati e a gestire programmi di fidelizzazione e di marketing.<\/li>\n<li><strong>Diffusione dei dati<\/strong><em>.<\/em> I Suoi Dati non saranno in alcun modo oggetto di diffusione, salvo per i casi indicati al paragrafo che precede.<\/li>\n<li><strong>Trasferimento dei dati all&#8217;estero.<\/strong> I Dati personali possono essere trasferiti verso Paesi dell&#8217;Unione Europea e verso Paesi terzi rispetto all&#8217;Unione Europea nell\u2019ambito delle finalit\u00e0 del Trattamento di cui al punto 3. L&#8217;eventuale trasferimento di dati verso un paese non appartenente all\u2019Unione europea avverr\u00e0 nel rispetto di previsto dagli artt. 45 e seguenti. del Reg. UE n. 679\/2016. In mancanza di decisione sull\u2019adeguatezza del livello di protezione, il trasferimento potr\u00e0 avvenire solo nei casi previsti dall\u2019art. 49 del citato Regolamento.<\/li>\n<li><strong>Conservazione dei dati<\/strong>. I Dati sono conservati per il periodo necessario per l\u2019espletamento dell\u2019attivit\u00e0 e comunque per un periodo non superiore a dieci anni.<\/li>\n<li><strong>Diritti dell&#8217;interessato.<\/strong> La legge conferisce all&#8217;Interessato l&#8217;esercizio di specifici diritti, tra i quali:\n<ul>\n<li>ottenere dal Titolare l\u2019accesso ai Suoi Dati ed informazioni in modo intellegibile;<\/li>\n<li>avere conoscenza dell&#8217;origine dei Dati, delle finalit\u00e0 e delle modalit\u00e0 del Trattamento;<\/li>\n<li>rettificare e cancellare (diritto all\u2019oblio) i Dati;<\/li>\n<li>limitare il Trattamento o avere la possibilit\u00e0 di opporsi allo stesso<\/li>\n<li>richiedere la portabilit\u00e0 dei Dati;<\/li>\n<li>revocare il consenso al Trattamento senza pregiudizio della liceit\u00e0 del Trattamento basato sul precedente consenso;<\/li>\n<li>proporre reclamo ex art. 77 GDPR al Garante per la Protezione dei Dati Personali.<\/li>\n<\/ul>\n<\/li>\n<li><strong>Modifiche a questa privacy policy<\/strong>. Il Titolare del Trattamento si riserva il diritto di apportare modifiche alla presente Privacy Policy in qualunque momento dandone informazione agli utenti su questa pagina e, se possibile, su questo sito web nonch\u00e9, qualora tecnicamente e legalmente fattibile, inviando una notifica agli utenti attraverso uno degli estremi di contatto di cui \u00e8 in possesso il Titolare. Si prega dunque di consultare regolarmente questa pagina, facendo riferimento alla data di ultima modifica indicata in fondo. Qualora le modifiche interessino trattamenti la cui base giuridica \u00e8 il consenso, il Titolare provveder\u00e0 a raccogliere nuovamente il consenso dell&#8217;utente, se necessario.<\/li>\n<li><strong>Log di sistema e manutenzione<\/strong>. Per necessit\u00e0 legate al funzionamento ed alla manutenzione, questo sito web e gli eventuali servizi terzi da essa utilizzati potrebbero raccogliere log di sistema, ossia file che registrano le interazioni e che possono contenere anche dati personali, quali l\u2019indirizzo IP utente.<\/li>\n<li><strong>Informazioni non contenute in questa policy<\/strong>. Ulteriori informazioni in relazione al trattamento dei dati personali potranno essere richieste in qualsiasi momento al Titolare del Trattamento utilizzando gli estremi di contatto.<\/li>\n<li><strong>Cookie Policy<\/strong>. Questo sito web fa utilizzo di Cookie. Per saperne di pi\u00f9 e per prendere visione dell&#8217;informativa dettagliata, l&#8217;utente pu\u00f2 consultare la <a title=\"Cookie Policy\" href=\"https:\/\/www.lapostahotel.it\/it\/cookies\/\">Cookie Policy<\/a>.<\/li>\n<li><strong>Terzi soggetti<\/strong>. Google Analytics con IP anonimizzato (Google Inc., Stati Uniti)<br \/>\nGoogle Analytics \u00e8 un servizio di analisi web fornito da Google Inc. (&#8220;Google&#8221;). Google utilizza i Dati Personali raccolti allo scopo di tracciare ed esaminare l&#8217;utilizzo di questo sito, compilare report e condividerli con gli altri servizi sviluppati da Google.<br \/>\nGoogle potrebbe utilizzare i Dati Personali per contestualizzare e personalizzare gli annunci del proprio network pubblicitario.<br \/>\nQuesta integrazione di Google Analytics rende anonimo il tuo indirizzo IP. L&#8217;anonimizzazione funziona abbreviando entro i confini degli stati membri dell&#8217;Unione Europea o in altri Paesi aderenti all&#8217;accordo sullo Spazio Economico Europeo l&#8217;indirizzo IP degli Utenti. Solo in casi eccezionali, l&#8217;indirizzo IP sar\u00e0 inviato ai server di Google ed abbreviato all&#8217;interno degli USA. Luogo del trattamento: Stati Uniti \u2013 <a href=\"https:\/\/tools.google.com\/dlpage\/gaoptout?hl=it\">strumento per la disattivazione dei Google Analytics (opt out).<\/a> Soggetto aderente al Privacy Shield.<\/li>\n<li><strong>Geolocalizzazione non continua (questo sito web<\/strong>). Questo sito web pu\u00f2 raccogliere, usare e condividere i dati relativi alla posizione geografica dell&#8217;utente, al fine di fornire servizi basati sulla posizione stessa. La maggior parte dei browser e dei dispositivi fornisce in modo predefinito degli strumenti per negare il tracciamento geografico. Qualora l&#8217;utente abbia espressamente autorizzato tale possibilit\u00e0, questo sito web pu\u00f2 ricevere informazioni sulla sua effettiva posizione geografica. La localizzazione geografica dell&#8217;utente avviene in maniera non continua, dietro specifica richiesta dell&#8217;utente ovvero quando l&#8217;utente non indichi nell&#8217;apposito campo il luogo in cui si trova e consenta all&#8217;applicazione il rilevamento automatico della posizione.\u00a0 Dati personali raccolti: posizione geografica.<\/li>\n<\/ol>\n<p>[\/vc_column_text][\/vc_column][\/vc_row][vc_row][vc_column]<h3 class=\"deco-title sinistra\"><span>Registrazione ed autenticazione<\/span><\/h3>[vc_column_text]Con la registrazione o l&#8217;autenticazione l&#8217;utente consente all&#8217;applicazione di identificarlo e di dargli accesso a servizi dedicati. A seconda di quanto indicato di seguito, i servizi di registrazione e di autenticazione potrebbero essere forniti con l&#8217;ausilio di terze parti. Qualora questo avvenga, questa applicazione potr\u00e0 accedere ad alcuni dati conservati dal servizio terzo usato per la registrazione o l&#8217;identificazione.<\/p>\n<p><strong>Facebook Authentication (Facebook, Inc.).<\/strong>Facebook Authentication \u00e8 un servizio di registrazione ed autenticazione fornito da Facebook, Inc. e collegato al social network Facebook. Dati personali raccolti: varie tipologie di dati secondo quanto specificato dalla privacy policy del servizio. Luogo del trattamento: Stati Uniti &#8211; <a href=\"https:\/\/www.facebook.com\/help\/405977429438260\">Privacy Policy<\/a>. Soggetto aderente al Privacy Shield.<\/p>\n<p><strong>Google OAuth (Google Inc.).<\/strong> Google OAuth \u00e8 un servizio di registrazione ed autenticazione fornito da Google Inc. e collegato al network Google. Dati personali raccolti: varie tipologie di dati secondo quanto specificato dalla privacy policy del servizio. Luogo del trattamento: Stati Uniti &#8211; <a href=\"https:\/\/policies.google.com\/privacy?hl=it\">Privacy Policy <\/a>. Soggetto aderente al Privacy Shield.<\/p>\n<p><strong>Statistica<\/strong>. I servizi contenuti nella presente sezione permettono al Titolare del Trattamento di monitorare e analizzare i dati di traffico e servono a tener traccia del comportamento dell&#8217;utente.<\/p>\n<p><strong>Google Analytics (Google Inc.).<\/strong> Google Analytics \u00e8 un servizio di analisi web fornito da Google Inc. (&#8220;Google&#8221;). Google utilizza i dati personali raccolti allo scopo di tracciare ed esaminare l&#8217;utilizzo di questo sito web, compilare report e condividerli con gli altri servizi sviluppati da Google. Google potrebbe utilizzare i dati personali per contestualizzare e personalizzare gli annunci del proprio network pubblicitario. Dati personali raccolti: Cookie e dati di utilizzo. Luogo del trattamento: Stati Uniti &#8211; <a href=\"https:\/\/policies.google.com\/privacy?hl=it\">Privacy Policy<\/a> &#8211; <a href=\"https:\/\/tools.google.com\/dlpage\/gaoptout?hl=it\">Opt Out<\/a>. Soggetto aderente al Privacy Shield.[\/vc_column_text][\/vc_column][\/vc_row][vc_row css=&#8221;.vc_custom_1709711378298{padding-bottom: 2em !important;}&#8221;][vc_column]<h3 class=\"deco-title sinistra\"><span>Definizioni e riferimenti legali<\/span><\/h3>[vc_column_text]<strong>Dati personali<\/strong>. Costituisce dato personale qualunque informazione che, direttamente o indirettamente, anche in collegamento con qualsiasi altra informazione, ivi compreso un numero di identificazione personale, renda identificata o identificabile una persona fisica.<\/p>\n<p><strong>Dati di utilizzo<\/strong>. Sono le informazioni raccolte automaticamente attraverso questo sito web (anche da applicazioni di parti terze integrate in questo sito web), tra cui: gli indirizzi IP o i nomi a dominio dei computer utilizzati dall&#8217;utente che si connette con questo sito web, gli indirizzi in notazione URI (Uniform Resource Identifier), l&#8217;orario della richiesta, il metodo utilizzato nell&#8217;inoltrare la richiesta al server, la dimensione del file ottenuto in risposta, il codice numerico indicante lo stato della risposta dal server (buon fine, errore, ecc.) il paese di provenienza, le caratteristiche del browser e del sistema operativo utilizzati dal visitatore, le varie connotazioni temporali della visita (ad esempio il tempo di permanenza su ciascuna pagina) e i dettagli relativi all&#8217;itinerario seguito all&#8217;interno dell&#8217;Applicazione, con particolare riferimento alla sequenza delle pagine consultate, ai parametri relativi al sistema operativo e all&#8217;ambiente informatico dell&#8217;utente.<\/p>\n<p><strong>Utente<\/strong>. L&#8217;individuo che utilizza questo sito web che, salvo ove diversamente specificato, coincide con l&#8217;Interessato.<\/p>\n<p><strong>Interessato<\/strong>. La persona fisica cui si riferiscono i dati personali.<\/p>\n<p><strong>Responsabile del Trattamento<\/strong>. La persona fisica, giuridica, la pubblica amministrazione e qualsiasi altro ente che tratta dati personali per conto del Titolare, secondo quanto esposto nella presente privacy policy.<\/p>\n<p><strong>Titolare del Trattamento<\/strong>. La persona fisica o giuridica, l&#8217;autorit\u00e0 pubblica, il servizio o altro organismo che, singolarmente o insieme ad altri, determina le finalit\u00e0 e i mezzi del trattamento di dati personali e gli strumenti adottati, ivi comprese le misure di sicurezza relative al funzionamento ed alla fruizione di questo sito web. Il Titolare del Trattamento, salvo quanto diversamente specificato, \u00e8 il Titolare di questo sito web.<\/p>\n<p><strong>Questo sito web<\/strong>. Lo strumento hardware o software mediante il quale sono raccolti e trattati i dati personali degli Utenti.<\/p>\n<p><strong>Servizio<\/strong>. Il servizio fornito da questo sito web cos\u00ec come definito nei relativi termini (se presenti) su questo sito\/applicazione.<\/p>\n<p><strong>Unione Europea<\/strong>. Salvo ove diversamente specificato, ogni riferimento all\u2019Unione Europea contenuto in questo documento si intende esteso a tutti gli attuali stati membri dell\u2019Unione Europea e dello Spazio Economico Europeo.<\/p>\n<p><strong>Cookie<\/strong>. Piccola porzione di dati conservata all&#8217;interno del dispositivo dell&#8217;utente.<\/p>\n<p><strong>Riferimenti legali.<\/strong> La presente informativa privacy \u00e8 redatta sulla base di molteplici ordinamenti legislativi, inclusi gli artt. 13 e 14 del Regolamento (UE) 2016\/679.<br \/>\nOve non diversamente specificato, questa informativa privacy riguarda esclusivamente questo sito web.[\/vc_column_text][\/vc_column][\/vc_row]<\/p>\n<\/div>","protected":false},"excerpt":{"rendered":"<p>[vc_row css=&#8221;.vc_custom_1709711368576{padding-top: 2em !important;}&#8221;][vc_column][vc_column_text]Questo sito web raccoglie alcuni dati personali dei propri utenti. Informativa ai sensi dell&#8217;art. 13 e 14 del GDPR (Reg. Ue 679\/2016 sul Trattamento dati personali) Ai sensi di legge ed in relazione ai Dati personali di cui Hotel La Perla srl, suoi collaboratori e personale entrer\u00e0 in possesso, La informiamo di [&hellip;]<\/p>\n","protected":false},"author":1,"featured_media":0,"parent":0,"menu_order":0,"comment_status":"closed","ping_status":"closed","template":"","meta":{"_acf_changed":false,"footnotes":""},"class_list":["post-1506","page","type-page","status-publish","hentry"],"acf":[],"yoast_head":"<!-- This site is optimized with the Yoast SEO plugin v27.5 - https:\/\/yoast.com\/product\/yoast-seo-wordpress\/ -->\n<title>Privacy Policy | Hotel La Posta | Val D&#039;Orcia | Toscana<\/title>\n<meta name=\"description\" content=\"Privacy Policy | Hotel La Posta | Val D&#039;Orcia | Toscana\" \/>\n<meta name=\"robots\" content=\"index, follow, max-snippet:-1, max-image-preview:large, max-video-preview:-1\" \/>\n<link rel=\"canonical\" href=\"https:\/\/www.lapostahotel.it\/it\/privacy-policy\/\" \/>\n<meta property=\"og:locale\" content=\"it_IT\" \/>\n<meta property=\"og:type\" content=\"article\" \/>\n<meta property=\"og:title\" content=\"Privacy Policy | Hotel La Posta | Val D&#039;Orcia | Toscana\" \/>\n<meta property=\"og:description\" content=\"Privacy Policy | Hotel La Posta | Val D&#039;Orcia | Toscana\" \/>\n<meta property=\"og:url\" content=\"https:\/\/www.lapostahotel.it\/it\/privacy-policy\/\" \/>\n<meta property=\"og:site_name\" content=\"La Posta Hotel\" \/>\n<meta property=\"article:publisher\" content=\"https:\/\/www.facebook.com\/albergopostamarcucci\" \/>\n<meta property=\"article:modified_time\" content=\"2024-03-06T07:49:54+00:00\" \/>\n<meta property=\"og:image\" content=\"https:\/\/www.lapostahotel.it\/wp-content\/uploads\/2025\/01\/la-posta-hotel-val-dorcia-toscana-social-1200x675-alt.jpg\" \/>\n\t<meta property=\"og:image:width\" content=\"1200\" \/>\n\t<meta property=\"og:image:height\" content=\"675\" \/>\n\t<meta property=\"og:image:type\" content=\"image\/jpeg\" \/>\n<meta name=\"twitter:card\" content=\"summary_large_image\" \/>\n<meta name=\"twitter:label1\" content=\"Tempo di lettura stimato\" \/>\n\t<meta name=\"twitter:data1\" content=\"9 minuti\" \/>\n<!-- \/ Yoast SEO plugin. -->","yoast_head_json":{"title":"Privacy Policy | Hotel La Posta | Val D'Orcia | Toscana","description":"Privacy Policy | Hotel La Posta | Val D'Orcia | Toscana","robots":{"index":"index","follow":"follow","max-snippet":"max-snippet:-1","max-image-preview":"max-image-preview:large","max-video-preview":"max-video-preview:-1"},"canonical":"https:\/\/www.lapostahotel.it\/it\/privacy-policy\/","og_locale":"it_IT","og_type":"article","og_title":"Privacy Policy | Hotel La Posta | Val D'Orcia | Toscana","og_description":"Privacy Policy | Hotel La Posta | Val D'Orcia | Toscana","og_url":"https:\/\/www.lapostahotel.it\/it\/privacy-policy\/","og_site_name":"La Posta Hotel","article_publisher":"https:\/\/www.facebook.com\/albergopostamarcucci","article_modified_time":"2024-03-06T07:49:54+00:00","og_image":[{"width":1200,"height":675,"url":"https:\/\/www.lapostahotel.it\/wp-content\/uploads\/2025\/01\/la-posta-hotel-val-dorcia-toscana-social-1200x675-alt.jpg","type":"image\/jpeg"}],"twitter_card":"summary_large_image","twitter_misc":{"Tempo di lettura stimato":"9 minuti"},"schema":{"@context":"https:\/\/schema.org","@graph":[{"@type":"WebPage","@id":"https:\/\/www.lapostahotel.it\/it\/privacy-policy\/","url":"https:\/\/www.lapostahotel.it\/it\/privacy-policy\/","name":"Privacy Policy | Hotel La Posta | Val D'Orcia | Toscana","isPartOf":{"@id":"https:\/\/www.lapostahotel.it\/it\/#website"},"datePublished":"2024-03-06T07:41:14+00:00","dateModified":"2024-03-06T07:49:54+00:00","description":"Privacy Policy | Hotel La Posta | Val D'Orcia | Toscana","breadcrumb":{"@id":"https:\/\/www.lapostahotel.it\/it\/privacy-policy\/#breadcrumb"},"inLanguage":"it-IT","potentialAction":[{"@type":"ReadAction","target":["https:\/\/www.lapostahotel.it\/it\/privacy-policy\/"]}]},{"@type":"BreadcrumbList","@id":"https:\/\/www.lapostahotel.it\/it\/privacy-policy\/#breadcrumb","itemListElement":[{"@type":"ListItem","position":1,"name":"Home","item":"https:\/\/www.lapostahotel.it\/it\/"},{"@type":"ListItem","position":2,"name":"Privacy Policy"}]},{"@type":"WebSite","@id":"https:\/\/www.lapostahotel.it\/it\/#website","url":"https:\/\/www.lapostahotel.it\/it\/","name":"La Posta","description":"Hotel &amp; Thermal spa","publisher":{"@id":"https:\/\/www.lapostahotel.it\/it\/#organization"},"alternateName":"Hotel La Posta","potentialAction":[{"@type":"SearchAction","target":{"@type":"EntryPoint","urlTemplate":"https:\/\/www.lapostahotel.it\/it\/?s={search_term_string}"},"query-input":{"@type":"PropertyValueSpecification","valueRequired":true,"valueName":"search_term_string"}}],"inLanguage":"it-IT"},{"@type":"Organization","@id":"https:\/\/www.lapostahotel.it\/it\/#organization","name":"La Posta","alternateName":"Hotel La Posta","url":"https:\/\/www.lapostahotel.it\/it\/","logo":{"@type":"ImageObject","inLanguage":"it-IT","@id":"https:\/\/www.lapostahotel.it\/it\/#\/schema\/logo\/image\/","url":"https:\/\/www.lapostahotel.it\/wp-content\/uploads\/2025\/01\/la-posta-hotel-val-dorcia-toscana-900x900-1.jpg","contentUrl":"https:\/\/www.lapostahotel.it\/wp-content\/uploads\/2025\/01\/la-posta-hotel-val-dorcia-toscana-900x900-1.jpg","width":900,"height":900,"caption":"La Posta"},"image":{"@id":"https:\/\/www.lapostahotel.it\/it\/#\/schema\/logo\/image\/"},"sameAs":["https:\/\/www.facebook.com\/albergopostamarcucci","https:\/\/www.instagram.com\/albergopostamarcucci\/"]}]}},"_links":{"self":[{"href":"https:\/\/www.lapostahotel.it\/it\/wp-json\/wp\/v2\/pages\/1506","targetHints":{"allow":["GET"]}}],"collection":[{"href":"https:\/\/www.lapostahotel.it\/it\/wp-json\/wp\/v2\/pages"}],"about":[{"href":"https:\/\/www.lapostahotel.it\/it\/wp-json\/wp\/v2\/types\/page"}],"author":[{"embeddable":true,"href":"https:\/\/www.lapostahotel.it\/it\/wp-json\/wp\/v2\/users\/1"}],"replies":[{"embeddable":true,"href":"https:\/\/www.lapostahotel.it\/it\/wp-json\/wp\/v2\/comments?post=1506"}],"version-history":[{"count":4,"href":"https:\/\/www.lapostahotel.it\/it\/wp-json\/wp\/v2\/pages\/1506\/revisions"}],"predecessor-version":[{"id":1510,"href":"https:\/\/www.lapostahotel.it\/it\/wp-json\/wp\/v2\/pages\/1506\/revisions\/1510"}],"wp:attachment":[{"href":"https:\/\/www.lapostahotel.it\/it\/wp-json\/wp\/v2\/media?parent=1506"}],"curies":[{"name":"wp","href":"https:\/\/api.w.org\/{rel}","templated":true}]}}