{"id":7604,"date":"2026-04-08T15:26:34","date_gmt":"2026-04-08T13:26:34","guid":{"rendered":"https:\/\/www.lapostahotel.it\/das-haus\/haeufig-gestellte-fragen\/"},"modified":"2026-04-14T11:26:31","modified_gmt":"2026-04-14T09:26:31","slug":"haeufig-gestellte-fragen","status":"publish","type":"page","link":"https:\/\/www.lapostahotel.it\/de\/das-haus\/haeufig-gestellte-fragen\/","title":{"rendered":"H\u00e4ufig gestellte Fragen"},"content":{"rendered":"<div class=\"wpb-content-wrapper\"><p>[vc_row full_width=&#8221;stretch_row_content_no_spaces&#8221; content_placement=&#8221;middle&#8221; css=&#8221;.vc_custom_1772200987385{padding-top: 6em !important;padding-bottom: 6em !important;background-image: url(https:\/\/www.lapostahotel.it\/wp-content\/uploads\/2026\/02\/0018_Posta-Marcucci-Seconda-Parte-II-scelta-18.jpg?id=6861) !important;background-position: center !important;background-repeat: no-repeat !important;background-size: cover !important;}&#8221;][vc_column width=&#8221;5\/6&#8243; el_class=&#8221;white-bg-deco green-border-deco shadow p-4&#8243; offset=&#8221;vc_col-lg-offset-3 vc_col-lg-6 vc_col-md-offset-2 vc_col-md-8 vc_col-sm-offset-1 vc_col-xs-offset-1 vc_col-xs-10&#8243;]<h1 class=\"deco-title centro with-subtitle\"><span>Hotel La Posta<br><mark>H\u00e4ufig gestellte Fragen<\/mark><\/span><\/h1>[vc_column_text css=&#8221;&#8221; el_class=&#8221;text-big text-center&#8221;]Hier finden Sie die am h\u00e4ufigsten gestellten Fragen von G\u00e4sten des Hotel La Posta. Sollten Sie weitere Fragen haben oder Ihre Frage hier nicht beantwortet werden, z\u00f6gern Sie bitte nicht, uns zu kontaktieren.[\/vc_column_text]<div class=\"button-wrapper centro\">\n\t\t\t\t<button type=\"button\" data-target=\"cta-modal-69dedc017aa12\" data-unique=\"69dedc017aa12\" data-label=\"Kontaktieren Sie uns\" data-form=\"9\" class=\"btn btn-default ajax-modal\" title=\"Kontaktieren Sie uns\">Kontaktieren Sie uns <i class=\"fas fa-envelope\"><\/i><\/button>\n\t\t\t<\/div>[\/vc_column][\/vc_row][vc_row css=&#8221;.vc_custom_1775654784530{padding-top: 4em !important;padding-bottom: 4em !important;}&#8221;][vc_column][vc_tta_accordion section_title_tag=&#8221;h3&#8243; style=&#8221;flat&#8221; spacing=&#8221;15&#8243; c_icon=&#8221;&#8221; active_section=&#8221;1&#8243; css_animation=&#8221;appear&#8221; no_fill=&#8221;true&#8221; collapsible_all=&#8221;true&#8221; title=&#8221;H\u00e4ufig gestellte Fragen&#8221;][vc_tta_section title=&#8221;Wo befindet sich das Hotel La Posta?&#8221; tab_id=&#8221;1775654729236-0e826cac-091b&#8221;][vc_column_text css=&#8221;&#8221;]Das Hotel La Posta befindet sich in Bagno Vignoni, im Herzen des Val d\u2019Orcia, einem UNESCO-Weltkulturerbe. Ein einzigartiges Reiseziel, in dem Natur, Geschichte und Wohlbefinden in einer zeitlosen Landschaft aufeinandertreffen.[\/vc_column_text][\/vc_tta_section][vc_tta_section title=&#8221;Verf\u00fcgt das Hotel \u00fcber Parkm\u00f6glichkeiten?&#8221; tab_id=&#8221;1775654729254-2c53d87d-dac4&#8243;][vc_column_text css=&#8221;&#8221;]Ja, unseren G\u00e4sten steht ein privater Parkplatz zur Verf\u00fcgung.[\/vc_column_text][\/vc_tta_section][vc_tta_section title=&#8221;Sind Hunde und Katzen im Hotel erlaubt?&#8221; tab_id=&#8221;1775654729271-a30f6a1b-527b&#8221;][vc_column_text css=&#8221;&#8221;]<strong>Ja, Hunde und Katzen sind bei uns willkommen.<\/strong> Wir bitten Sie, uns dies bereits bei der Buchung mitzuteilen, um allen G\u00e4sten einen angenehmen Aufenthalt zu gew\u00e4hrleisten.[\/vc_column_text][\/vc_tta_section][vc_tta_section title=&#8221;Wann sind Check-in und Check-out?&#8221; tab_id=&#8221;1775654729290-d9bd843a-e7bb&#8221;][vc_column_text css=&#8221;&#8221;]Der Check-in ist ab 15:00 Uhr m\u00f6glich, der Check-out erfolgt bis 11:00 Uhr. Bei besonderen W\u00fcnschen kontaktieren Sie uns gerne \u2013 wir bem\u00fchen uns, Ihre Anforderungen bestm\u00f6glich zu erf\u00fcllen.[\/vc_column_text][\/vc_tta_section][vc_tta_section title=&#8221;Ist der Zugang zu den Thermalbecken im Aufenthalt inbegriffen?&#8221; tab_id=&#8221;1775654729306-6a865a63-56e3&#8243;][vc_column_text css=&#8221;&#8221;]Der Zugang zu den Thermalbecken ist f\u00fcr Hotelg\u00e4ste gem\u00e4\u00df den Buchungsbedingungen inbegriffen.[\/vc_column_text][\/vc_tta_section][vc_tta_section title=&#8221;Wie sind die \u00d6ffnungszeiten des Spas und der Thermalbecken?&#8221; tab_id=&#8221;1775654729325-ee5c3ebe-4cc4&#8243;][vc_column_text css=&#8221;&#8221;]Der Zugang zu unseren Thermalbecken ist f\u00fcr Hausg\u00e4ste von 7:30 bis 20:00 Uhr und f\u00fcr externe G\u00e4ste von 9:30 bis 18:00 Uhr m\u00f6glich. Bitte beachten Sie, dass die Becken donnerstags w\u00f6chentlich gereinigt werden.<br \/>\nDer Innenbereich des Spas ist f\u00fcr Hausg\u00e4ste ebenfalls von 7:30 bis 20:00 Uhr und f\u00fcr externe G\u00e4ste von 9:30 bis 18:00 Uhr ge\u00f6ffnet.[\/vc_column_text][\/vc_tta_section][vc_tta_section title=&#8221;Ist es notwendig, Behandlungen im Voraus zu buchen?&#8221; tab_id=&#8221;1775654729345-ccb7d2c4-db29&#8243;][vc_column_text css=&#8221;&#8221;]Wir empfehlen, Behandlungen im Voraus zu buchen, um die gew\u00fcnschte Verf\u00fcgbarkeit sicherzustellen und Ihr Wellness-Erlebnis in vollen Z\u00fcgen zu genie\u00dfen.[\/vc_column_text][\/vc_tta_section][vc_tta_section title=&#8221;Sind die Thermalbecken auch f\u00fcr externe G\u00e4ste zug\u00e4nglich?&#8221; tab_id=&#8221;1775654729359-20a80850-6546&#8243;][vc_column_text css=&#8221;&#8221;]Ja, die Thermalbecken stehen auch externen G\u00e4sten zur Verf\u00fcgung. Alle Informationen zu den Zugangsm\u00f6glichkeiten finden Sie auf <a href=\"https:\/\/www.lapostahotel.it\/de\/therme-und-spa\/day-spa\/\">unserer Website<\/a>.[\/vc_column_text][\/vc_tta_section][vc_tta_section title=&#8221;Ist der Zugang zu den Thermalbecken w\u00e4hrend der Schwangerschaft m\u00f6glich?&#8221; tab_id=&#8221;1775654729377-63bb9f2a-0643&#8243;][vc_column_text css=&#8221;&#8221;]Grunds\u00e4tzlich wird die Nutzung in den ersten und letzten drei Monaten der Schwangerschaft nicht empfohlen. Wir raten stets dazu, vorab den eigenen Arzt zu konsultieren, um die Erfahrung in voller Sicherheit zu genie\u00dfen.[\/vc_column_text][\/vc_tta_section][vc_tta_section title=&#8221;Gibt es Wellness-Pakete?&#8221; tab_id=&#8221;1775654729397-38199d77-97c3&#8243;][vc_column_text css=&#8221;&#8221;]Ja, wir bieten verschiedene Wellness-Erlebnisse und Pakete an, die Aufenthalt, Entspannung und die Entdeckung der Region miteinander verbinden. Weitere Informationen finden Sie auf <strong><a href=\"https:\/\/www.lapostahotel.it\/de\/exklusive-angebote\/\">unserer Website<\/a><\/strong>.[\/vc_column_text][\/vc_tta_section][vc_tta_section title=&#8221;Ist das Restaurant\/Bar auch f\u00fcr externe G\u00e4ste ge\u00f6ffnet?&#8221; tab_id=&#8221;1775654729417-4c6b49cf-ce6b&#8221;][vc_column_text css=&#8221;&#8221;]Ja, das Restaurant empf\u00e4ngt auch externe G\u00e4ste nach vorheriger Reservierung. Eine Gelegenheit, unsere K\u00fcche kennenzulernen, die von den Aromen des Val d\u2019Orcia inspiriert ist.<br \/>\n\u00d6ffnungszeiten: Mittagessen von 12:30 bis 14:00 Uhr, Abendessen von 19:30 bis 21:00 Uhr.[\/vc_column_text][\/vc_tta_section][vc_tta_section title=&#8221;K\u00f6nnen Geschenkgutscheine erworben werden?&#8221; tab_id=&#8221;1775654729437-b77675dd-14f8&#8243;][vc_column_text css=&#8221;&#8221;]Ja, personalisierte <a href=\"https:\/\/www.lapostahotel.it\/de\/gutscheine\/\">Geschenkgutscheine<\/a> f\u00fcr Aufenthalte, Erlebnisse oder Behandlungen sind erh\u00e4ltlich. Eine besondere Idee, um die Erfahrung von La Posta zu verschenken.[\/vc_column_text][\/vc_tta_section][vc_tta_section title=&#8221;Bietet das Hotel Services f\u00fcr besondere Anl\u00e4sse (Jubil\u00e4en, Flitterwochen, Feiern etc.) an?&#8221; tab_id=&#8221;1775654729459-032d56e7-51ce&#8221;][vc_column_text css=&#8221;&#8221;]Ja, wir gestalten individuelle Erlebnisse, um besondere Momente wie Jubil\u00e4en, Flitterwochen oder andere Anl\u00e4sse zu feiern. Unser Team unterst\u00fctzt Sie gerne dabei, jeden Moment unvergesslich zu machen.[\/vc_column_text][\/vc_tta_section][vc_tta_section title=&#8221;Ist es m\u00f6glich, den Aufenthalt mit Wein- oder Oliven\u00f6lverkostungen zu bereichern?&#8221; tab_id=&#8221;1775654729479-1a65c00c-fbea&#8221;][vc_column_text css=&#8221;&#8221;]Ja, Sie k\u00f6nnen Ihren Aufenthalt mit <a href=\"https:\/\/www.lapostahotel.it\/de\/erfahrungen\/drinnen\/\">Erlebnissen<\/a> rund um die Aromen der Region bereichern, wie etwa Wein- oder Oliven\u00f6lverkostungen. Diese sind auf Anfrage und nach Reservierung verf\u00fcgbar.[\/vc_column_text][\/vc_tta_section][vc_tta_section title=&#8221;Sind Yogastunden im Aufenthalt inbegriffen?&#8221; tab_id=&#8221;1775654729502-04f0b467-014c&#8221;][vc_column_text css=&#8221;&#8221;]Ja, Yogastunden sind im Aufenthalt inbegriffen und finden zweimal pro Woche statt: dienstags um 8:00 Uhr und samstags um 8:30 Uhr \u2013 Momente ganz im Zeichen von Wohlbefinden und innerer Balance.[\/vc_column_text][\/vc_tta_section][vc_tta_section title=&#8221;Gibt es ein Fitnessstudio?&#8221; tab_id=&#8221;1775654729519-626f4caf-49c7&#8243;][vc_column_text css=&#8221;&#8221;]Ja, das Hotel verf\u00fcgt \u00fcber ein ausgestattetes Fitnessstudio, ideal, um Ihre Routine auch w\u00e4hrend des Aufenthalts beizubehalten. T\u00e4glich ge\u00f6ffnet von 7:30 bis 20:00 Uhr.[\/vc_column_text][\/vc_tta_section][vc_tta_section title=&#8221;Sind Kinder im Hotel erlaubt?&#8221; tab_id=&#8221;1775654729539-f0e308ce-b3f2&#8243;][vc_column_text css=&#8221;&#8221;]Das Hotel empf\u00e4ngt G\u00e4ste ab 14 Jahren. Diese Wahl garantiert eine ruhige, entspannte Atmosph\u00e4re im Einklang mit dem angebotenen Erlebnis.[\/vc_column_text][\/vc_tta_section][vc_tta_section title=&#8221;Gibt es einen sicheren Abstellraum f\u00fcr Fahrr\u00e4der?&#8221; tab_id=&#8221;1775654729562-57d3a2c3-33b9&#8243;][vc_column_text css=&#8221;&#8221;]Ja, das Hotel verf\u00fcgt \u00fcber einen speziellen Fahrradraum \u2013 einen sicheren, abgeschlossenen Bereich. Der Zugang wird von unserem Front Office Team verwaltet, um maximale Sicherheit w\u00e4hrend Ihres Aufenthalts zu gew\u00e4hrleisten.[\/vc_column_text][\/vc_tta_section][\/vc_tta_accordion][\/vc_column][\/vc_row]<\/p>\n<\/div>","protected":false},"excerpt":{"rendered":"<p>[vc_row full_width=&#8221;stretch_row_content_no_spaces&#8221; content_placement=&#8221;middle&#8221; css=&#8221;.vc_custom_1772200987385{padding-top: 6em !important;padding-bottom: 6em !important;background-image: url(https:\/\/www.lapostahotel.it\/wp-content\/uploads\/2026\/02\/0018_Posta-Marcucci-Seconda-Parte-II-scelta-18.jpg?id=6861) !important;background-position: center !important;background-repeat: no-repeat !important;background-size: cover !important;}&#8221;][vc_column width=&#8221;5\/6&#8243; el_class=&#8221;white-bg-deco green-border-deco shadow p-4&#8243; offset=&#8221;vc_col-lg-offset-3 vc_col-lg-6 vc_col-md-offset-2 vc_col-md-8 vc_col-sm-offset-1 vc_col-xs-offset-1 vc_col-xs-10&#8243;][vc_column_text css=&#8221;&#8221; el_class=&#8221;text-big text-center&#8221;]Hier finden Sie die am h\u00e4ufigsten gestellten Fragen von G\u00e4sten des Hotel La Posta. Sollten Sie weitere Fragen haben oder Ihre Frage hier nicht beantwortet [&hellip;]<\/p>\n","protected":false},"author":1,"featured_media":0,"parent":1592,"menu_order":0,"comment_status":"closed","ping_status":"closed","template":"","meta":{"_acf_changed":false,"footnotes":""},"class_list":["post-7604","page","type-page","status-publish","hentry"],"acf":[],"yoast_head":"<!-- This site is optimized with the Yoast SEO plugin v27.3 - https:\/\/yoast.com\/product\/yoast-seo-wordpress\/ -->\n<title>H\u00e4ufig gestellte Fragen | Hotel La Posta | Val D&#039;Orcia | Toscana<\/title>\n<meta name=\"description\" content=\"H\u00e4ufig gestellte Fragen | Hotel La Posta | Val D&#039;Orcia | Toscana\" \/>\n<meta name=\"robots\" content=\"index, follow, max-snippet:-1, max-image-preview:large, max-video-preview:-1\" \/>\n<link rel=\"canonical\" href=\"https:\/\/www.lapostahotel.it\/de\/das-haus\/haeufig-gestellte-fragen\/\" \/>\n<meta property=\"og:locale\" content=\"de_DE\" \/>\n<meta property=\"og:type\" content=\"article\" \/>\n<meta property=\"og:title\" content=\"H\u00e4ufig gestellte Fragen | Hotel La Posta | Val D&#039;Orcia | Toscana\" \/>\n<meta property=\"og:description\" content=\"H\u00e4ufig gestellte Fragen | Hotel La Posta | Val D&#039;Orcia | Toscana\" \/>\n<meta property=\"og:url\" content=\"https:\/\/www.lapostahotel.it\/de\/das-haus\/haeufig-gestellte-fragen\/\" \/>\n<meta property=\"og:site_name\" content=\"La Posta Hotel\" \/>\n<meta property=\"article:publisher\" content=\"https:\/\/www.facebook.com\/albergopostamarcucci\" \/>\n<meta property=\"article:modified_time\" content=\"2026-04-14T09:26:31+00:00\" \/>\n<meta property=\"og:image\" content=\"https:\/\/www.lapostahotel.it\/wp-content\/uploads\/2025\/01\/la-posta-hotel-val-dorcia-toscana-social-1200x675-alt.jpg\" \/>\n\t<meta property=\"og:image:width\" content=\"1200\" \/>\n\t<meta property=\"og:image:height\" content=\"675\" \/>\n\t<meta property=\"og:image:type\" content=\"image\/jpeg\" \/>\n<meta name=\"twitter:card\" content=\"summary_large_image\" \/>\n<meta name=\"twitter:label1\" content=\"Gesch\u00e4tzte Lesezeit\" \/>\n\t<meta name=\"twitter:data1\" content=\"6\u00a0Minuten\" \/>\n<!-- \/ Yoast SEO plugin. -->","yoast_head_json":{"title":"H\u00e4ufig gestellte Fragen | Hotel La Posta | Val D'Orcia | Toscana","description":"H\u00e4ufig gestellte Fragen | Hotel La Posta | Val D'Orcia | Toscana","robots":{"index":"index","follow":"follow","max-snippet":"max-snippet:-1","max-image-preview":"max-image-preview:large","max-video-preview":"max-video-preview:-1"},"canonical":"https:\/\/www.lapostahotel.it\/de\/das-haus\/haeufig-gestellte-fragen\/","og_locale":"de_DE","og_type":"article","og_title":"H\u00e4ufig gestellte Fragen | Hotel La Posta | Val D'Orcia | Toscana","og_description":"H\u00e4ufig gestellte Fragen | Hotel La Posta | Val D'Orcia | Toscana","og_url":"https:\/\/www.lapostahotel.it\/de\/das-haus\/haeufig-gestellte-fragen\/","og_site_name":"La Posta Hotel","article_publisher":"https:\/\/www.facebook.com\/albergopostamarcucci","article_modified_time":"2026-04-14T09:26:31+00:00","og_image":[{"width":1200,"height":675,"url":"https:\/\/www.lapostahotel.it\/wp-content\/uploads\/2025\/01\/la-posta-hotel-val-dorcia-toscana-social-1200x675-alt.jpg","type":"image\/jpeg"}],"twitter_card":"summary_large_image","twitter_misc":{"Gesch\u00e4tzte Lesezeit":"6\u00a0Minuten"},"schema":{"@context":"https:\/\/schema.org","@graph":[{"@type":"WebPage","@id":"https:\/\/www.lapostahotel.it\/de\/das-haus\/haeufig-gestellte-fragen\/","url":"https:\/\/www.lapostahotel.it\/de\/das-haus\/haeufig-gestellte-fragen\/","name":"H\u00e4ufig gestellte Fragen | Hotel La Posta | Val D'Orcia | Toscana","isPartOf":{"@id":"https:\/\/www.lapostahotel.it\/de\/#website"},"datePublished":"2026-04-08T13:26:34+00:00","dateModified":"2026-04-14T09:26:31+00:00","description":"H\u00e4ufig gestellte Fragen | Hotel La Posta | Val D'Orcia | Toscana","breadcrumb":{"@id":"https:\/\/www.lapostahotel.it\/de\/das-haus\/haeufig-gestellte-fragen\/#breadcrumb"},"inLanguage":"de","potentialAction":[{"@type":"ReadAction","target":["https:\/\/www.lapostahotel.it\/de\/das-haus\/haeufig-gestellte-fragen\/"]}]},{"@type":"BreadcrumbList","@id":"https:\/\/www.lapostahotel.it\/de\/das-haus\/haeufig-gestellte-fragen\/#breadcrumb","itemListElement":[{"@type":"ListItem","position":1,"name":"Home","item":"https:\/\/www.lapostahotel.it\/de\/"},{"@type":"ListItem","position":2,"name":"Das Haus","item":"https:\/\/www.lapostahotel.it\/de\/das-haus\/"},{"@type":"ListItem","position":3,"name":"H\u00e4ufig gestellte Fragen"}]},{"@type":"WebSite","@id":"https:\/\/www.lapostahotel.it\/de\/#website","url":"https:\/\/www.lapostahotel.it\/de\/","name":"La Posta","description":"Hotel &amp; Thermal spa","publisher":{"@id":"https:\/\/www.lapostahotel.it\/de\/#organization"},"alternateName":"Hotel La Posta","potentialAction":[{"@type":"SearchAction","target":{"@type":"EntryPoint","urlTemplate":"https:\/\/www.lapostahotel.it\/de\/?s={search_term_string}"},"query-input":{"@type":"PropertyValueSpecification","valueRequired":true,"valueName":"search_term_string"}}],"inLanguage":"de"},{"@type":"Organization","@id":"https:\/\/www.lapostahotel.it\/de\/#organization","name":"La Posta","alternateName":"Hotel La Posta","url":"https:\/\/www.lapostahotel.it\/de\/","logo":{"@type":"ImageObject","inLanguage":"de","@id":"https:\/\/www.lapostahotel.it\/de\/#\/schema\/logo\/image\/","url":"https:\/\/www.lapostahotel.it\/wp-content\/uploads\/2025\/01\/la-posta-hotel-val-dorcia-toscana-900x900-1.jpg","contentUrl":"https:\/\/www.lapostahotel.it\/wp-content\/uploads\/2025\/01\/la-posta-hotel-val-dorcia-toscana-900x900-1.jpg","width":900,"height":900,"caption":"La Posta"},"image":{"@id":"https:\/\/www.lapostahotel.it\/de\/#\/schema\/logo\/image\/"},"sameAs":["https:\/\/www.facebook.com\/albergopostamarcucci","https:\/\/www.instagram.com\/albergopostamarcucci\/"]}]}},"_links":{"self":[{"href":"https:\/\/www.lapostahotel.it\/de\/wp-json\/wp\/v2\/pages\/7604","targetHints":{"allow":["GET"]}}],"collection":[{"href":"https:\/\/www.lapostahotel.it\/de\/wp-json\/wp\/v2\/pages"}],"about":[{"href":"https:\/\/www.lapostahotel.it\/de\/wp-json\/wp\/v2\/types\/page"}],"author":[{"embeddable":true,"href":"https:\/\/www.lapostahotel.it\/de\/wp-json\/wp\/v2\/users\/1"}],"replies":[{"embeddable":true,"href":"https:\/\/www.lapostahotel.it\/de\/wp-json\/wp\/v2\/comments?post=7604"}],"version-history":[{"count":9,"href":"https:\/\/www.lapostahotel.it\/de\/wp-json\/wp\/v2\/pages\/7604\/revisions"}],"predecessor-version":[{"id":7653,"href":"https:\/\/www.lapostahotel.it\/de\/wp-json\/wp\/v2\/pages\/7604\/revisions\/7653"}],"up":[{"embeddable":true,"href":"https:\/\/www.lapostahotel.it\/de\/wp-json\/wp\/v2\/pages\/1592"}],"wp:attachment":[{"href":"https:\/\/www.lapostahotel.it\/de\/wp-json\/wp\/v2\/media?parent=7604"}],"curies":[{"name":"wp","href":"https:\/\/api.w.org\/{rel}","templated":true}]}}