{"id":7570,"date":"2026-04-07T15:02:45","date_gmt":"2026-04-07T13:02:45","guid":{"rendered":"https:\/\/www.lapostahotel.it\/presserezension\/"},"modified":"2026-04-08T16:10:17","modified_gmt":"2026-04-08T14:10:17","slug":"presserezension","status":"publish","type":"page","link":"https:\/\/www.lapostahotel.it\/de\/presserezension\/","title":{"rendered":"Presserezension"},"content":{"rendered":"<div class=\"wpb-content-wrapper\"><p>[vc_row content_placement=&#8221;middle&#8221; css=&#8221;.vc_custom_1775568960015{padding-top: 6em !important;}&#8221;][vc_column]<h1 class=\"deco-title sinistra\"><span class=\"deco-eylet\">Presserezension<\/span><span>Presse und PR<\/span><\/h1>[vc_column_text css=&#8221;&#8221; el_class=&#8221;text-big&#8221;]Dieser Bereich enth\u00e4lt Ver\u00f6ffentlichungen zum Hotel La Posta: Artikel, Zitate und aktuelle Neuigkeiten.<br \/>\nF\u00fcr weitere Informationen und Pressematerialien wenden Sie sich bitte an unsere Pressestelle.[\/vc_column_text][\/vc_column][\/vc_row][vc_row content_placement=&#8221;middle&#8221; css=&#8221;.vc_custom_1775568967278{padding-top: 2em !important;padding-bottom: 4em !important;}&#8221;][vc_column width=&#8221;1\/2&#8243;][vc_column_text css=&#8221;&#8221; el_class=&#8221;text-big&#8221;]<\/p>\n<h3>Pressestelle<\/h3>\n<p>Via Ara Urcea 43 53027 &#8211; Bagno Vignoni, Siena<br \/>\nMarlene Zanotti &#8211; <a href=\"mailto:marlene@casacosta1956.it\">marlene@casacosta1956.it<\/a><br \/>\n+39 0577 887 112[\/vc_column_text]<div class=\"button-wrapper sinistra\">\n\t\t\t\t<button type=\"button\" data-target=\"cta-modal-69d6e3f3afb04\" data-unique=\"69d6e3f3afb04\" data-label=\"Kontaktieren Sie uns\" data-form=\"9\" class=\"btn btn-default ajax-modal\" title=\"Kontaktieren Sie uns\">Kontaktieren Sie uns <i class=\"fas fa-envelope\"><\/i><\/button>\n\t\t\t<\/div>[\/vc_column][vc_column width=&#8221;1\/2&#8243;][vc_column_text css=&#8221;&#8221;]<\/p>\n<h3>Presserezension<\/h3>\n<ul>\n<li>05\/02\/2025 <strong>The Independent<\/strong> UK &#8211; <a href=\"https:\/\/www.independent.co.uk\/travel\/europe\/italy\/posta-marcucci-hotel-review-tuscany-b2665269.html\" target=\"_blank\" rel=\"noopener\"><em>Hotel La Posta, Tuscany hotel review<\/em><\/a><\/li>\n<li>17\/05\/2025 <strong>The Times<\/strong> USA &#8211; <a href=\"https:\/\/www.thetimes.com\/travel\/destinations\/europe-travel\/italy\/tuscany\/this-spa-in-the-tuscan-hills-is-perfect-for-a-classy-girls-trip-j9w0zmjkj\" target=\"_blank\" rel=\"noopener\"><em>This spa in the Tuscan hills is perfect for a classy girls\u2019 trip<\/em><\/a><\/li>\n<li>29\/05\/2025 <strong>Curavista<\/strong> USA &#8211; <a href=\"https:\/\/www.curavistamag.com\/blog\/la-posta-hotel-a-timeless-tuscan-retreat-in-the-heart-of-val-dorcia\" target=\"_blank\" rel=\"noopener\"><em>La Posta Hotel: A Timeless Tuscan Retreat in the Heart of Val d&#8217;Orcia<\/em><\/a><\/li>\n<li>07\/07\/2025 <strong>Travel Curator<\/strong> USA &#8211; <a href=\"https:\/\/travelcurator.com\/hotels-resorts\/soaking-in-tuscany-at-la-posta-hotel\/\" target=\"_blank\" rel=\"noopener\"><em>Soaking in the Healing Waters of Tuscany\u2019s Bagno Vignoni<\/em><\/a><\/li>\n<li>26\/03\/2026 <strong>Wellness &amp; World<\/strong> UK &#8211; <em>&#8220;<a href=\"https:\/\/www.lapostahotel.it\/wp-content\/uploads\/2026\/04\/La-Posta-Wine-Wellness.pdf\">Wine &amp; Wellness in LA POSTA<\/a>&#8220;<\/em><\/li>\n<\/ul>\n<p>[\/vc_column_text][\/vc_column][\/vc_row]<\/p>\n<\/div>","protected":false},"excerpt":{"rendered":"<p>[vc_row content_placement=&#8221;middle&#8221; css=&#8221;.vc_custom_1775568960015{padding-top: 6em !important;}&#8221;][vc_column][vc_column_text css=&#8221;&#8221; el_class=&#8221;text-big&#8221;]Dieser Bereich enth\u00e4lt Ver\u00f6ffentlichungen zum Hotel La Posta: Artikel, Zitate und aktuelle Neuigkeiten. F\u00fcr weitere Informationen und Pressematerialien wenden Sie sich bitte an unsere Pressestelle.[\/vc_column_text][\/vc_column][\/vc_row][vc_row content_placement=&#8221;middle&#8221; css=&#8221;.vc_custom_1775568967278{padding-top: 2em !important;padding-bottom: 4em !important;}&#8221;][vc_column width=&#8221;1\/2&#8243;][vc_column_text css=&#8221;&#8221; el_class=&#8221;text-big&#8221;] Pressestelle Via Ara Urcea 43 53027 &#8211; Bagno Vignoni, Siena Marlene Zanotti &#8211; marlene@casacosta1956.it +39 [&hellip;]<\/p>\n","protected":false},"author":1,"featured_media":0,"parent":0,"menu_order":0,"comment_status":"closed","ping_status":"closed","template":"","meta":{"_acf_changed":false,"footnotes":""},"class_list":["post-7570","page","type-page","status-publish","hentry"],"acf":[],"yoast_head":"<!-- This site is optimized with the Yoast SEO plugin v27.3 - https:\/\/yoast.com\/product\/yoast-seo-wordpress\/ -->\n<title>Presserezension | Hotel La Posta | Val D&#039;Orcia | Toscana<\/title>\n<meta name=\"description\" content=\"Presserezension | Hotel La Posta | Val D&#039;Orcia | Toscana\" \/>\n<meta name=\"robots\" content=\"index, follow, max-snippet:-1, max-image-preview:large, max-video-preview:-1\" \/>\n<link rel=\"canonical\" href=\"https:\/\/www.lapostahotel.it\/de\/presserezension\/\" \/>\n<meta property=\"og:locale\" content=\"de_DE\" \/>\n<meta property=\"og:type\" content=\"article\" \/>\n<meta property=\"og:title\" content=\"Presserezension | Hotel La Posta | Val D&#039;Orcia | Toscana\" \/>\n<meta property=\"og:description\" content=\"Presserezension | Hotel La Posta | Val D&#039;Orcia | Toscana\" \/>\n<meta property=\"og:url\" content=\"https:\/\/www.lapostahotel.it\/de\/presserezension\/\" \/>\n<meta property=\"og:site_name\" content=\"La Posta Hotel\" \/>\n<meta property=\"article:publisher\" content=\"https:\/\/www.facebook.com\/albergopostamarcucci\" \/>\n<meta property=\"article:modified_time\" content=\"2026-04-08T14:10:17+00:00\" \/>\n<meta property=\"og:image\" content=\"https:\/\/www.lapostahotel.it\/wp-content\/uploads\/2025\/01\/la-posta-hotel-val-dorcia-toscana-social-1200x675-alt.jpg\" \/>\n\t<meta property=\"og:image:width\" content=\"1200\" \/>\n\t<meta property=\"og:image:height\" content=\"675\" \/>\n\t<meta property=\"og:image:type\" content=\"image\/jpeg\" \/>\n<meta name=\"twitter:card\" content=\"summary_large_image\" \/>\n<meta name=\"twitter:label1\" content=\"Gesch\u00e4tzte Lesezeit\" \/>\n\t<meta name=\"twitter:data1\" content=\"1\u00a0Minute\" \/>\n<!-- \/ Yoast SEO plugin. -->","yoast_head_json":{"title":"Presserezension | Hotel La Posta | Val D'Orcia | Toscana","description":"Presserezension | Hotel La Posta | Val D'Orcia | Toscana","robots":{"index":"index","follow":"follow","max-snippet":"max-snippet:-1","max-image-preview":"max-image-preview:large","max-video-preview":"max-video-preview:-1"},"canonical":"https:\/\/www.lapostahotel.it\/de\/presserezension\/","og_locale":"de_DE","og_type":"article","og_title":"Presserezension | Hotel La Posta | Val D'Orcia | Toscana","og_description":"Presserezension | Hotel La Posta | Val D'Orcia | Toscana","og_url":"https:\/\/www.lapostahotel.it\/de\/presserezension\/","og_site_name":"La Posta Hotel","article_publisher":"https:\/\/www.facebook.com\/albergopostamarcucci","article_modified_time":"2026-04-08T14:10:17+00:00","og_image":[{"width":1200,"height":675,"url":"https:\/\/www.lapostahotel.it\/wp-content\/uploads\/2025\/01\/la-posta-hotel-val-dorcia-toscana-social-1200x675-alt.jpg","type":"image\/jpeg"}],"twitter_card":"summary_large_image","twitter_misc":{"Gesch\u00e4tzte Lesezeit":"1\u00a0Minute"},"schema":{"@context":"https:\/\/schema.org","@graph":[{"@type":"WebPage","@id":"https:\/\/www.lapostahotel.it\/de\/presserezension\/","url":"https:\/\/www.lapostahotel.it\/de\/presserezension\/","name":"Presserezension | Hotel La Posta | Val D'Orcia | Toscana","isPartOf":{"@id":"https:\/\/www.lapostahotel.it\/de\/#website"},"datePublished":"2026-04-07T13:02:45+00:00","dateModified":"2026-04-08T14:10:17+00:00","description":"Presserezension | Hotel La Posta | Val D'Orcia | Toscana","breadcrumb":{"@id":"https:\/\/www.lapostahotel.it\/de\/presserezension\/#breadcrumb"},"inLanguage":"de","potentialAction":[{"@type":"ReadAction","target":["https:\/\/www.lapostahotel.it\/de\/presserezension\/"]}]},{"@type":"BreadcrumbList","@id":"https:\/\/www.lapostahotel.it\/de\/presserezension\/#breadcrumb","itemListElement":[{"@type":"ListItem","position":1,"name":"Home","item":"https:\/\/www.lapostahotel.it\/de\/"},{"@type":"ListItem","position":2,"name":"Presserezension"}]},{"@type":"WebSite","@id":"https:\/\/www.lapostahotel.it\/de\/#website","url":"https:\/\/www.lapostahotel.it\/de\/","name":"La Posta","description":"Hotel &amp; Thermal spa","publisher":{"@id":"https:\/\/www.lapostahotel.it\/de\/#organization"},"alternateName":"Hotel La Posta","potentialAction":[{"@type":"SearchAction","target":{"@type":"EntryPoint","urlTemplate":"https:\/\/www.lapostahotel.it\/de\/?s={search_term_string}"},"query-input":{"@type":"PropertyValueSpecification","valueRequired":true,"valueName":"search_term_string"}}],"inLanguage":"de"},{"@type":"Organization","@id":"https:\/\/www.lapostahotel.it\/de\/#organization","name":"La Posta","alternateName":"Hotel La Posta","url":"https:\/\/www.lapostahotel.it\/de\/","logo":{"@type":"ImageObject","inLanguage":"de","@id":"https:\/\/www.lapostahotel.it\/de\/#\/schema\/logo\/image\/","url":"https:\/\/www.lapostahotel.it\/wp-content\/uploads\/2025\/01\/la-posta-hotel-val-dorcia-toscana-900x900-1.jpg","contentUrl":"https:\/\/www.lapostahotel.it\/wp-content\/uploads\/2025\/01\/la-posta-hotel-val-dorcia-toscana-900x900-1.jpg","width":900,"height":900,"caption":"La Posta"},"image":{"@id":"https:\/\/www.lapostahotel.it\/de\/#\/schema\/logo\/image\/"},"sameAs":["https:\/\/www.facebook.com\/albergopostamarcucci","https:\/\/www.instagram.com\/albergopostamarcucci\/"]}]}},"_links":{"self":[{"href":"https:\/\/www.lapostahotel.it\/de\/wp-json\/wp\/v2\/pages\/7570","targetHints":{"allow":["GET"]}}],"collection":[{"href":"https:\/\/www.lapostahotel.it\/de\/wp-json\/wp\/v2\/pages"}],"about":[{"href":"https:\/\/www.lapostahotel.it\/de\/wp-json\/wp\/v2\/types\/page"}],"author":[{"embeddable":true,"href":"https:\/\/www.lapostahotel.it\/de\/wp-json\/wp\/v2\/users\/1"}],"replies":[{"embeddable":true,"href":"https:\/\/www.lapostahotel.it\/de\/wp-json\/wp\/v2\/comments?post=7570"}],"version-history":[{"count":3,"href":"https:\/\/www.lapostahotel.it\/de\/wp-json\/wp\/v2\/pages\/7570\/revisions"}],"predecessor-version":[{"id":7598,"href":"https:\/\/www.lapostahotel.it\/de\/wp-json\/wp\/v2\/pages\/7570\/revisions\/7598"}],"wp:attachment":[{"href":"https:\/\/www.lapostahotel.it\/de\/wp-json\/wp\/v2\/media?parent=7570"}],"curies":[{"name":"wp","href":"https:\/\/api.w.org\/{rel}","templated":true}]}}