{"id":6601,"date":"2026-01-26T17:07:27","date_gmt":"2026-01-26T16:07:27","guid":{"rendered":"https:\/\/www.lapostahotel.it\/besondere-momente\/private-events\/"},"modified":"2026-03-20T14:20:05","modified_gmt":"2026-03-20T13:20:05","slug":"private-events","status":"publish","type":"page","link":"https:\/\/www.lapostahotel.it\/de\/besondere-momente\/private-events\/","title":{"rendered":"Private Events"},"content":{"rendered":"<div class=\"wpb-content-wrapper\"><p>[vc_row full_width=&#8221;stretch_row_content_no_spaces&#8221; content_placement=&#8221;middle&#8221; css=&#8221;.vc_custom_1769608046199{padding-top: 6em !important;padding-bottom: 6em !important;background-image: url(https:\/\/www.lapostahotel.it\/wp-content\/uploads\/2026\/01\/private-event-location-tuscany-2.jpg?id=6616) !important;background-position: center !important;background-repeat: no-repeat !important;background-size: cover !important;}&#8221;][vc_column width=&#8221;5\/6&#8243; el_class=&#8221;white-bg-deco green-border-deco shadow p-4 text-center&#8221; offset=&#8221;vc_col-lg-offset-3 vc_col-lg-6 vc_col-md-offset-2 vc_col-md-8 vc_col-xs-offset-1 vc_col-xs-10&#8243; css=&#8221;.vc_custom_1769598754833{padding-top: 0px !important;}&#8221;]<h1 class=\"deco-title centro\"><span class=\"deco-eylet\">Veranstaltungen in der toskanischen Landschaft<\/span><span>Private Events<\/span><\/h1>[vc_column_text css=&#8221;&#8221; el_class=&#8221;text-big&#8221;]<\/p>\n<p style=\"text-align: center;\">Im Haus La Posta wird jedes Zusammensein von einem feinen Gesp\u00fcr f\u00fcr Ort, Zeit und stille Sch\u00f6nheit gepr\u00e4gt. <strong>Im Herzen des Val d\u2019Orcia<\/strong> gelegen, bietet unser Haus einen intimen und inspirierenden Rahmen f\u00fcr <strong>private Feiern<\/strong> und kleine <strong>Firmenevents<\/strong>, in dem Authentizit\u00e4t, Diskretion und Liebe zum Detail selbstverst\u00e4ndlich sind.<\/p>\n<p style=\"text-align: center;\">Ob Familienfeier, privates Dinner oder kleines Firmenevent \u2013 Veranstaltungen in La Posta entfalten sich vor der eindrucksvollen Kulisse des Val d\u2019Orcia, begleitet vom beruhigenden Klang des flie\u00dfenden Wassers. Jedes Event wird mit Sorgfalt gestaltet: mit pers\u00f6nlichem Service, regional gepr\u00e4gter K\u00fcche und liebevollen Details, die den Geist der Toskana widerspiegeln.<\/p>\n<p style=\"text-align: center;\">Von festlichen Anl\u00e4ssen bis hin zu konzentrierten Meetings und Retreats bietet La Posta einen Ort, an dem Menschen in entspannter, inspirierender und nachhaltiger Atmosph\u00e4re zusammenkommen k\u00f6nnen.<\/p>\n<p style=\"text-align: center;\">Um Sie bei der Gestaltung eines ganz individuellen Events in der Toskana zu unterst\u00fctzen, steht Ihnen unsere Eventmanagerin Valerie gerne in jeder Phase zur Seite. F\u00fcr weitere Informationen oder zur Planung Ihres Events schreiben Sie bitte an <a href=\"mailto:valerie@casacosta1956.it\">valerie@casacosta1956.it<\/a>.<\/p>\n<p>[\/vc_column_text]<div class=\"button-wrapper inline\">\n\t\t\t\t\t<a class=\"btn btn-default\" href=\"https:\/\/laperlacorvara.photoshelter.com\/gallery\/Private-Events\/G0000h8CXmBeKWI0\/C00003.qqKG1D7wQ\" target=\"_blank\" title=\"Fotogalerie\">Fotogalerie<\/a>\n\t\t\t\t<\/div><div class=\"button-wrapper inline\">\n\t\t\t\t\t<a class=\"btn btn-default\" href=\"https:\/\/drive.google.com\/file\/d\/1rzvu8B2mcCfKXzFPdyKgigfnGlS1rQiB\/view?usp=drive_link\" target=\"_blank\" title=\"Brosch\u00fcre\">Brosch\u00fcre <i class=\"fas fa-file-pdf\"><\/i><\/a>\n\t\t\t\t<\/div>[\/vc_column][\/vc_row][vc_row full_width=&#8221;stretch_row_content_no_spaces&#8221; css=&#8221;.vc_custom_1769599121271{padding-top: 6em !important;padding-bottom: 6em !important;background-color: #F7FAF3 !important;}&#8221; el_id=&#8221;info-eventi&#8221;][vc_column width=&#8221;5\/6&#8243; offset=&#8221;vc_col-md-offset-3 vc_col-md-6 vc_col-xs-offset-1 vc_col-xs-10&#8243; el_class=&#8221;white-bg-deco green-border-deco shadow p-4&#8243; css=&#8221;.vc_custom_1769506104204{padding-top: 0px !important;}&#8221;]<h3 class=\"deco-title sinistra\"><span class=\"deco-eylet\">Private Events<\/span><span>Informationen anfordern<\/span><\/h3>\n<div class=\"wpcf7 no-js\" id=\"wpcf7-f6527-o1\" lang=\"de-DE\" dir=\"ltr\" data-wpcf7-id=\"6527\">\n<div class=\"screen-reader-response\"><p role=\"status\" aria-live=\"polite\" aria-atomic=\"true\"><\/p> <ul><\/ul><\/div>\n<form action=\"\/de\/wp-json\/wp\/v2\/pages\/6601#wpcf7-f6527-o1\" method=\"post\" class=\"wpcf7-form init\" aria-label=\"Kontaktformular\" novalidate=\"novalidate\" data-status=\"init\">\n<fieldset class=\"hidden-fields-container\"><input type=\"hidden\" name=\"_wpcf7\" value=\"6527\" \/><input type=\"hidden\" name=\"_wpcf7_version\" value=\"6.1.5\" \/><input type=\"hidden\" name=\"_wpcf7_locale\" value=\"de_DE\" \/><input type=\"hidden\" name=\"_wpcf7_unit_tag\" value=\"wpcf7-f6527-o1\" \/><input type=\"hidden\" name=\"_wpcf7_container_post\" value=\"0\" \/><input type=\"hidden\" name=\"_wpcf7_posted_data_hash\" value=\"\" \/><input type=\"hidden\" name=\"_wpcf7_recaptcha_response\" value=\"\" \/>\n<\/fieldset>\n<div class=\"form-deco\">\n\t<div class=\"mb-2\">\n\t\t<label for=\"nome\" class=\"form-label visually-hidden\">Name<\/label>\n<span class=\"wpcf7-form-control-wrap\" data-name=\"nome\"><input size=\"40\" maxlength=\"400\" class=\"wpcf7-form-control wpcf7-text wpcf7-validates-as-required form-control\" aria-required=\"true\" aria-invalid=\"false\" placeholder=\"Name\" value=\"\" type=\"text\" name=\"nome\" \/><\/span>\n\t<\/div>\n\t<div class=\"mb-2\">\n\t\t<label for=\"cognome\" class=\"form-label visually-hidden\">Nachname<\/label>\n<span class=\"wpcf7-form-control-wrap\" data-name=\"cognome\"><input size=\"40\" maxlength=\"400\" class=\"wpcf7-form-control wpcf7-text wpcf7-validates-as-required form-control\" aria-required=\"true\" aria-invalid=\"false\" placeholder=\"Nachname\" value=\"\" type=\"text\" name=\"cognome\" \/><\/span>\n\t<\/div>\n\t<div class=\"mb-2\">\n\t\t<label for=\"email\" class=\"form-label visually-hidden\">E-mail<\/label>\n<span class=\"wpcf7-form-control-wrap\" data-name=\"email\"><input size=\"40\" maxlength=\"400\" class=\"wpcf7-form-control wpcf7-email wpcf7-validates-as-required wpcf7-text wpcf7-validates-as-email form-control\" aria-required=\"true\" aria-invalid=\"false\" placeholder=\"E-mail\" value=\"\" type=\"email\" name=\"email\" \/><\/span>\n\t<\/div>\n\t<div class=\"mb-2\">\n\t\t<label for=\"telefono\" class=\"form-label visually-hidden\">Telefon<\/label>\n\t\t<span class=\"wpcf7-form-control-wrap\" data-name=\"telefono\"><input size=\"40\" maxlength=\"400\" class=\"wpcf7-form-control wpcf7-tel wpcf7-text wpcf7-validates-as-tel form-control\" aria-invalid=\"false\" placeholder=\"Telefon\" value=\"\" type=\"tel\" name=\"telefono\" \/><\/span>\n\t<\/div>\n\t<div class=\"mb-2\">\n\t\t<label for=\"messaggio\" class=\"form-label visually-hidden\">Nachricht<\/label>\n\t\t<span class=\"wpcf7-form-control-wrap\" data-name=\"messaggio\"><textarea cols=\"40\" rows=\"10\" maxlength=\"2000\" class=\"wpcf7-form-control wpcf7-textarea form-control\" aria-invalid=\"false\" placeholder=\"Ihre Nachricht\" name=\"messaggio\"><\/textarea><\/span>\n\t<\/div>\n\t<div class=\"mb-1 form-check\">\n\t\t<span class=\"wpcf7-form-control-wrap\" data-name=\"privacy\"><span class=\"wpcf7-form-control wpcf7-acceptance\"><span class=\"wpcf7-list-item\"><input type=\"checkbox\" name=\"privacy\" value=\"1\" class=\"form-check-input\" aria-invalid=\"false\" \/><\/span><\/span><\/span><label class=\"form-check-label\" for=\"privacy\">Ich erkl\u00e4re, dass ich die <a href=\"\/it\/privacy-policy\" target=\"_blank\">Datenschutzerkl\u00e4rung<\/a> gelesen und verstanden habe.<\/label>\n\t<\/div>\n\t<div class=\"mb-1 form-check\">\n\t\t<span class=\"wpcf7-form-control-wrap\" data-name=\"newsletter\"><input type=\"checkbox\" name=\"newsletter[]\" value=\"ADD\" \/ class=\"form-check-input\"><label class=\"form-check-label\" for=\"newsletter\">Bleiben Sie mit uns in Kontakt, abonnieren Sie unseren Newsletter.<\/label>\n\t<\/div>\n\t<div class=\"mt-3 text-center\">\n\t\t<input class=\"wpcf7-form-control wpcf7-submit has-spinner btn btn-default\" type=\"submit\" value=\"Senden Sie\" \/>\n\t<\/div>\n<\/div><div class=\"wpcf7-response-output\" aria-hidden=\"true\"><\/div>\n<\/form>\n<\/div>\n[\/vc_column][\/vc_row]<\/p>\n<\/div>","protected":false},"excerpt":{"rendered":"<p>[vc_row full_width=&#8221;stretch_row_content_no_spaces&#8221; content_placement=&#8221;middle&#8221; css=&#8221;.vc_custom_1769608046199{padding-top: 6em !important;padding-bottom: 6em !important;background-image: url(https:\/\/www.lapostahotel.it\/wp-content\/uploads\/2026\/01\/private-event-location-tuscany-2.jpg?id=6616) !important;background-position: center !important;background-repeat: no-repeat !important;background-size: cover !important;}&#8221;][vc_column width=&#8221;5\/6&#8243; el_class=&#8221;white-bg-deco green-border-deco shadow p-4 text-center&#8221; offset=&#8221;vc_col-lg-offset-3 vc_col-lg-6 vc_col-md-offset-2 vc_col-md-8 vc_col-xs-offset-1 vc_col-xs-10&#8243; css=&#8221;.vc_custom_1769598754833{padding-top: 0px !important;}&#8221;][vc_column_text css=&#8221;&#8221; el_class=&#8221;text-big&#8221;] Im Haus La Posta wird jedes Zusammensein von einem feinen Gesp\u00fcr f\u00fcr Ort, Zeit und stille Sch\u00f6nheit gepr\u00e4gt. Im Herzen des Val [&hellip;]<\/p>\n","protected":false},"author":1,"featured_media":0,"parent":6570,"menu_order":0,"comment_status":"closed","ping_status":"closed","template":"","meta":{"_acf_changed":false,"footnotes":""},"class_list":["post-6601","page","type-page","status-publish","hentry"],"acf":[],"yoast_head":"<!-- This site is optimized with the Yoast SEO plugin v27.5 - https:\/\/yoast.com\/product\/yoast-seo-wordpress\/ -->\n<title>Private Events | Hotel La Posta | Val D&#039;Orcia | Toscana<\/title>\n<meta name=\"description\" content=\"Private Events | Hotel La Posta | Val D&#039;Orcia | Toscana\" \/>\n<meta name=\"robots\" content=\"index, follow, max-snippet:-1, max-image-preview:large, max-video-preview:-1\" \/>\n<link rel=\"canonical\" href=\"https:\/\/www.lapostahotel.it\/de\/besondere-momente\/private-events\/\" \/>\n<meta property=\"og:locale\" content=\"de_DE\" \/>\n<meta property=\"og:type\" content=\"article\" \/>\n<meta property=\"og:title\" content=\"Private Events | Hotel La Posta | Val D&#039;Orcia | Toscana\" \/>\n<meta property=\"og:description\" content=\"Private Events | Hotel La Posta | Val D&#039;Orcia | Toscana\" \/>\n<meta property=\"og:url\" content=\"https:\/\/www.lapostahotel.it\/de\/besondere-momente\/private-events\/\" \/>\n<meta property=\"og:site_name\" content=\"La Posta Hotel\" \/>\n<meta property=\"article:publisher\" content=\"https:\/\/www.facebook.com\/albergopostamarcucci\" \/>\n<meta property=\"article:modified_time\" content=\"2026-03-20T13:20:05+00:00\" \/>\n<meta property=\"og:image\" content=\"https:\/\/www.lapostahotel.it\/wp-content\/uploads\/2025\/01\/la-posta-hotel-val-dorcia-toscana-social-1200x675-alt.jpg\" \/>\n\t<meta property=\"og:image:width\" content=\"1200\" \/>\n\t<meta property=\"og:image:height\" content=\"675\" \/>\n\t<meta property=\"og:image:type\" content=\"image\/jpeg\" \/>\n<meta name=\"twitter:card\" content=\"summary_large_image\" \/>\n<meta name=\"twitter:label1\" content=\"Gesch\u00e4tzte Lesezeit\" \/>\n\t<meta name=\"twitter:data1\" content=\"2\u00a0Minuten\" \/>\n<!-- \/ Yoast SEO plugin. -->","yoast_head_json":{"title":"Private Events | Hotel La Posta | Val D'Orcia | Toscana","description":"Private Events | Hotel La Posta | Val D'Orcia | Toscana","robots":{"index":"index","follow":"follow","max-snippet":"max-snippet:-1","max-image-preview":"max-image-preview:large","max-video-preview":"max-video-preview:-1"},"canonical":"https:\/\/www.lapostahotel.it\/de\/besondere-momente\/private-events\/","og_locale":"de_DE","og_type":"article","og_title":"Private Events | Hotel La Posta | Val D'Orcia | Toscana","og_description":"Private Events | Hotel La Posta | Val D'Orcia | Toscana","og_url":"https:\/\/www.lapostahotel.it\/de\/besondere-momente\/private-events\/","og_site_name":"La Posta Hotel","article_publisher":"https:\/\/www.facebook.com\/albergopostamarcucci","article_modified_time":"2026-03-20T13:20:05+00:00","og_image":[{"width":1200,"height":675,"url":"https:\/\/www.lapostahotel.it\/wp-content\/uploads\/2025\/01\/la-posta-hotel-val-dorcia-toscana-social-1200x675-alt.jpg","type":"image\/jpeg"}],"twitter_card":"summary_large_image","twitter_misc":{"Gesch\u00e4tzte Lesezeit":"2\u00a0Minuten"},"schema":{"@context":"https:\/\/schema.org","@graph":[{"@type":"WebPage","@id":"https:\/\/www.lapostahotel.it\/de\/besondere-momente\/private-events\/","url":"https:\/\/www.lapostahotel.it\/de\/besondere-momente\/private-events\/","name":"Private Events | Hotel La Posta | Val D'Orcia | Toscana","isPartOf":{"@id":"https:\/\/www.lapostahotel.it\/de\/#website"},"datePublished":"2026-01-26T16:07:27+00:00","dateModified":"2026-03-20T13:20:05+00:00","description":"Private Events | Hotel La Posta | Val D'Orcia | Toscana","breadcrumb":{"@id":"https:\/\/www.lapostahotel.it\/de\/besondere-momente\/private-events\/#breadcrumb"},"inLanguage":"de","potentialAction":[{"@type":"ReadAction","target":["https:\/\/www.lapostahotel.it\/de\/besondere-momente\/private-events\/"]}]},{"@type":"BreadcrumbList","@id":"https:\/\/www.lapostahotel.it\/de\/besondere-momente\/private-events\/#breadcrumb","itemListElement":[{"@type":"ListItem","position":1,"name":"Home","item":"https:\/\/www.lapostahotel.it\/de\/"},{"@type":"ListItem","position":2,"name":"Besondere Momente","item":"https:\/\/www.lapostahotel.it\/de\/besondere-momente\/"},{"@type":"ListItem","position":3,"name":"Private Events"}]},{"@type":"WebSite","@id":"https:\/\/www.lapostahotel.it\/de\/#website","url":"https:\/\/www.lapostahotel.it\/de\/","name":"La Posta","description":"Hotel &amp; Thermal spa","publisher":{"@id":"https:\/\/www.lapostahotel.it\/de\/#organization"},"alternateName":"Hotel La Posta","potentialAction":[{"@type":"SearchAction","target":{"@type":"EntryPoint","urlTemplate":"https:\/\/www.lapostahotel.it\/de\/?s={search_term_string}"},"query-input":{"@type":"PropertyValueSpecification","valueRequired":true,"valueName":"search_term_string"}}],"inLanguage":"de"},{"@type":"Organization","@id":"https:\/\/www.lapostahotel.it\/de\/#organization","name":"La Posta","alternateName":"Hotel La Posta","url":"https:\/\/www.lapostahotel.it\/de\/","logo":{"@type":"ImageObject","inLanguage":"de","@id":"https:\/\/www.lapostahotel.it\/de\/#\/schema\/logo\/image\/","url":"https:\/\/www.lapostahotel.it\/wp-content\/uploads\/2025\/01\/la-posta-hotel-val-dorcia-toscana-900x900-1.jpg","contentUrl":"https:\/\/www.lapostahotel.it\/wp-content\/uploads\/2025\/01\/la-posta-hotel-val-dorcia-toscana-900x900-1.jpg","width":900,"height":900,"caption":"La Posta"},"image":{"@id":"https:\/\/www.lapostahotel.it\/de\/#\/schema\/logo\/image\/"},"sameAs":["https:\/\/www.facebook.com\/albergopostamarcucci","https:\/\/www.instagram.com\/albergopostamarcucci\/"]}]}},"_links":{"self":[{"href":"https:\/\/www.lapostahotel.it\/de\/wp-json\/wp\/v2\/pages\/6601","targetHints":{"allow":["GET"]}}],"collection":[{"href":"https:\/\/www.lapostahotel.it\/de\/wp-json\/wp\/v2\/pages"}],"about":[{"href":"https:\/\/www.lapostahotel.it\/de\/wp-json\/wp\/v2\/types\/page"}],"author":[{"embeddable":true,"href":"https:\/\/www.lapostahotel.it\/de\/wp-json\/wp\/v2\/users\/1"}],"replies":[{"embeddable":true,"href":"https:\/\/www.lapostahotel.it\/de\/wp-json\/wp\/v2\/comments?post=6601"}],"version-history":[{"count":6,"href":"https:\/\/www.lapostahotel.it\/de\/wp-json\/wp\/v2\/pages\/6601\/revisions"}],"predecessor-version":[{"id":7277,"href":"https:\/\/www.lapostahotel.it\/de\/wp-json\/wp\/v2\/pages\/6601\/revisions\/7277"}],"up":[{"embeddable":true,"href":"https:\/\/www.lapostahotel.it\/de\/wp-json\/wp\/v2\/pages\/6570"}],"wp:attachment":[{"href":"https:\/\/www.lapostahotel.it\/de\/wp-json\/wp\/v2\/media?parent=6601"}],"curies":[{"name":"wp","href":"https:\/\/api.w.org\/{rel}","templated":true}]}}