{"id":6570,"date":"2026-01-26T16:51:08","date_gmt":"2026-01-26T15:51:08","guid":{"rendered":"https:\/\/www.lapostahotel.it\/besondere-momente\/"},"modified":"2026-03-27T15:54:00","modified_gmt":"2026-03-27T14:54:00","slug":"besondere-momente","status":"publish","type":"page","link":"https:\/\/www.lapostahotel.it\/de\/besondere-momente\/","title":{"rendered":"Besondere Momente"},"content":{"rendered":"<div class=\"wpb-content-wrapper\"><p>[vc_row full_width=&#8221;stretch_row_content_no_spaces&#8221; content_placement=&#8221;middle&#8221; css=&#8221;.vc_custom_1769444150513{padding-top: 6em !important;padding-bottom: 6em !important;background-image: url(https:\/\/www.lapostahotel.it\/wp-content\/uploads\/2025\/10\/0041_Spazi-Wedding-La-Posta-2025-41.jpg?id=5220) !important;background-position: center !important;background-repeat: no-repeat !important;background-size: cover !important;}&#8221;][vc_column width=&#8221;5\/6&#8243; el_class=&#8221;white-bg-deco green-border-deco shadow p-4 text-center&#8221; offset=&#8221;vc_col-lg-offset-3 vc_col-lg-6 vc_col-md-offset-2 vc_col-md-8 vc_col-xs-offset-1 vc_col-xs-10&#8243; css=&#8221;.vc_custom_1769444090430{padding-top: 0px !important;}&#8221;]<h1 class=\"deco-title centro\"><span class=\"deco-eylet\">Ein Haus f\u00fcr jeden Anlass<\/span><span>Besondere Momente<\/span><\/h1>[vc_column_text css=&#8221;&#8221; el_class=&#8221;text-big&#8221;]<\/p>\n<p style=\"text-align: center;\">In der stimmungsvollen Kulisse unseres Hauses erh\u00e4lt jedes Ereignis die Farben des Val d\u2019Orcia, begleitet vom sanften Klang des Wassers \u2013 f\u00fcr Augenblicke reinen Gl\u00fccks.<\/p>\n<p>Umgeben von der Magie der toskanischen Landschaft gestalten wir Ihre Veranstaltungen mit Hingabe und Liebe zum Detail: sei es ein einmaliger, besonderer Moment oder ein ganz pers\u00f6nliches Event, ganz auf Sie abgestimmt.<\/p>\n<p>[\/vc_column_text]<div class=\"button-wrapper inline\">\n\t\t\t\t\t<a class=\"btn btn-default\" href=\"https:\/\/www.lapostahotel.it\/de\/besondere-momente\/wedding\/\" title=\"Hochzeiten\">Hochzeiten<\/a>\n\t\t\t\t<\/div><div class=\"button-wrapper inline\">\n\t\t\t\t\t<a class=\"btn btn-default\" href=\"https:\/\/www.lapostahotel.it\/it\/momenti-speciali\/eventi-privati\/\" title=\"Private Events\">Private Events<\/a>\n\t\t\t\t<\/div>[\/vc_column][\/vc_row][vc_row][vc_column]<div id=\"features-carousel-69f0d815687bb-wrapper\" class=\"feature-carousel-wrapper \">\n\t\t\t\t\t\t\t<div class=\"features-carousel\" style=\"--features-carousel-color:#264131;\">\n\t\t\t\t\t\t\t\t<div class=\"row g-0\">\n\t\t\t\t\t\t\t\t\t<div class=\"col-lg-8 col-12 features-carousel-cycler\">\n\t\t\t\t\t\t\t\t\t\t<img decoding=\"async\" class=\"active\" src=\"https:\/\/www.lapostahotel.it\/wp-content\/uploads\/2026\/03\/0050_APM-Modelli-56-2.jpg\" alt=\"Romantic escape decorative image\" \/>\n\t\t\t\t\t\t\t\t\t<\/div>\n\t\t\t\t\t\t\t\t\t<div class=\"col-lg-4 d-lg-block d-none features-carousel-color\"><\/div>\n\t\t\t\t\t\t\t\t<\/div>\n\t\t\t\t\t\t\t\t<div id=\"features-carousel-69f0d815687bb\" class=\"features-slider carousel slide\" data-bs-ride=\"carousel\" data-bs-interval=\"10000\">\n\t\t\t\t\t\t\t\t\t<div class=\"carousel-inner white-bg-deco\">\n\t\t\t\t\t\t\t\t\t\t<div data-index=\"0\" class=\"features-item carousel-item item active p-4\">\n\t\t\t\t\t\t\t<div class=\"features-item-table\">\n\t\t\t\t\t\t\t\t<span class=\"features-item-table-item\">\n\t\t\t\t\t\t\t\t\t<h3 class=\"deco-title mb-2\"><span>Romantic escape<\/span><\/h3>\n\t\t\t\t\t\t\t\t\t<div class=\"features-item-text\">Es gibt Orte, die von Natur aus romantisch sind. Und an denen man sich ein wenig schneller verliebt. Wie das Val d\u2019Orcia mit seinen sanften Landschaften, seiner Ruhe und zeitlosen Sch\u00f6nheit.\nLa Posta ist der perfekte R\u00fcckzugsort f\u00fcr eine romantische Auszeit oder Flitterwochen: intim, besonders, zeitlos. Ein Ort, um langsamer zu werden, loszulassen und sich wirklich wiederzufinden.\nThermalwasser, das wechselnde Licht des Tages und gemeinsame Momente, vom Fr\u00fchst\u00fcck mit Ausblick \u00fcber Aperitifs bei Sonnenuntergang bis hin zu Abendessen bei Kerzenschein, werden Teil eines Erlebnisses, das bleibt.\nHier steht die Welt still. Und es gibt nur euch zwei.<\/div>\n\t\t\t\t\t\t\t\t\t\n\t\t\t\t\t\t\t\t\t\n\t\t\t\t\t\t\t\t<\/span>\n\t\t\t\t\t\t\t<\/div>\n\t\t\t\t\t\t<\/div>\n\t\t\t\t\t\t\t\t\t<\/div>\n\t\t\t\t\t\t\t\t\t\n\t\t\t\t\t\t\t\t<\/div>\n\t\t\t\t\t\t\t<\/div>\n\t\t\t\t\t\t<\/div>[\/vc_column][\/vc_row]<\/p>\n<\/div>","protected":false},"excerpt":{"rendered":"<p>[vc_row full_width=&#8221;stretch_row_content_no_spaces&#8221; content_placement=&#8221;middle&#8221; css=&#8221;.vc_custom_1769444150513{padding-top: 6em !important;padding-bottom: 6em !important;background-image: url(https:\/\/www.lapostahotel.it\/wp-content\/uploads\/2025\/10\/0041_Spazi-Wedding-La-Posta-2025-41.jpg?id=5220) !important;background-position: center !important;background-repeat: no-repeat !important;background-size: cover !important;}&#8221;][vc_column width=&#8221;5\/6&#8243; el_class=&#8221;white-bg-deco green-border-deco shadow p-4 text-center&#8221; offset=&#8221;vc_col-lg-offset-3 vc_col-lg-6 vc_col-md-offset-2 vc_col-md-8 vc_col-xs-offset-1 vc_col-xs-10&#8243; css=&#8221;.vc_custom_1769444090430{padding-top: 0px !important;}&#8221;][vc_column_text css=&#8221;&#8221; el_class=&#8221;text-big&#8221;] In der stimmungsvollen Kulisse unseres Hauses erh\u00e4lt jedes Ereignis die Farben des Val d\u2019Orcia, begleitet vom sanften Klang des Wassers \u2013 f\u00fcr [&hellip;]<\/p>\n","protected":false},"author":1,"featured_media":0,"parent":0,"menu_order":0,"comment_status":"closed","ping_status":"closed","template":"","meta":{"_acf_changed":false,"footnotes":""},"class_list":["post-6570","page","type-page","status-publish","hentry"],"acf":[],"yoast_head":"<!-- This site is optimized with the Yoast SEO plugin v27.4 - https:\/\/yoast.com\/product\/yoast-seo-wordpress\/ -->\n<title>Besondere Momente | Hotel La Posta | Val D&#039;Orcia | Toscana<\/title>\n<meta name=\"description\" content=\"Besondere Momente | Hotel La Posta | Val D&#039;Orcia | Toscana\" \/>\n<meta name=\"robots\" content=\"index, follow, max-snippet:-1, max-image-preview:large, max-video-preview:-1\" \/>\n<link rel=\"canonical\" href=\"https:\/\/www.lapostahotel.it\/de\/besondere-momente\/\" \/>\n<meta property=\"og:locale\" content=\"de_DE\" \/>\n<meta property=\"og:type\" content=\"article\" \/>\n<meta property=\"og:title\" content=\"Besondere Momente | Hotel La Posta | Val D&#039;Orcia | Toscana\" \/>\n<meta property=\"og:description\" content=\"Besondere Momente | Hotel La Posta | Val D&#039;Orcia | Toscana\" \/>\n<meta property=\"og:url\" content=\"https:\/\/www.lapostahotel.it\/de\/besondere-momente\/\" \/>\n<meta property=\"og:site_name\" content=\"La Posta Hotel\" \/>\n<meta property=\"article:publisher\" content=\"https:\/\/www.facebook.com\/albergopostamarcucci\" \/>\n<meta property=\"article:modified_time\" content=\"2026-03-27T14:54:00+00:00\" \/>\n<meta property=\"og:image\" content=\"https:\/\/www.lapostahotel.it\/wp-content\/uploads\/2025\/01\/la-posta-hotel-val-dorcia-toscana-social-1200x675-alt.jpg\" \/>\n\t<meta property=\"og:image:width\" content=\"1200\" \/>\n\t<meta property=\"og:image:height\" content=\"675\" \/>\n\t<meta property=\"og:image:type\" content=\"image\/jpeg\" \/>\n<meta name=\"twitter:card\" content=\"summary_large_image\" \/>\n<meta name=\"twitter:label1\" content=\"Gesch\u00e4tzte Lesezeit\" \/>\n\t<meta name=\"twitter:data1\" content=\"2\u00a0Minuten\" \/>\n<!-- \/ Yoast SEO plugin. -->","yoast_head_json":{"title":"Besondere Momente | Hotel La Posta | Val D'Orcia | Toscana","description":"Besondere Momente | Hotel La Posta | Val D'Orcia | Toscana","robots":{"index":"index","follow":"follow","max-snippet":"max-snippet:-1","max-image-preview":"max-image-preview:large","max-video-preview":"max-video-preview:-1"},"canonical":"https:\/\/www.lapostahotel.it\/de\/besondere-momente\/","og_locale":"de_DE","og_type":"article","og_title":"Besondere Momente | Hotel La Posta | Val D'Orcia | Toscana","og_description":"Besondere Momente | Hotel La Posta | Val D'Orcia | Toscana","og_url":"https:\/\/www.lapostahotel.it\/de\/besondere-momente\/","og_site_name":"La Posta Hotel","article_publisher":"https:\/\/www.facebook.com\/albergopostamarcucci","article_modified_time":"2026-03-27T14:54:00+00:00","og_image":[{"width":1200,"height":675,"url":"https:\/\/www.lapostahotel.it\/wp-content\/uploads\/2025\/01\/la-posta-hotel-val-dorcia-toscana-social-1200x675-alt.jpg","type":"image\/jpeg"}],"twitter_card":"summary_large_image","twitter_misc":{"Gesch\u00e4tzte Lesezeit":"2\u00a0Minuten"},"schema":{"@context":"https:\/\/schema.org","@graph":[{"@type":"WebPage","@id":"https:\/\/www.lapostahotel.it\/de\/besondere-momente\/","url":"https:\/\/www.lapostahotel.it\/de\/besondere-momente\/","name":"Besondere Momente | Hotel La Posta | Val D'Orcia | Toscana","isPartOf":{"@id":"https:\/\/www.lapostahotel.it\/de\/#website"},"datePublished":"2026-01-26T15:51:08+00:00","dateModified":"2026-03-27T14:54:00+00:00","description":"Besondere Momente | Hotel La Posta | Val D'Orcia | Toscana","breadcrumb":{"@id":"https:\/\/www.lapostahotel.it\/de\/besondere-momente\/#breadcrumb"},"inLanguage":"de","potentialAction":[{"@type":"ReadAction","target":["https:\/\/www.lapostahotel.it\/de\/besondere-momente\/"]}]},{"@type":"BreadcrumbList","@id":"https:\/\/www.lapostahotel.it\/de\/besondere-momente\/#breadcrumb","itemListElement":[{"@type":"ListItem","position":1,"name":"Home","item":"https:\/\/www.lapostahotel.it\/de\/"},{"@type":"ListItem","position":2,"name":"Besondere Momente"}]},{"@type":"WebSite","@id":"https:\/\/www.lapostahotel.it\/de\/#website","url":"https:\/\/www.lapostahotel.it\/de\/","name":"La Posta","description":"Hotel &amp; Thermal spa","publisher":{"@id":"https:\/\/www.lapostahotel.it\/de\/#organization"},"alternateName":"Hotel La Posta","potentialAction":[{"@type":"SearchAction","target":{"@type":"EntryPoint","urlTemplate":"https:\/\/www.lapostahotel.it\/de\/?s={search_term_string}"},"query-input":{"@type":"PropertyValueSpecification","valueRequired":true,"valueName":"search_term_string"}}],"inLanguage":"de"},{"@type":"Organization","@id":"https:\/\/www.lapostahotel.it\/de\/#organization","name":"La Posta","alternateName":"Hotel La Posta","url":"https:\/\/www.lapostahotel.it\/de\/","logo":{"@type":"ImageObject","inLanguage":"de","@id":"https:\/\/www.lapostahotel.it\/de\/#\/schema\/logo\/image\/","url":"https:\/\/www.lapostahotel.it\/wp-content\/uploads\/2025\/01\/la-posta-hotel-val-dorcia-toscana-900x900-1.jpg","contentUrl":"https:\/\/www.lapostahotel.it\/wp-content\/uploads\/2025\/01\/la-posta-hotel-val-dorcia-toscana-900x900-1.jpg","width":900,"height":900,"caption":"La Posta"},"image":{"@id":"https:\/\/www.lapostahotel.it\/de\/#\/schema\/logo\/image\/"},"sameAs":["https:\/\/www.facebook.com\/albergopostamarcucci","https:\/\/www.instagram.com\/albergopostamarcucci\/"]}]}},"_links":{"self":[{"href":"https:\/\/www.lapostahotel.it\/de\/wp-json\/wp\/v2\/pages\/6570","targetHints":{"allow":["GET"]}}],"collection":[{"href":"https:\/\/www.lapostahotel.it\/de\/wp-json\/wp\/v2\/pages"}],"about":[{"href":"https:\/\/www.lapostahotel.it\/de\/wp-json\/wp\/v2\/types\/page"}],"author":[{"embeddable":true,"href":"https:\/\/www.lapostahotel.it\/de\/wp-json\/wp\/v2\/users\/1"}],"replies":[{"embeddable":true,"href":"https:\/\/www.lapostahotel.it\/de\/wp-json\/wp\/v2\/comments?post=6570"}],"version-history":[{"count":5,"href":"https:\/\/www.lapostahotel.it\/de\/wp-json\/wp\/v2\/pages\/6570\/revisions"}],"predecessor-version":[{"id":7374,"href":"https:\/\/www.lapostahotel.it\/de\/wp-json\/wp\/v2\/pages\/6570\/revisions\/7374"}],"wp:attachment":[{"href":"https:\/\/www.lapostahotel.it\/de\/wp-json\/wp\/v2\/media?parent=6570"}],"curies":[{"name":"wp","href":"https:\/\/api.w.org\/{rel}","templated":true}]}}