{"id":4003,"date":"2025-02-18T17:02:34","date_gmt":"2025-02-18T16:02:34","guid":{"rendered":"https:\/\/web.lapostahotel.it\/food-wine\/veranda\/"},"modified":"2025-02-28T17:23:49","modified_gmt":"2025-02-28T16:23:49","slug":"veranda","status":"publish","type":"page","link":"https:\/\/www.lapostahotel.it\/de\/food-wine\/veranda\/","title":{"rendered":"Veranda"},"content":{"rendered":"<div class=\"wpb-content-wrapper\"><p>[vc_row full_width=&#8221;stretch_row_content_no_spaces&#8221; content_placement=&#8221;middle&#8221; css=&#8221;.vc_custom_1739894785572{padding-top: 6em !important;padding-bottom: 6em !important;background-image: url(https:\/\/www.lapostahotel.it\/wp-content\/uploads\/2024\/03\/0003_Posta-Marcucci-Seconda-Parte-II-scelta-3.jpg?id=1935) !important;background-position: center !important;background-repeat: no-repeat !important;background-size: cover !important;}&#8221;][vc_column width=&#8221;5\/6&#8243; el_class=&#8221;white-bg-deco green-border-deco shadow p-4&#8243; offset=&#8221;vc_col-lg-offset-3 vc_col-lg-6 vc_col-md-offset-2 vc_col-md-8 vc_col-xs-offset-1 vc_col-xs-10&#8243;]<h1 class=\"deco-title centro with-subtitle\"><span>La Veranda<br><mark>Ein Mittagessen zwischen den B\u00e4umen<\/mark><\/span><\/h1>[vc_column_text css=&#8221;&#8221; el_class=&#8221;text-big&#8221;]<\/p>\n<p style=\"text-align: center;\">Mittagessen in unserer Veranda ist ein Erlebnis, das alle Sinne verzaubert. Die gro\u00dfen Fenster bieten einen bezaubernden Ausblick auf das funkelnde Wasser der Becken und unseren \u00fcppigen toskanischen Garten, der die perfekte Kulisse bildet. Jeder Moment wird zu einer perfekten Verbindung aus Geschmack und Staunen, w\u00e4hrend unsere K\u00fcche mit Aussicht die Sch\u00f6nheit und die authentischen Aromen des Landes feiert.  <\/p>\n<p>[\/vc_column_text][\/vc_column][\/vc_row]<\/p>\n<\/div>","protected":false},"excerpt":{"rendered":"<p>[vc_row full_width=&#8221;stretch_row_content_no_spaces&#8221; content_placement=&#8221;middle&#8221; css=&#8221;.vc_custom_1739894785572{padding-top: 6em !important;padding-bottom: 6em !important;background-image: url(https:\/\/www.lapostahotel.it\/wp-content\/uploads\/2024\/03\/0003_Posta-Marcucci-Seconda-Parte-II-scelta-3.jpg?id=1935) !important;background-position: center !important;background-repeat: no-repeat !important;background-size: cover !important;}&#8221;][vc_column width=&#8221;5\/6&#8243; el_class=&#8221;white-bg-deco green-border-deco shadow p-4&#8243; offset=&#8221;vc_col-lg-offset-3 vc_col-lg-6 vc_col-md-offset-2 vc_col-md-8 vc_col-xs-offset-1 vc_col-xs-10&#8243;][vc_column_text css=&#8221;&#8221; el_class=&#8221;text-big&#8221;] Mittagessen in unserer Veranda ist ein Erlebnis, das alle Sinne verzaubert. Die gro\u00dfen Fenster bieten einen bezaubernden Ausblick auf das funkelnde Wasser der Becken und unseren [&hellip;]<\/p>\n","protected":false},"author":1,"featured_media":1937,"parent":3973,"menu_order":0,"comment_status":"closed","ping_status":"closed","template":"","meta":{"_acf_changed":false,"footnotes":""},"class_list":["post-4003","page","type-page","status-publish","has-post-thumbnail","hentry"],"acf":[],"yoast_head":"<!-- This site is optimized with the Yoast SEO plugin v27.3 - https:\/\/yoast.com\/product\/yoast-seo-wordpress\/ -->\n<title>Veranda | Hotel La Posta | Val D&#039;Orcia | Toscana<\/title>\n<meta name=\"description\" content=\"Veranda | Hotel La Posta | Val D&#039;Orcia | Toscana\" \/>\n<meta name=\"robots\" content=\"index, follow, max-snippet:-1, max-image-preview:large, max-video-preview:-1\" \/>\n<link rel=\"canonical\" href=\"https:\/\/www.lapostahotel.it\/de\/food-wine\/veranda\/\" \/>\n<meta property=\"og:locale\" content=\"de_DE\" \/>\n<meta property=\"og:type\" content=\"article\" \/>\n<meta property=\"og:title\" content=\"Veranda | Hotel La Posta | Val D&#039;Orcia | Toscana\" \/>\n<meta property=\"og:description\" content=\"Veranda | Hotel La Posta | Val D&#039;Orcia | Toscana\" \/>\n<meta property=\"og:url\" content=\"https:\/\/www.lapostahotel.it\/de\/food-wine\/veranda\/\" \/>\n<meta property=\"og:site_name\" content=\"La Posta Hotel\" \/>\n<meta property=\"article:publisher\" content=\"https:\/\/www.facebook.com\/albergopostamarcucci\" \/>\n<meta property=\"article:modified_time\" content=\"2025-02-28T16:23:49+00:00\" \/>\n<meta property=\"og:image\" content=\"https:\/\/www.lapostahotel.it\/wp-content\/uploads\/2024\/03\/0003_Posta-Marcucci-Seconda-Parte-II-scelta-3-683x1024.jpg\" \/>\n\t<meta property=\"og:image:width\" content=\"683\" \/>\n\t<meta property=\"og:image:height\" content=\"1024\" \/>\n\t<meta property=\"og:image:type\" content=\"image\/jpeg\" \/>\n<meta name=\"twitter:card\" content=\"summary_large_image\" \/>\n<meta name=\"twitter:label1\" content=\"Gesch\u00e4tzte Lesezeit\" \/>\n\t<meta name=\"twitter:data1\" content=\"1\u00a0Minute\" \/>\n<!-- \/ Yoast SEO plugin. -->","yoast_head_json":{"title":"Veranda | Hotel La Posta | Val D'Orcia | Toscana","description":"Veranda | Hotel La Posta | Val D'Orcia | Toscana","robots":{"index":"index","follow":"follow","max-snippet":"max-snippet:-1","max-image-preview":"max-image-preview:large","max-video-preview":"max-video-preview:-1"},"canonical":"https:\/\/www.lapostahotel.it\/de\/food-wine\/veranda\/","og_locale":"de_DE","og_type":"article","og_title":"Veranda | Hotel La Posta | Val D'Orcia | Toscana","og_description":"Veranda | Hotel La Posta | Val D'Orcia | Toscana","og_url":"https:\/\/www.lapostahotel.it\/de\/food-wine\/veranda\/","og_site_name":"La Posta Hotel","article_publisher":"https:\/\/www.facebook.com\/albergopostamarcucci","article_modified_time":"2025-02-28T16:23:49+00:00","og_image":[{"width":683,"height":1024,"url":"https:\/\/www.lapostahotel.it\/wp-content\/uploads\/2024\/03\/0003_Posta-Marcucci-Seconda-Parte-II-scelta-3-683x1024.jpg","type":"image\/jpeg"}],"twitter_card":"summary_large_image","twitter_misc":{"Gesch\u00e4tzte Lesezeit":"1\u00a0Minute"},"schema":{"@context":"https:\/\/schema.org","@graph":[{"@type":"WebPage","@id":"https:\/\/www.lapostahotel.it\/de\/food-wine\/veranda\/","url":"https:\/\/www.lapostahotel.it\/de\/food-wine\/veranda\/","name":"Veranda | Hotel La Posta | Val D'Orcia | Toscana","isPartOf":{"@id":"https:\/\/www.lapostahotel.it\/de\/#website"},"primaryImageOfPage":{"@id":"https:\/\/www.lapostahotel.it\/de\/food-wine\/veranda\/#primaryimage"},"image":{"@id":"https:\/\/www.lapostahotel.it\/de\/food-wine\/veranda\/#primaryimage"},"thumbnailUrl":"https:\/\/www.lapostahotel.it\/wp-content\/uploads\/2024\/03\/0003_Posta-Marcucci-Seconda-Parte-II-scelta-3.jpg","datePublished":"2025-02-18T16:02:34+00:00","dateModified":"2025-02-28T16:23:49+00:00","description":"Veranda | Hotel La Posta | Val D'Orcia | Toscana","breadcrumb":{"@id":"https:\/\/www.lapostahotel.it\/de\/food-wine\/veranda\/#breadcrumb"},"inLanguage":"de","potentialAction":[{"@type":"ReadAction","target":["https:\/\/www.lapostahotel.it\/de\/food-wine\/veranda\/"]}]},{"@type":"ImageObject","inLanguage":"de","@id":"https:\/\/www.lapostahotel.it\/de\/food-wine\/veranda\/#primaryimage","url":"https:\/\/www.lapostahotel.it\/wp-content\/uploads\/2024\/03\/0003_Posta-Marcucci-Seconda-Parte-II-scelta-3.jpg","contentUrl":"https:\/\/www.lapostahotel.it\/wp-content\/uploads\/2024\/03\/0003_Posta-Marcucci-Seconda-Parte-II-scelta-3.jpg","width":1633,"height":2449,"caption":"Parete con carta da parati decorata con uccelli e rami, tre specchi con cornici dorate e un piccolo tavolo con piano in marmo. Sul tavolo c\u2019\u00e8 un vaso con rami fioriti."},{"@type":"BreadcrumbList","@id":"https:\/\/www.lapostahotel.it\/de\/food-wine\/veranda\/#breadcrumb","itemListElement":[{"@type":"ListItem","position":1,"name":"Home","item":"https:\/\/www.lapostahotel.it\/de\/"},{"@type":"ListItem","position":2,"name":"Food &amp; Wine","item":"https:\/\/www.lapostahotel.it\/de\/food-wine\/"},{"@type":"ListItem","position":3,"name":"Veranda"}]},{"@type":"WebSite","@id":"https:\/\/www.lapostahotel.it\/de\/#website","url":"https:\/\/www.lapostahotel.it\/de\/","name":"La Posta","description":"Hotel &amp; Thermal spa","publisher":{"@id":"https:\/\/www.lapostahotel.it\/de\/#organization"},"alternateName":"Hotel La Posta","potentialAction":[{"@type":"SearchAction","target":{"@type":"EntryPoint","urlTemplate":"https:\/\/www.lapostahotel.it\/de\/?s={search_term_string}"},"query-input":{"@type":"PropertyValueSpecification","valueRequired":true,"valueName":"search_term_string"}}],"inLanguage":"de"},{"@type":"Organization","@id":"https:\/\/www.lapostahotel.it\/de\/#organization","name":"La Posta","alternateName":"Hotel La Posta","url":"https:\/\/www.lapostahotel.it\/de\/","logo":{"@type":"ImageObject","inLanguage":"de","@id":"https:\/\/www.lapostahotel.it\/de\/#\/schema\/logo\/image\/","url":"https:\/\/www.lapostahotel.it\/wp-content\/uploads\/2025\/01\/la-posta-hotel-val-dorcia-toscana-900x900-1.jpg","contentUrl":"https:\/\/www.lapostahotel.it\/wp-content\/uploads\/2025\/01\/la-posta-hotel-val-dorcia-toscana-900x900-1.jpg","width":900,"height":900,"caption":"La Posta"},"image":{"@id":"https:\/\/www.lapostahotel.it\/de\/#\/schema\/logo\/image\/"},"sameAs":["https:\/\/www.facebook.com\/albergopostamarcucci","https:\/\/www.instagram.com\/albergopostamarcucci\/"]}]}},"_links":{"self":[{"href":"https:\/\/www.lapostahotel.it\/de\/wp-json\/wp\/v2\/pages\/4003","targetHints":{"allow":["GET"]}}],"collection":[{"href":"https:\/\/www.lapostahotel.it\/de\/wp-json\/wp\/v2\/pages"}],"about":[{"href":"https:\/\/www.lapostahotel.it\/de\/wp-json\/wp\/v2\/types\/page"}],"author":[{"embeddable":true,"href":"https:\/\/www.lapostahotel.it\/de\/wp-json\/wp\/v2\/users\/1"}],"replies":[{"embeddable":true,"href":"https:\/\/www.lapostahotel.it\/de\/wp-json\/wp\/v2\/comments?post=4003"}],"version-history":[{"count":2,"href":"https:\/\/www.lapostahotel.it\/de\/wp-json\/wp\/v2\/pages\/4003\/revisions"}],"predecessor-version":[{"id":4005,"href":"https:\/\/www.lapostahotel.it\/de\/wp-json\/wp\/v2\/pages\/4003\/revisions\/4005"}],"up":[{"embeddable":true,"href":"https:\/\/www.lapostahotel.it\/de\/wp-json\/wp\/v2\/pages\/3973"}],"wp:featuredmedia":[{"embeddable":true,"href":"https:\/\/www.lapostahotel.it\/de\/wp-json\/wp\/v2\/media\/1937"}],"wp:attachment":[{"href":"https:\/\/www.lapostahotel.it\/de\/wp-json\/wp\/v2\/media?parent=4003"}],"curies":[{"name":"wp","href":"https:\/\/api.w.org\/{rel}","templated":true}]}}