{"id":3994,"date":"2025-02-18T16:55:21","date_gmt":"2025-02-18T15:55:21","guid":{"rendered":"https:\/\/web.lapostahotel.it\/food-wine\/das-restaurant-la-rocca\/"},"modified":"2026-03-06T12:34:59","modified_gmt":"2026-03-06T11:34:59","slug":"das-restaurant-la-rocca","status":"publish","type":"page","link":"https:\/\/www.lapostahotel.it\/de\/food-wine\/das-restaurant-la-rocca\/","title":{"rendered":"Das Restaurant La Rocca"},"content":{"rendered":"<div class=\"wpb-content-wrapper\"><p>[vc_row full_width=&#8221;stretch_row_content_no_spaces&#8221; content_placement=&#8221;middle&#8221; css=&#8221;.vc_custom_1772452933919{padding-top: 6em !important;padding-bottom: 6em !important;background-image: url(https:\/\/www.lapostahotel.it\/wp-content\/uploads\/2026\/03\/ristorante-la-rocca-hotel-la-posta-2.jpg?id=7024) !important;background-position: center !important;background-repeat: no-repeat !important;background-size: cover !important;}&#8221;][vc_column width=&#8221;5\/6&#8243; el_class=&#8221;white-bg-deco green-border-deco shadow p-4&#8243; offset=&#8221;vc_col-lg-offset-3 vc_col-lg-6 vc_col-md-offset-2 vc_col-md-8 vc_col-xs-offset-1 vc_col-xs-10&#8243;]<h1 class=\"deco-title centro with-subtitle\"><span>Das Restaurant La Rocca<br><mark>Ein St\u00fcck Paradies in der Toskana<\/mark><\/span><\/h1>[vc_column_text css=&#8221;&#8221; el_class=&#8221;text-big&#8221;]<\/p>\n<p style=\"text-align: center;\">Stellen Sie sich einen Ort vor, an dem die Zeit stillzustehen scheint, umgeben von der Sch\u00f6nheit der Rocca d&#8217;Orcia und des Val d&#8217;Orcia. Unser Restaurant ist ein Paradies, wo endlose Ausblicke auf toskanische Kochtradition treffen. Jedes Gericht ist eine Hommage an die Region und wird mit ausgew\u00e4hlten Zutaten zubereitet, die Geschichten von Qualit\u00e4t, Leidenschaft und Authentizit\u00e4t erz\u00e4hlen.<\/p>\n<p>[\/vc_column_text][\/vc_column][\/vc_row][vc_row css=&#8221;.vc_custom_1739894721462{padding-top: 2em !important;padding-bottom: 2em !important;}&#8221;][vc_column]<div id=\"sapori-autentici-e-tradizione\" class=\"feature-carousel-wrapper\">\n\t\t\t\t\t\t\t\t<link rel=\"preload\" as=\"image\" href=\"https:\/\/www.lapostahotel.it\/wp-content\/uploads\/2025\/02\/0138_Posta-Marcucci-Novembre-2024-II-Parte-I-Scelta-141.jpg\">\n\t\t\t\t\t\t\t\t<div class=\"features-carousel\" style=\"--features-carousel-color:#D6BCA7;\">\n\t\t\t\t\t\t\t\t\t<div class=\"row g-0\">\n\t\t\t\t\t\t\t\t\t\t<div class=\"col-lg-8 col-12 features-carousel-cycler\">\n\t\t\t\t\t\t\t\t\t\t\t<img decoding=\"async\" class=\"active\" src=\"https:\/\/www.lapostahotel.it\/wp-content\/uploads\/2025\/02\/0138_Posta-Marcucci-Novembre-2024-II-Parte-I-Scelta-141.jpg\" alt=\"Authentische Aromen und Tradition decorative image\" \/>\n\t\t\t\t\t\t\t\t\t\t<\/div>\n\t\t\t\t\t\t\t\t\t\t<div class=\"col-lg-4 d-lg-block d-none features-carousel-color\"><\/div>\n\t\t\t\t\t\t\t\t\t<\/div>\n\t\t\t\t\t\t\t\t\t<div id=\"features-carousel-69f7e966ca2f7\" class=\"features-slider carousel slide\" data-bs-ride=\"carousel\" data-bs-interval=\"10000\">\n\t\t\t\t\t\t\t\t\t\t<div class=\"carousel-inner white-bg-deco\">\n\t\t\t\t\t\t\t\t\t\t\t<div data-index=\"0\" class=\"features-item carousel-item item active p-4\">\n\t\t\t\t\t\t\t\t<div class=\"features-item-table\">\n\t\t\t\t\t\t\t\t\t<div class=\"features-item-table-item\">\n\t\t\t\t\t\t\t\t\t\t<h3 class=\"deco-title mb-2\"><span>Authentische Aromen und Tradition<\/span><\/h3>\n\t\t\t\t\t\t\t\t\t\t<div class=\"features-item-text\">Koch Matteo, inspiriert von seiner Liebe zum Land, kreiert Gerichte, die die toskanischen Aromen feiern. Von edlen Weinen wie Orcia DOC, Brunello, Sassicaia und Nobile bis hin zu hochwertigen Oliven\u00f6len wie dem Olivastra Seggianese DOP \u2013 jedes Element wird mit Sorgfalt ausgew\u00e4hlt, um Ihnen ein einzigartiges Erlebnis zu bieten. <\/div>\n\t\t\t\t\t\t\t\t\t\t\n\t\t\t\t\t\t\t\t\t\t\n\t\t\t\t\t\t\t\t\t<\/div>\n\t\t\t\t\t\t\t\t<\/div>\n\t\t\t\t\t\t\t<\/div>\n\t\t\t\t\t\t\t\t\t\t<\/div>\n\t\t\t\t\t\t\t\t\t\t\n\t\t\t\t\t\t\t\t\t<\/div>\n\t\t\t\t\t\t\t\t<\/div>\n\t\t\t\t\t\t\t<\/div>[\/vc_column][\/vc_row][vc_row css=&#8221;.vc_custom_1741867617546{padding-top: 4em !important;padding-bottom: 4em !important;}&#8221;][vc_column width=&#8221;5\/6&#8243; offset=&#8221;vc_col-lg-offset-3 vc_col-lg-6 vc_col-md-offset-2 vc_col-md-8 vc_col-xs-offset-1 vc_col-xs-10&#8243; el_class=&#8221;text-center&#8221;]<h2 class=\"deco-title centro\"><span>Mittag- und Abendessen mit Aussicht<\/span><\/h2>[vc_column_text css=&#8221;&#8221; el_class=&#8221;text-big&#8221;]<\/p>\n<p style=\"text-align: center;\">Mittagessen von <strong>12:30<\/strong> bis <strong>14:00 Uhr<\/strong>.<br \/>\nAbendessen von <strong>19:30<\/strong> bis <strong>21:00 Uhr<\/strong>.<\/p>\n<p style=\"text-align: center;\">Reservieren Sie Ihren Tisch unter der Nummer <a href=\"tel:0577887112\">0577 887 112<\/a> oder wenden Sie sich an die Rezeption.<\/p>\n<p style=\"text-align: center;\"><em>Das Restaurant steht auch externen G\u00e4sten offen.<\/em><\/p>\n<p style=\"text-align: center;\">Lassen Sie sich von der Magie unseres Restaurants verzaubern, wo jeder Gang eine Hommage an die Toskana ist und jeder Blick sich in der Poesie der Landschaft verliert.<\/p>\n<p>[\/vc_column_text]<div class=\"button-wrapper inline\">\n\t\t\t\t\t<a class=\"btn btn-default\" href=\"https:\/\/drive.google.com\/file\/d\/1e5HvsLbgwgvc075iQr0cv8-BTHij1QnH\/view?usp=drive_link\" target=\"_blank\" title=\"Men\u00f9 \u00e0 la carte\">Men\u00f9 \u00e0 la carte<\/a>\n\t\t\t\t<\/div><div class=\"button-wrapper inline\">\n\t\t\t\t\t<a class=\"btn btn-default\" href=\"https:\/\/drive.google.com\/file\/d\/1qtvXPh_AV2ysT3fQCSxGH8WMnfIQb1HY\/view?usp=drive_link\" target=\"_blank\" title=\"Men\u00f9 \u00e0 la carte\">Vegetarisches Men\u00fc<\/a>\n\t\t\t\t<\/div>[\/vc_column][\/vc_row]<\/p>\n<\/div>","protected":false},"excerpt":{"rendered":"<p>[vc_row full_width=&#8221;stretch_row_content_no_spaces&#8221; content_placement=&#8221;middle&#8221; css=&#8221;.vc_custom_1772452933919{padding-top: 6em !important;padding-bottom: 6em !important;background-image: url(https:\/\/www.lapostahotel.it\/wp-content\/uploads\/2026\/03\/ristorante-la-rocca-hotel-la-posta-2.jpg?id=7024) !important;background-position: center !important;background-repeat: no-repeat !important;background-size: cover !important;}&#8221;][vc_column width=&#8221;5\/6&#8243; el_class=&#8221;white-bg-deco green-border-deco shadow p-4&#8243; offset=&#8221;vc_col-lg-offset-3 vc_col-lg-6 vc_col-md-offset-2 vc_col-md-8 vc_col-xs-offset-1 vc_col-xs-10&#8243;][vc_column_text css=&#8221;&#8221; el_class=&#8221;text-big&#8221;] Stellen Sie sich einen Ort vor, an dem die Zeit stillzustehen scheint, umgeben von der Sch\u00f6nheit der Rocca d&#8217;Orcia und des Val d&#8217;Orcia. Unser Restaurant ist [&hellip;]<\/p>\n","protected":false},"author":1,"featured_media":1971,"parent":3973,"menu_order":0,"comment_status":"closed","ping_status":"closed","template":"","meta":{"_acf_changed":false,"footnotes":""},"class_list":["post-3994","page","type-page","status-publish","has-post-thumbnail","hentry"],"acf":[],"yoast_head":"<!-- This site is optimized with the Yoast SEO plugin v27.5 - https:\/\/yoast.com\/product\/yoast-seo-wordpress\/ -->\n<title>Ristorante in Val D&#039;Orcia con Vista | La Rocca | La Posta Hotel<\/title>\n<meta name=\"description\" content=\"Das Restaurant La Rocca | Hotel La Posta | Val D&#039;Orcia | Toscana\" \/>\n<meta name=\"robots\" content=\"index, follow, max-snippet:-1, max-image-preview:large, max-video-preview:-1\" \/>\n<link rel=\"canonical\" href=\"https:\/\/www.lapostahotel.it\/de\/food-wine\/das-restaurant-la-rocca\/\" \/>\n<meta property=\"og:locale\" content=\"de_DE\" \/>\n<meta property=\"og:type\" content=\"article\" \/>\n<meta property=\"og:title\" content=\"Ristorante in Val D&#039;Orcia con Vista | La Rocca | La Posta Hotel\" \/>\n<meta property=\"og:description\" content=\"Das Restaurant La Rocca | Hotel La Posta | Val D&#039;Orcia | Toscana\" \/>\n<meta property=\"og:url\" content=\"https:\/\/www.lapostahotel.it\/de\/food-wine\/das-restaurant-la-rocca\/\" \/>\n<meta property=\"og:site_name\" content=\"La Posta Hotel\" \/>\n<meta property=\"article:publisher\" content=\"https:\/\/www.facebook.com\/albergopostamarcucci\" \/>\n<meta property=\"article:modified_time\" content=\"2026-03-06T11:34:59+00:00\" \/>\n<meta property=\"og:image\" content=\"https:\/\/www.lapostahotel.it\/wp-content\/uploads\/2024\/03\/0029_Posta-Marcucci-Marzo-2023-I-Parte-47-683x1024.jpg\" \/>\n\t<meta property=\"og:image:width\" content=\"683\" \/>\n\t<meta property=\"og:image:height\" content=\"1024\" \/>\n\t<meta property=\"og:image:type\" content=\"image\/jpeg\" \/>\n<meta name=\"twitter:card\" content=\"summary_large_image\" \/>\n<meta name=\"twitter:label1\" content=\"Gesch\u00e4tzte Lesezeit\" \/>\n\t<meta name=\"twitter:data1\" content=\"2\u00a0Minuten\" \/>\n<!-- \/ Yoast SEO plugin. -->","yoast_head_json":{"title":"Ristorante in Val D'Orcia con Vista | La Rocca | La Posta Hotel","description":"Das Restaurant La Rocca | Hotel La Posta | Val D'Orcia | Toscana","robots":{"index":"index","follow":"follow","max-snippet":"max-snippet:-1","max-image-preview":"max-image-preview:large","max-video-preview":"max-video-preview:-1"},"canonical":"https:\/\/www.lapostahotel.it\/de\/food-wine\/das-restaurant-la-rocca\/","og_locale":"de_DE","og_type":"article","og_title":"Ristorante in Val D'Orcia con Vista | La Rocca | La Posta Hotel","og_description":"Das Restaurant La Rocca | Hotel La Posta | Val D'Orcia | Toscana","og_url":"https:\/\/www.lapostahotel.it\/de\/food-wine\/das-restaurant-la-rocca\/","og_site_name":"La Posta Hotel","article_publisher":"https:\/\/www.facebook.com\/albergopostamarcucci","article_modified_time":"2026-03-06T11:34:59+00:00","og_image":[{"width":683,"height":1024,"url":"https:\/\/www.lapostahotel.it\/wp-content\/uploads\/2024\/03\/0029_Posta-Marcucci-Marzo-2023-I-Parte-47-683x1024.jpg","type":"image\/jpeg"}],"twitter_card":"summary_large_image","twitter_misc":{"Gesch\u00e4tzte Lesezeit":"2\u00a0Minuten"},"schema":{"@context":"https:\/\/schema.org","@graph":[{"@type":"WebPage","@id":"https:\/\/www.lapostahotel.it\/de\/food-wine\/das-restaurant-la-rocca\/","url":"https:\/\/www.lapostahotel.it\/de\/food-wine\/das-restaurant-la-rocca\/","name":"Ristorante in Val D'Orcia con Vista | La Rocca | La Posta Hotel","isPartOf":{"@id":"https:\/\/www.lapostahotel.it\/de\/#website"},"primaryImageOfPage":{"@id":"https:\/\/www.lapostahotel.it\/de\/food-wine\/das-restaurant-la-rocca\/#primaryimage"},"image":{"@id":"https:\/\/www.lapostahotel.it\/de\/food-wine\/das-restaurant-la-rocca\/#primaryimage"},"thumbnailUrl":"https:\/\/www.lapostahotel.it\/wp-content\/uploads\/2024\/03\/0029_Posta-Marcucci-Marzo-2023-I-Parte-47.jpg","datePublished":"2025-02-18T15:55:21+00:00","dateModified":"2026-03-06T11:34:59+00:00","description":"Das Restaurant La Rocca | Hotel La Posta | Val D'Orcia | Toscana","breadcrumb":{"@id":"https:\/\/www.lapostahotel.it\/de\/food-wine\/das-restaurant-la-rocca\/#breadcrumb"},"inLanguage":"de","potentialAction":[{"@type":"ReadAction","target":["https:\/\/www.lapostahotel.it\/de\/food-wine\/das-restaurant-la-rocca\/"]}]},{"@type":"ImageObject","inLanguage":"de","@id":"https:\/\/www.lapostahotel.it\/de\/food-wine\/das-restaurant-la-rocca\/#primaryimage","url":"https:\/\/www.lapostahotel.it\/wp-content\/uploads\/2024\/03\/0029_Posta-Marcucci-Marzo-2023-I-Parte-47.jpg","contentUrl":"https:\/\/www.lapostahotel.it\/wp-content\/uploads\/2024\/03\/0029_Posta-Marcucci-Marzo-2023-I-Parte-47.jpg","width":1633,"height":2449,"caption":"Sala ristorante con tavoli apparecchiati con tovaglie bianche e runner a righe rosse. Le sedie hanno schienali imbottiti rossi con struttura chiara. Sui tavoli sono presenti candele, bottiglie d\u2019olio e piccole piante decorative. Sullo sfondo si vede una grande credenza in legno con stoviglie, bottiglie e oggetti decorativi."},{"@type":"BreadcrumbList","@id":"https:\/\/www.lapostahotel.it\/de\/food-wine\/das-restaurant-la-rocca\/#breadcrumb","itemListElement":[{"@type":"ListItem","position":1,"name":"Home","item":"https:\/\/www.lapostahotel.it\/de\/"},{"@type":"ListItem","position":2,"name":"Food &amp; Wine","item":"https:\/\/www.lapostahotel.it\/de\/food-wine\/"},{"@type":"ListItem","position":3,"name":"Das Restaurant La Rocca"}]},{"@type":"WebSite","@id":"https:\/\/www.lapostahotel.it\/de\/#website","url":"https:\/\/www.lapostahotel.it\/de\/","name":"La Posta","description":"Hotel &amp; Thermal spa","publisher":{"@id":"https:\/\/www.lapostahotel.it\/de\/#organization"},"alternateName":"Hotel La Posta","potentialAction":[{"@type":"SearchAction","target":{"@type":"EntryPoint","urlTemplate":"https:\/\/www.lapostahotel.it\/de\/?s={search_term_string}"},"query-input":{"@type":"PropertyValueSpecification","valueRequired":true,"valueName":"search_term_string"}}],"inLanguage":"de"},{"@type":"Organization","@id":"https:\/\/www.lapostahotel.it\/de\/#organization","name":"La Posta","alternateName":"Hotel La Posta","url":"https:\/\/www.lapostahotel.it\/de\/","logo":{"@type":"ImageObject","inLanguage":"de","@id":"https:\/\/www.lapostahotel.it\/de\/#\/schema\/logo\/image\/","url":"https:\/\/www.lapostahotel.it\/wp-content\/uploads\/2025\/01\/la-posta-hotel-val-dorcia-toscana-900x900-1.jpg","contentUrl":"https:\/\/www.lapostahotel.it\/wp-content\/uploads\/2025\/01\/la-posta-hotel-val-dorcia-toscana-900x900-1.jpg","width":900,"height":900,"caption":"La Posta"},"image":{"@id":"https:\/\/www.lapostahotel.it\/de\/#\/schema\/logo\/image\/"},"sameAs":["https:\/\/www.facebook.com\/albergopostamarcucci","https:\/\/www.instagram.com\/albergopostamarcucci\/"]}]}},"_links":{"self":[{"href":"https:\/\/www.lapostahotel.it\/de\/wp-json\/wp\/v2\/pages\/3994","targetHints":{"allow":["GET"]}}],"collection":[{"href":"https:\/\/www.lapostahotel.it\/de\/wp-json\/wp\/v2\/pages"}],"about":[{"href":"https:\/\/www.lapostahotel.it\/de\/wp-json\/wp\/v2\/types\/page"}],"author":[{"embeddable":true,"href":"https:\/\/www.lapostahotel.it\/de\/wp-json\/wp\/v2\/users\/1"}],"replies":[{"embeddable":true,"href":"https:\/\/www.lapostahotel.it\/de\/wp-json\/wp\/v2\/comments?post=3994"}],"version-history":[{"count":20,"href":"https:\/\/www.lapostahotel.it\/de\/wp-json\/wp\/v2\/pages\/3994\/revisions"}],"predecessor-version":[{"id":7104,"href":"https:\/\/www.lapostahotel.it\/de\/wp-json\/wp\/v2\/pages\/3994\/revisions\/7104"}],"up":[{"embeddable":true,"href":"https:\/\/www.lapostahotel.it\/de\/wp-json\/wp\/v2\/pages\/3973"}],"wp:featuredmedia":[{"embeddable":true,"href":"https:\/\/www.lapostahotel.it\/de\/wp-json\/wp\/v2\/media\/1971"}],"wp:attachment":[{"href":"https:\/\/www.lapostahotel.it\/de\/wp-json\/wp\/v2\/media?parent=3994"}],"curies":[{"name":"wp","href":"https:\/\/api.w.org\/{rel}","templated":true}]}}