{"id":3982,"date":"2025-02-18T16:55:38","date_gmt":"2025-02-18T15:55:38","guid":{"rendered":"https:\/\/web.lapostahotel.it\/food-wine\/die-gruene-bar\/"},"modified":"2026-02-27T15:40:49","modified_gmt":"2026-02-27T14:40:49","slug":"die-gruene-bar","status":"publish","type":"page","link":"https:\/\/www.lapostahotel.it\/de\/food-wine\/die-gruene-bar\/","title":{"rendered":"Die Gr\u00fcne Bar"},"content":{"rendered":"<div class=\"wpb-content-wrapper\"><p>[vc_row full_width=&#8221;stretch_row_content_no_spaces&#8221; content_placement=&#8221;middle&#8221; css=&#8221;.vc_custom_1772203247236{padding-top: 6em !important;padding-bottom: 6em !important;background-image: url(https:\/\/www.lapostahotel.it\/wp-content\/uploads\/2025\/09\/0034_APM_ste_butturini-35.jpg?id=5011) !important;background-position: center !important;background-repeat: no-repeat !important;background-size: cover !important;}&#8221;][vc_column width=&#8221;5\/6&#8243; el_class=&#8221;white-bg-deco green-border-deco shadow p-4&#8243; offset=&#8221;vc_col-lg-offset-3 vc_col-lg-6 vc_col-md-offset-2 vc_col-md-8 vc_col-xs-offset-1 vc_col-xs-10&#8243;]<h1 class=\"deco-title centro with-subtitle\"><span>Die Gr\u00fcne Bar<br><mark>Die Essenz des guten Trinkens im Rhythmus der Vinylmusik<\/mark><\/span><\/h1>[vc_column_text css=&#8221;&#8221; el_class=&#8221;text-big&#8221;]<\/p>\n<p style=\"text-align: center;\">Im Herzen unseres Hauses verbirgt sich ein Juwel: der Bar Verde. Ein intimer und einladender Ort, an dem die smaragdgr\u00fcnen W\u00e4nde gl\u00e4nzen und die Atmosph\u00e4re mit Charme und W\u00e4rme umh\u00fcllt wird. Hier treffen sich Aperitifs und klassische Drinks, begleitet vom authentischen Klang der Musik auf Vinyl.<\/p>\n<p>[\/vc_column_text][\/vc_column][\/vc_row][vc_row css=&#8221;.vc_custom_1739894721462{padding-top: 2em !important;padding-bottom: 2em !important;}&#8221;][vc_column]<div id=\"un-angolo-esclusivo\" class=\"feature-carousel-wrapper\">\n\t\t\t\t\t\t\t\t<link rel=\"preload\" as=\"image\" href=\"https:\/\/www.lapostahotel.it\/wp-content\/uploads\/2025\/02\/0071_Posta-Marcucci-InterniRitratti-Febbraio-2024-I-Scelta-70-scaled.jpg\">\n\t\t\t\t\t\t\t\t<div class=\"features-carousel\" style=\"--features-carousel-color:#D6BCA7;\">\n\t\t\t\t\t\t\t\t\t<div class=\"row g-0\">\n\t\t\t\t\t\t\t\t\t\t<div class=\"col-lg-8 col-12 features-carousel-cycler\">\n\t\t\t\t\t\t\t\t\t\t\t<img decoding=\"async\" class=\"active\" src=\"https:\/\/www.lapostahotel.it\/wp-content\/uploads\/2025\/02\/0071_Posta-Marcucci-InterniRitratti-Febbraio-2024-I-Scelta-70-scaled.jpg\" alt=\"barista che prepara un cocktail\" \/>\n\t\t\t\t\t\t\t\t\t\t<\/div>\n\t\t\t\t\t\t\t\t\t\t<div class=\"col-lg-4 d-lg-block d-none features-carousel-color\"><\/div>\n\t\t\t\t\t\t\t\t\t<\/div>\n\t\t\t\t\t\t\t\t\t<div id=\"features-carousel-69e73b7a3e738\" class=\"features-slider carousel slide\" data-bs-ride=\"carousel\" data-bs-interval=\"10000\">\n\t\t\t\t\t\t\t\t\t\t<div class=\"carousel-inner white-bg-deco\">\n\t\t\t\t\t\t\t\t\t\t\t<div data-index=\"0\" class=\"features-item carousel-item item active p-4\">\n\t\t\t\t\t\t\t\t<div class=\"features-item-table\">\n\t\t\t\t\t\t\t\t\t<div class=\"features-item-table-item\">\n\t\t\t\t\t\t\t\t\t\t<h3 class=\"deco-title mb-2\"><span>Ein exklusiver Ort<\/span><\/h3>\n\t\t\t\t\t\t\t\t\t\t<div class=\"features-item-text\">Der Bar Verde hat keinen Blick auf die Pools oder den Garten, sondern offenbart sich als ein gem\u00fctlicher und privater Raum, abseits der fl\u00fcchtigen Blicke. Es ist eine ruhige Ecke, perfekt f\u00fcr diejenigen, die sich einen Moment der Stille g\u00f6nnen, sich unterhalten oder einfach einen meisterhaft zubereiteten Cocktail genie\u00dfen m\u00f6chten. <\/div>\n\t\t\t\t\t\t\t\t\t\t\n\t\t\t\t\t\t\t\t\t\t\n\t\t\t\t\t\t\t\t\t<\/div>\n\t\t\t\t\t\t\t\t<\/div>\n\t\t\t\t\t\t\t<\/div>\n\t\t\t\t\t\t\t\t\t\t<\/div>\n\t\t\t\t\t\t\t\t\t\t\n\t\t\t\t\t\t\t\t\t<\/div>\n\t\t\t\t\t\t\t\t<\/div>\n\t\t\t\t\t\t\t<\/div>[\/vc_column][\/vc_row][vc_row css=&#8221;.vc_custom_1739894721462{padding-top: 2em !important;padding-bottom: 2em !important;}&#8221;][vc_column]<div id=\"un-angolo-esclusivo\" class=\"feature-carousel-wrapper reverse\">\n\t\t\t\t\t\t\t\t<link rel=\"preload\" as=\"image\" href=\"https:\/\/www.lapostahotel.it\/wp-content\/uploads\/2024\/03\/0051_Posta-Marcucci-III-Parte-I-Scelta-50-1-scaled.jpg\">\n\t\t\t\t\t\t\t\t<div class=\"features-carousel\" style=\"--features-carousel-color:#65926A;\">\n\t\t\t\t\t\t\t\t\t<div class=\"row g-0\">\n\t\t\t\t\t\t\t\t\t\t<div class=\"col-lg-8 col-12 features-carousel-cycler order-last\">\n\t\t\t\t\t\t\t\t\t\t\t<img decoding=\"async\" class=\"active\" src=\"https:\/\/www.lapostahotel.it\/wp-content\/uploads\/2024\/03\/0051_Posta-Marcucci-III-Parte-I-Scelta-50-1-scaled.jpg\" alt=\"dettaglio di una bottiglia che contiene un liquido verde\" \/>\n\t\t\t\t\t\t\t\t\t\t<\/div>\n\t\t\t\t\t\t\t\t\t\t<div class=\"col-lg-4 d-lg-block d-none features-carousel-color order-first\"><\/div>\n\t\t\t\t\t\t\t\t\t<\/div>\n\t\t\t\t\t\t\t\t\t<div id=\"features-carousel-69e73b7a3ea45\" class=\"features-slider carousel slide\" data-bs-ride=\"carousel\" data-bs-interval=\"10000\">\n\t\t\t\t\t\t\t\t\t\t<div class=\"carousel-inner white-bg-deco\">\n\t\t\t\t\t\t\t\t\t\t\t<div data-index=\"0\" class=\"features-item carousel-item item active p-4\">\n\t\t\t\t\t\t\t\t<div class=\"features-item-table\">\n\t\t\t\t\t\t\t\t\t<div class=\"features-item-table-item\">\n\t\t\t\t\t\t\t\t\t\t<h3 class=\"deco-title mb-2\"><span>Alchemie und Atmosph\u00e4re<\/span><\/h3>\n\t\t\t\t\t\t\t\t\t\t<div class=\"features-item-text\">Jeder Drink ist ein kleines Meisterwerk, ein Gleichgewicht von Aromen und Kreativit\u00e4t, das die Kunst des Mixens feiert. Ob Sie nun raffinierte Aperitifs oder zeitlose Klassiker bevorzugen, hier finden Sie Ihren besonderen Platz, wo die Atmosph\u00e4re immer genau richtig ist. <\/div>\n\t\t\t\t\t\t\t\t\t\t\n\t\t\t\t\t\t\t\t\t\t\n\t\t\t\t\t\t\t\t\t<\/div>\n\t\t\t\t\t\t\t\t<\/div>\n\t\t\t\t\t\t\t<\/div>\n\t\t\t\t\t\t\t\t\t\t<\/div>\n\t\t\t\t\t\t\t\t\t\t\n\t\t\t\t\t\t\t\t\t<\/div>\n\t\t\t\t\t\t\t\t<\/div>\n\t\t\t\t\t\t\t<\/div>[\/vc_column][\/vc_row][vc_row css=&#8221;.vc_custom_1698678717080{padding-top: 4em !important;padding-bottom: 4em !important;}&#8221;][vc_column width=&#8221;5\/6&#8243; offset=&#8221;vc_col-lg-offset-3 vc_col-lg-6 vc_col-md-offset-2 vc_col-md-8 vc_col-xs-offset-1 vc_col-xs-10&#8243;]<h2 class=\"deco-title centro\"><span>\u00d6ffnungszeiten<\/span><\/h2>[vc_column_text css=&#8221;&#8221; el_class=&#8221;text-big&#8221;]<\/p>\n<p style=\"text-align: center;\">Wir sind von <strong>15:00<\/strong> bis <strong>23:30<\/strong> Uhr ge\u00f6ffnet, mit Vinylmusik, die im Hintergrund spielt und die perfekte Kulisse f\u00fcr einen unvergesslichen Abend schafft.<\/p>\n<p style=\"text-align: center;\">Die Green Bar ist der Ort, an dem die Zeit vergeht, der Geschmack zum Leben erwacht und jeder Moment einzigartig wird.<\/p>\n<p style=\"text-align: center;\">Wir warten auf Sie.<\/p>\n<p>[\/vc_column_text][\/vc_column][\/vc_row]<\/p>\n<\/div>","protected":false},"excerpt":{"rendered":"<p>[vc_row full_width=&#8221;stretch_row_content_no_spaces&#8221; content_placement=&#8221;middle&#8221; css=&#8221;.vc_custom_1772203247236{padding-top: 6em !important;padding-bottom: 6em !important;background-image: url(https:\/\/www.lapostahotel.it\/wp-content\/uploads\/2025\/09\/0034_APM_ste_butturini-35.jpg?id=5011) !important;background-position: center !important;background-repeat: no-repeat !important;background-size: cover !important;}&#8221;][vc_column width=&#8221;5\/6&#8243; el_class=&#8221;white-bg-deco green-border-deco shadow p-4&#8243; offset=&#8221;vc_col-lg-offset-3 vc_col-lg-6 vc_col-md-offset-2 vc_col-md-8 vc_col-xs-offset-1 vc_col-xs-10&#8243;][vc_column_text css=&#8221;&#8221; el_class=&#8221;text-big&#8221;] Im Herzen unseres Hauses verbirgt sich ein Juwel: der Bar Verde. Ein intimer und einladender Ort, an dem die smaragdgr\u00fcnen W\u00e4nde gl\u00e4nzen und die Atmosph\u00e4re mit [&hellip;]<\/p>\n","protected":false},"author":1,"featured_media":3578,"parent":3973,"menu_order":0,"comment_status":"closed","ping_status":"closed","template":"","meta":{"_acf_changed":false,"footnotes":""},"class_list":["post-3982","page","type-page","status-publish","has-post-thumbnail","hentry"],"acf":[],"yoast_head":"<!-- This site is optimized with the Yoast SEO plugin v27.4 - https:\/\/yoast.com\/product\/yoast-seo-wordpress\/ -->\n<title>Cocktailbar | Bagno Vignoni | La Posta Hotel<\/title>\n<meta name=\"description\" content=\"Die Gr\u00fcne Bar | Hotel La Posta | Val D&#039;Orcia | Toscana\" \/>\n<meta name=\"robots\" content=\"index, follow, max-snippet:-1, max-image-preview:large, max-video-preview:-1\" \/>\n<link rel=\"canonical\" href=\"https:\/\/www.lapostahotel.it\/de\/food-wine\/die-gruene-bar\/\" \/>\n<meta property=\"og:locale\" content=\"de_DE\" \/>\n<meta property=\"og:type\" content=\"article\" \/>\n<meta property=\"og:title\" content=\"Cocktailbar | Bagno Vignoni | La Posta Hotel\" \/>\n<meta property=\"og:description\" content=\"Die Gr\u00fcne Bar | Hotel La Posta | Val D&#039;Orcia | Toscana\" \/>\n<meta property=\"og:url\" content=\"https:\/\/www.lapostahotel.it\/de\/food-wine\/die-gruene-bar\/\" \/>\n<meta property=\"og:site_name\" content=\"La Posta Hotel\" \/>\n<meta property=\"article:publisher\" content=\"https:\/\/www.facebook.com\/albergopostamarcucci\" \/>\n<meta property=\"article:modified_time\" content=\"2026-02-27T14:40:49+00:00\" \/>\n<meta property=\"og:image\" content=\"https:\/\/www.lapostahotel.it\/wp-content\/uploads\/2025\/02\/0035_Posta-Marcucci-III-Parte-II-Scelta-34-scaled.jpg\" \/>\n\t<meta property=\"og:image:width\" content=\"2560\" \/>\n\t<meta property=\"og:image:height\" content=\"1707\" \/>\n\t<meta property=\"og:image:type\" content=\"image\/jpeg\" \/>\n<meta name=\"twitter:card\" content=\"summary_large_image\" \/>\n<meta name=\"twitter:label1\" content=\"Gesch\u00e4tzte Lesezeit\" \/>\n\t<meta name=\"twitter:data1\" content=\"2\u00a0Minuten\" \/>\n<!-- \/ Yoast SEO plugin. -->","yoast_head_json":{"title":"Cocktailbar | Bagno Vignoni | La Posta Hotel","description":"Die Gr\u00fcne Bar | Hotel La Posta | Val D'Orcia | Toscana","robots":{"index":"index","follow":"follow","max-snippet":"max-snippet:-1","max-image-preview":"max-image-preview:large","max-video-preview":"max-video-preview:-1"},"canonical":"https:\/\/www.lapostahotel.it\/de\/food-wine\/die-gruene-bar\/","og_locale":"de_DE","og_type":"article","og_title":"Cocktailbar | Bagno Vignoni | La Posta Hotel","og_description":"Die Gr\u00fcne Bar | Hotel La Posta | Val D'Orcia | Toscana","og_url":"https:\/\/www.lapostahotel.it\/de\/food-wine\/die-gruene-bar\/","og_site_name":"La Posta Hotel","article_publisher":"https:\/\/www.facebook.com\/albergopostamarcucci","article_modified_time":"2026-02-27T14:40:49+00:00","og_image":[{"width":2560,"height":1707,"url":"https:\/\/www.lapostahotel.it\/wp-content\/uploads\/2025\/02\/0035_Posta-Marcucci-III-Parte-II-Scelta-34-scaled.jpg","type":"image\/jpeg"}],"twitter_card":"summary_large_image","twitter_misc":{"Gesch\u00e4tzte Lesezeit":"2\u00a0Minuten"},"schema":{"@context":"https:\/\/schema.org","@graph":[{"@type":"WebPage","@id":"https:\/\/www.lapostahotel.it\/de\/food-wine\/die-gruene-bar\/","url":"https:\/\/www.lapostahotel.it\/de\/food-wine\/die-gruene-bar\/","name":"Cocktailbar | Bagno Vignoni | La Posta Hotel","isPartOf":{"@id":"https:\/\/www.lapostahotel.it\/de\/#website"},"primaryImageOfPage":{"@id":"https:\/\/www.lapostahotel.it\/de\/food-wine\/die-gruene-bar\/#primaryimage"},"image":{"@id":"https:\/\/www.lapostahotel.it\/de\/food-wine\/die-gruene-bar\/#primaryimage"},"thumbnailUrl":"https:\/\/www.lapostahotel.it\/wp-content\/uploads\/2025\/02\/0035_Posta-Marcucci-III-Parte-II-Scelta-34-scaled.jpg","datePublished":"2025-02-18T15:55:38+00:00","dateModified":"2026-02-27T14:40:49+00:00","description":"Die Gr\u00fcne Bar | Hotel La Posta | Val D'Orcia | Toscana","breadcrumb":{"@id":"https:\/\/www.lapostahotel.it\/de\/food-wine\/die-gruene-bar\/#breadcrumb"},"inLanguage":"de","potentialAction":[{"@type":"ReadAction","target":["https:\/\/www.lapostahotel.it\/de\/food-wine\/die-gruene-bar\/"]}]},{"@type":"ImageObject","inLanguage":"de","@id":"https:\/\/www.lapostahotel.it\/de\/food-wine\/die-gruene-bar\/#primaryimage","url":"https:\/\/www.lapostahotel.it\/wp-content\/uploads\/2025\/02\/0035_Posta-Marcucci-III-Parte-II-Scelta-34-scaled.jpg","contentUrl":"https:\/\/www.lapostahotel.it\/wp-content\/uploads\/2025\/02\/0035_Posta-Marcucci-III-Parte-II-Scelta-34-scaled.jpg","width":2560,"height":1707,"caption":"veduta del bar con poltrone rosse"},{"@type":"BreadcrumbList","@id":"https:\/\/www.lapostahotel.it\/de\/food-wine\/die-gruene-bar\/#breadcrumb","itemListElement":[{"@type":"ListItem","position":1,"name":"Home","item":"https:\/\/www.lapostahotel.it\/de\/"},{"@type":"ListItem","position":2,"name":"Food &amp; Wine","item":"https:\/\/www.lapostahotel.it\/de\/food-wine\/"},{"@type":"ListItem","position":3,"name":"Die Gr\u00fcne Bar"}]},{"@type":"WebSite","@id":"https:\/\/www.lapostahotel.it\/de\/#website","url":"https:\/\/www.lapostahotel.it\/de\/","name":"La Posta","description":"Hotel &amp; Thermal spa","publisher":{"@id":"https:\/\/www.lapostahotel.it\/de\/#organization"},"alternateName":"Hotel La Posta","potentialAction":[{"@type":"SearchAction","target":{"@type":"EntryPoint","urlTemplate":"https:\/\/www.lapostahotel.it\/de\/?s={search_term_string}"},"query-input":{"@type":"PropertyValueSpecification","valueRequired":true,"valueName":"search_term_string"}}],"inLanguage":"de"},{"@type":"Organization","@id":"https:\/\/www.lapostahotel.it\/de\/#organization","name":"La Posta","alternateName":"Hotel La Posta","url":"https:\/\/www.lapostahotel.it\/de\/","logo":{"@type":"ImageObject","inLanguage":"de","@id":"https:\/\/www.lapostahotel.it\/de\/#\/schema\/logo\/image\/","url":"https:\/\/www.lapostahotel.it\/wp-content\/uploads\/2025\/01\/la-posta-hotel-val-dorcia-toscana-900x900-1.jpg","contentUrl":"https:\/\/www.lapostahotel.it\/wp-content\/uploads\/2025\/01\/la-posta-hotel-val-dorcia-toscana-900x900-1.jpg","width":900,"height":900,"caption":"La Posta"},"image":{"@id":"https:\/\/www.lapostahotel.it\/de\/#\/schema\/logo\/image\/"},"sameAs":["https:\/\/www.facebook.com\/albergopostamarcucci","https:\/\/www.instagram.com\/albergopostamarcucci\/"]}]}},"_links":{"self":[{"href":"https:\/\/www.lapostahotel.it\/de\/wp-json\/wp\/v2\/pages\/3982","targetHints":{"allow":["GET"]}}],"collection":[{"href":"https:\/\/www.lapostahotel.it\/de\/wp-json\/wp\/v2\/pages"}],"about":[{"href":"https:\/\/www.lapostahotel.it\/de\/wp-json\/wp\/v2\/types\/page"}],"author":[{"embeddable":true,"href":"https:\/\/www.lapostahotel.it\/de\/wp-json\/wp\/v2\/users\/1"}],"replies":[{"embeddable":true,"href":"https:\/\/www.lapostahotel.it\/de\/wp-json\/wp\/v2\/comments?post=3982"}],"version-history":[{"count":5,"href":"https:\/\/www.lapostahotel.it\/de\/wp-json\/wp\/v2\/pages\/3982\/revisions"}],"predecessor-version":[{"id":6898,"href":"https:\/\/www.lapostahotel.it\/de\/wp-json\/wp\/v2\/pages\/3982\/revisions\/6898"}],"up":[{"embeddable":true,"href":"https:\/\/www.lapostahotel.it\/de\/wp-json\/wp\/v2\/pages\/3973"}],"wp:featuredmedia":[{"embeddable":true,"href":"https:\/\/www.lapostahotel.it\/de\/wp-json\/wp\/v2\/media\/3578"}],"wp:attachment":[{"href":"https:\/\/www.lapostahotel.it\/de\/wp-json\/wp\/v2\/media?parent=3982"}],"curies":[{"name":"wp","href":"https:\/\/api.w.org\/{rel}","templated":true}]}}