{"id":1571,"date":"2024-03-06T11:26:15","date_gmt":"2024-03-06T10:26:15","guid":{"rendered":"https:\/\/www.postamarcucci.it\/cookie-policy\/"},"modified":"2025-01-13T10:23:07","modified_gmt":"2025-01-13T09:23:07","slug":"cookie-policy","status":"publish","type":"page","link":"https:\/\/www.lapostahotel.it\/de\/cookie-policy\/","title":{"rendered":"Cookie Policy"},"content":{"rendered":"<div class=\"wpb-content-wrapper\"><p>[vc_row css=&#8221;.vc_custom_1709721120366{padding-top: 2em !important;}&#8221;][vc_column]<h1 class=\"deco-title sinistra with-subtitle\"><span>Cookies<br><mark>Was sind Cookies?<\/mark><\/span><\/h1>[vc_column_text css=&#8221;&#8221;]Cookies sind kleine Textdateien, die auf Ihrem Computer abgelegt werden, wenn Sie bestimmte Websites besuchen.<\/p>\n<p>Wir nutzen Cookies (u. a. von Drittanbietern) auf unserer Website. Einige von ihnen sind f\u00fcr den technischen Betrieb der Webseite unbedingt erforderlich. Andere ben\u00f6tigen wir um die Zugriffe auf unserer Webseite zu analysieren oder um unsere Webseite und Werbema\u00dfnahmen zu verbessern. Unter dem untenstehenden Link &#8220;Cookie-Einstellungen&#8221; k\u00f6nnen Sie sehen, welche Arten von Cookies diese Webseite verwendet. Au\u00dferdem haben Sie dort die M\u00f6glichkeit die einzelnen Cookies abzuw\u00e4hlen und diese Auswahl jederzeit abzu\u00e4ndern.<\/p>\n<p>Wir weisen Sie darauf hin, dass, wenn Sie sich entscheiden, Cookies zu deaktivieren oder abzulehnen, einige Teile von <a href=\"https:\/\/www.lapostahotel.it\">www.lapostahotel.it<\/a> und seinen Subdomains m\u00f6glicherweise nicht zug\u00e4nglich sind oder nicht richtig funktionieren.<\/p>\n<p>Um eine vollst\u00e4ndige und problemlose Nutzung dieser Website zu gew\u00e4hrleisten, sollten Sie Ihren Browser so einrichten, dass er diese Cookies akzeptiert. Die Cookies stellen f\u00fcr Ihren Computer, Ihr Tablet oder Ihr Smartphone keine Gefahr dar.<br \/>\nIn den von www.lapostahotel.it erzeugten Cookies werden keine pers\u00f6nlich identifizierbaren Informationen gespeichert, sondern nur verschl\u00fcsselte Informationen. Weitere Informationen zum Datenschutz auf dieser Website finden Sie in unseren<a href=\"https:\/\/www.lapostahotel.it\/it\/privacy-policy\/\">Datenschutzbestimmungen.<\/a>[\/vc_column_text][\/vc_column][\/vc_row][vc_row el_class=&#8221;p-4 rounded&#8221; css=&#8221;.vc_custom_1709721178687{background-color: #f7faf3 !important;}&#8221;][vc_column][vc_column_text]<div class=\"cookie-preference-wrapper\">\n\t\t\t\t\n\t\t\t\t<h4>Cookie-Einstellungen<\/h4>\n\t\t\t\t\n\t\t\t\t<form class=\"cookie-preference\">\n\t\t\t\t\t\n\t\t\t\t\t<div class=\"border p-3 mb-2\">\n\t\t\t\t\t\t<fieldset class=\"cookie-list-block\">\n\t\t\t\t\t\t\t<legend class=\"mb-2\">Basisfunktionalit\u00e4t<\/legend>\n\t\t\t\t\t\t\t<div class=\"form-check form-check-inline\">\n\t\t\t\t\t\t\t\t<input class=\"aitec-privacy-option form-check-input\" type=\"radio\" name=\"functionality_storage\" id=\"functionality_storage_accept\" value=\"granted\" checked disabled>\n\t\t\t\t\t\t\t\t<label for=\"functionality_storage_accept\" class=\"form-check-label\">Akzeptieren<\/label>\n\t\t\t\t\t\t\t<\/div>\n\t\t\t\t\t\t\t\n\t\t\t\t\t\t<\/fieldset>\n\t\t\t\t\t\t<table class=\"cookie-list-table table table-striped table-bordered table-sm mb-2\">\n\t\t\t\t\t\t\n\t\t\t\t\t\t<thead>\n\t\t\t\t\t\t\t<tr>\n\t\t\t\t\t\t\t\t<th scope=\"col\">Cookie-Name<\/th>\n\t\t\t\t\t\t\t\t<th scope=\"col\">Besitzer<\/th>\n\t\t\t\t\t\t\t\t<th scope=\"col\">Dauer<\/th>\n\t\t\t\t\t\t\t\t<th scope=\"col\">Beschreibung<\/th>\n\t\t\t\t\t\t\t<\/tr>\n\t\t\t\t\t\t<\/thead>\n\t\t\t\t\t\t<tbody>\n\t\t\t\t\t\t\t<tr>\n\t\t\t\t\t\t<td>privCheck<\/td>\n\t\t\t\t\t\t<td>lapostahotel.it<\/td>\n\t\t\t\t\t\t<td>6 months<\/td>\n\t\t\t\t\t\t<td>Technical Cookie<\/td>\n\t\t\t\t\t<\/tr>\n<tr>\n\t\t\t\t\t\t<td>privSettings<\/td>\n\t\t\t\t\t\t<td>lapostahotel.it<\/td>\n\t\t\t\t\t\t<td>6 months<\/td>\n\t\t\t\t\t\t<td>Technical Cookie<\/td>\n\t\t\t\t\t<\/tr>\n<tr>\n\t\t\t\t\t\t<td>ap-*<\/td>\n\t\t\t\t\t\t<td>lapostahotel.it<\/td>\n\t\t\t\t\t\t<td>6 months<\/td>\n\t\t\t\t\t\t<td>Technical Cookie<\/td>\n\t\t\t\t\t<\/tr>\n\t\t\t\t\t\t<\/tbody>\n\t\t\t\t\t<\/table>\n\t\t\t\t\t<\/div>\n<div class=\"border p-3 mb-2\">\n\t\t\t\t\t\t<fieldset class=\"cookie-list-block\">\n\t\t\t\t\t\t\t<legend class=\"mb-2\">Analysefunktionen<\/legend>\n\t\t\t\t\t\t\t<div class=\"form-check form-check-inline\">\n\t\t\t\t\t\t\t\t<input class=\"aitec-privacy-option form-check-input\" type=\"radio\" name=\"analytics_storage\" id=\"analytics_storage_accept\" value=\"granted\">\n\t\t\t\t\t\t\t\t<label for=\"analytics_storage_accept\" class=\"form-check-label\">Akzeptieren<\/label>\n\t\t\t\t\t\t\t<\/div>\n\t\t\t\t\t\t\t\n\t\t\t\t\t\t\t<div class=\"form-check form-check-inline\">\n\t\t\t\t\t\t\t\t<input class=\"aitec-privacy-option form-check-input\" type=\"radio\" name=\"analytics_storage\" id=\"analytics_storage_reject\" value=\"denied\" checked>\n\t\t\t\t\t\t\t\t<label for=\"analytics_storage_reject\" class=\"form-check-label\">Ablehnen<\/label>\n\t\t\t\t\t\t\t<\/div>\n\t\t\t\t\t\t<\/fieldset>\n\t\t\t\t\t\t<table class=\"cookie-list-table table table-striped table-bordered table-sm mb-2\">\n\t\t\t\t\t\t\n\t\t\t\t\t\t<thead>\n\t\t\t\t\t\t\t<tr>\n\t\t\t\t\t\t\t\t<th scope=\"col\">Cookie-Name<\/th>\n\t\t\t\t\t\t\t\t<th scope=\"col\">Besitzer<\/th>\n\t\t\t\t\t\t\t\t<th scope=\"col\">Dauer<\/th>\n\t\t\t\t\t\t\t\t<th scope=\"col\">Beschreibung<\/th>\n\t\t\t\t\t\t\t<\/tr>\n\t\t\t\t\t\t<\/thead>\n\t\t\t\t\t\t<tbody>\n\t\t\t\t\t\t\t<tr>\n\t\t\t\t\t\t<td>_ga<\/td>\n\t\t\t\t\t\t<td>google.com<\/td>\n\t\t\t\t\t\t<td>2 years<\/td>\n\t\t\t\t\t\t<td>Technical Cookie<\/td>\n\t\t\t\t\t<\/tr>\n<tr>\n\t\t\t\t\t\t<td>_ga_JE3J5JBCFL<\/td>\n\t\t\t\t\t\t<td>google.com<\/td>\n\t\t\t\t\t\t<td>2 years<\/td>\n\t\t\t\t\t\t<td>Technical Cookie<\/td>\n\t\t\t\t\t<\/tr>\n<tr>\n\t\t\t\t\t\t<td>t3pentry<\/td>\n\t\t\t\t\t\t<td>Brandnamic<\/td>\n\t\t\t\t\t\t<td>Session<\/td>\n\t\t\t\t\t\t<td>Technical Cookie<\/td>\n\t\t\t\t\t<\/tr>\n<tr>\n\t\t\t\t\t\t<td>t3pref<\/td>\n\t\t\t\t\t\t<td>Brandnamic<\/td>\n\t\t\t\t\t\t<td>Session<\/td>\n\t\t\t\t\t\t<td>Technical Cookie<\/td>\n\t\t\t\t\t<\/tr>\n\t\t\t\t\t\t<\/tbody>\n\t\t\t\t\t<\/table>\n\t\t\t\t\t<\/div>\n<div class=\"border p-3 mb-2\">\n\t\t\t\t\t\t<fieldset class=\"cookie-list-block\">\n\t\t\t\t\t\t\t<legend class=\"mb-2\">Personalization Functionality<\/legend>\n\t\t\t\t\t\t\t<div class=\"form-check form-check-inline\">\n\t\t\t\t\t\t\t\t<input class=\"aitec-privacy-option form-check-input\" type=\"radio\" name=\"personalization_storage\" id=\"personalization_storage_accept\" value=\"granted\">\n\t\t\t\t\t\t\t\t<label for=\"personalization_storage_accept\" class=\"form-check-label\">Akzeptieren<\/label>\n\t\t\t\t\t\t\t<\/div>\n\t\t\t\t\t\t\t\n\t\t\t\t\t\t\t<div class=\"form-check form-check-inline\">\n\t\t\t\t\t\t\t\t<input class=\"aitec-privacy-option form-check-input\" type=\"radio\" name=\"personalization_storage\" id=\"personalization_storage_reject\" value=\"denied\" checked>\n\t\t\t\t\t\t\t\t<label for=\"personalization_storage_reject\" class=\"form-check-label\">Ablehnen<\/label>\n\t\t\t\t\t\t\t<\/div>\n\t\t\t\t\t\t<\/fieldset>\n\t\t\t\t\t\t<table class=\"cookie-list-table table table-striped table-bordered table-sm mb-2\">\n\t\t\t\t\t\t\n\t\t\t\t\t\t<thead>\n\t\t\t\t\t\t\t<tr>\n\t\t\t\t\t\t\t\t<th scope=\"col\">Cookie-Name<\/th>\n\t\t\t\t\t\t\t\t<th scope=\"col\">Besitzer<\/th>\n\t\t\t\t\t\t\t\t<th scope=\"col\">Dauer<\/th>\n\t\t\t\t\t\t\t\t<th scope=\"col\">Beschreibung<\/th>\n\t\t\t\t\t\t\t<\/tr>\n\t\t\t\t\t\t<\/thead>\n\t\t\t\t\t\t<tbody>\n\t\t\t\t\t\t\t<tr>\n\t\t\t\t\t\t<td>wp-wpml_current_language<\/td>\n\t\t\t\t\t\t<td>lapostahotel.it<\/td>\n\t\t\t\t\t\t<td>1 day<\/td>\n\t\t\t\t\t\t<td>Language preference<\/td>\n\t\t\t\t\t<\/tr>\n<tr>\n\t\t\t\t\t\t<td>wai<\/td>\n\t\t\t\t\t\t<td>lapostahotel.it<\/td>\n\t\t\t\t\t\t<td>Session<\/td>\n\t\t\t\t\t\t<td>Accessibility<\/td>\n\t\t\t\t\t<\/tr>\n\t\t\t\t\t\t<\/tbody>\n\t\t\t\t\t<\/table>\n\t\t\t\t\t<\/div>\n<div class=\"border p-3 mb-2\">\n\t\t\t\t\t\t<fieldset class=\"cookie-list-block\">\n\t\t\t\t\t\t\t<legend class=\"mb-2\">Werbefunktionalit\u00e4t<\/legend>\n\t\t\t\t\t\t\t<div class=\"form-check form-check-inline\">\n\t\t\t\t\t\t\t\t<input class=\"aitec-privacy-option form-check-input\" type=\"radio\" name=\"ad_storage\" id=\"ad_storage_accept\" value=\"granted\">\n\t\t\t\t\t\t\t\t<label for=\"ad_storage_accept\" class=\"form-check-label\">Akzeptieren<\/label>\n\t\t\t\t\t\t\t<\/div>\n\t\t\t\t\t\t\t\n\t\t\t\t\t\t\t<div class=\"form-check form-check-inline\">\n\t\t\t\t\t\t\t\t<input class=\"aitec-privacy-option form-check-input\" type=\"radio\" name=\"ad_storage\" id=\"ad_storage_reject\" value=\"denied\" checked>\n\t\t\t\t\t\t\t\t<label for=\"ad_storage_reject\" class=\"form-check-label\">Ablehnen<\/label>\n\t\t\t\t\t\t\t<\/div>\n\t\t\t\t\t\t<\/fieldset>\n\t\t\t\t\t\t<table class=\"cookie-list-table table table-striped table-bordered table-sm mb-2\">\n\t\t\t\t\t\t\n\t\t\t\t\t\t<thead>\n\t\t\t\t\t\t\t<tr>\n\t\t\t\t\t\t\t\t<th scope=\"col\">Cookie-Name<\/th>\n\t\t\t\t\t\t\t\t<th scope=\"col\">Besitzer<\/th>\n\t\t\t\t\t\t\t\t<th scope=\"col\">Dauer<\/th>\n\t\t\t\t\t\t\t\t<th scope=\"col\">Beschreibung<\/th>\n\t\t\t\t\t\t\t<\/tr>\n\t\t\t\t\t\t<\/thead>\n\t\t\t\t\t\t<tbody>\n\t\t\t\t\t\t\t<tr>\n\t\t\t\t\t\t<td>_gcl_au<\/td>\n\t\t\t\t\t\t<td>google.com<\/td>\n\t\t\t\t\t\t<td>2 years<\/td>\n\t\t\t\t\t\t<td>Marketing Cookie<\/td>\n\t\t\t\t\t<\/tr>\n<tr>\n\t\t\t\t\t\t<td>_fbp<\/td>\n\t\t\t\t\t\t<td>facebook.com<\/td>\n\t\t\t\t\t\t<td>1 day<\/td>\n\t\t\t\t\t\t<td>Facebook Marketing Cookie<\/td>\n\t\t\t\t\t<\/tr>\n\t\t\t\t\t\t<\/tbody>\n\t\t\t\t\t<\/table>\n\t\t\t\t\t<\/div>\n<div class=\"border p-3 mb-2\">\n\t\t\t\t\t\t<fieldset class=\"cookie-list-block\">\n\t\t\t\t\t\t\t<legend class=\"mb-2\">Werbenutzerdaten<\/legend>\n\t\t\t\t\t\t\t<div class=\"form-check form-check-inline\">\n\t\t\t\t\t\t\t\t<input class=\"aitec-privacy-option form-check-input\" type=\"radio\" name=\"ad_user_data\" id=\"ad_user_data_accept\" value=\"granted\">\n\t\t\t\t\t\t\t\t<label for=\"ad_user_data_accept\" class=\"form-check-label\">Akzeptieren<\/label>\n\t\t\t\t\t\t\t<\/div>\n\t\t\t\t\t\t\t\n\t\t\t\t\t\t\t<div class=\"form-check form-check-inline\">\n\t\t\t\t\t\t\t\t<input class=\"aitec-privacy-option form-check-input\" type=\"radio\" name=\"ad_user_data\" id=\"ad_user_data_reject\" value=\"denied\" checked>\n\t\t\t\t\t\t\t\t<label for=\"ad_user_data_reject\" class=\"form-check-label\">Ablehnen<\/label>\n\t\t\t\t\t\t\t<\/div>\n\t\t\t\t\t\t<\/fieldset>\n\t\t\t\t\t\t\n\t\t\t\t\t<\/div>\n<div class=\"border p-3 mb-2\">\n\t\t\t\t\t\t<fieldset class=\"cookie-list-block\">\n\t\t\t\t\t\t\t<legend class=\"mb-2\">Personalisierung von Werbung<\/legend>\n\t\t\t\t\t\t\t<div class=\"form-check form-check-inline\">\n\t\t\t\t\t\t\t\t<input class=\"aitec-privacy-option form-check-input\" type=\"radio\" name=\"ad_personalization\" id=\"ad_personalization_accept\" value=\"granted\">\n\t\t\t\t\t\t\t\t<label for=\"ad_personalization_accept\" class=\"form-check-label\">Akzeptieren<\/label>\n\t\t\t\t\t\t\t<\/div>\n\t\t\t\t\t\t\t\n\t\t\t\t\t\t\t<div class=\"form-check form-check-inline\">\n\t\t\t\t\t\t\t\t<input class=\"aitec-privacy-option form-check-input\" type=\"radio\" name=\"ad_personalization\" id=\"ad_personalization_reject\" value=\"denied\" checked>\n\t\t\t\t\t\t\t\t<label for=\"ad_personalization_reject\" class=\"form-check-label\">Ablehnen<\/label>\n\t\t\t\t\t\t\t<\/div>\n\t\t\t\t\t\t<\/fieldset>\n\t\t\t\t\t\t\n\t\t\t\t\t<\/div>\n<div class=\"border p-3 mb-2\">\n\t\t\t\t\t\t<fieldset class=\"cookie-list-block\">\n\t\t\t\t\t\t\t<legend class=\"mb-2\">Sicherheitsfunktionen<\/legend>\n\t\t\t\t\t\t\t<div class=\"form-check form-check-inline\">\n\t\t\t\t\t\t\t\t<input class=\"aitec-privacy-option form-check-input\" type=\"radio\" name=\"security_storage\" id=\"security_storage_accept\" value=\"granted\">\n\t\t\t\t\t\t\t\t<label for=\"security_storage_accept\" class=\"form-check-label\">Akzeptieren<\/label>\n\t\t\t\t\t\t\t<\/div>\n\t\t\t\t\t\t\t\n\t\t\t\t\t\t\t<div class=\"form-check form-check-inline\">\n\t\t\t\t\t\t\t\t<input class=\"aitec-privacy-option form-check-input\" type=\"radio\" name=\"security_storage\" id=\"security_storage_reject\" value=\"denied\" checked>\n\t\t\t\t\t\t\t\t<label for=\"security_storage_reject\" class=\"form-check-label\">Ablehnen<\/label>\n\t\t\t\t\t\t\t<\/div>\n\t\t\t\t\t\t<\/fieldset>\n\t\t\t\t\t\t<table class=\"cookie-list-table table table-striped table-bordered table-sm mb-2\">\n\t\t\t\t\t\t\n\t\t\t\t\t\t<thead>\n\t\t\t\t\t\t\t<tr>\n\t\t\t\t\t\t\t\t<th scope=\"col\">Cookie-Name<\/th>\n\t\t\t\t\t\t\t\t<th scope=\"col\">Besitzer<\/th>\n\t\t\t\t\t\t\t\t<th scope=\"col\">Dauer<\/th>\n\t\t\t\t\t\t\t\t<th scope=\"col\">Beschreibung<\/th>\n\t\t\t\t\t\t\t<\/tr>\n\t\t\t\t\t\t<\/thead>\n\t\t\t\t\t\t<tbody>\n\t\t\t\t\t\t\t<tr>\n\t\t\t\t\t\t<td>_GRECAPTCHA<\/td>\n\t\t\t\t\t\t<td>google.com<\/td>\n\t\t\t\t\t\t<td>6 months<\/td>\n\t\t\t\t\t\t<td>Bot protection<\/td>\n\t\t\t\t\t<\/tr>\n\t\t\t\t\t\t<\/tbody>\n\t\t\t\t\t<\/table>\n\t\t\t\t\t<\/div>\n\t\t\t\t\t\n\t\t\t\t\t<div class=\"my-2\">\n\t\t\t\t\t\t<button type=\"button\" class=\"aitec-privacy-preference-save-form btn btn-default\" type=\"submit\">Speichern Sie Ihre Einstellungen<\/button>\n\t\t\t\t\t<\/div>\n\t\t\t\t\t\n\t\t\t\t<\/form>\n\t\t\t\t<script type=\"text\/javascript\">\n\t\t\t\t\tjQuery('document').ready(function(){\n\t\t\t\t\t\t\n\t\t\t\t\t\tlet saveForm = jQuery('.aitec-privacy-preference-save-form');\n\t\t\t\t\t\t\n\t\t\t\t\t\tif(saveForm.length > 0){\n\t\t\t\t\t\t\tsaveForm.each(function(){\n\t\t\t\t\t\t\t\tjQuery(this).click(function(e){\n\t\t\t\t\t\t\t\t\te.preventDefault();\n\t\t\t\t\t\t\t\t\t\n\t\t\t\t\t\t\t\t\tlet data = jQuery(this).parent().parent().serializeArray();\n\t\t\t\t\t\t\t\t\t\n\t\t\t\t\t\t\t\t\tjQuery.post( 'https:\/\/www.lapostahotel.it\/wp-admin\/admin-ajax.php' , { action: 'save_preferences', data : data } ,function( response ){\n\t\t\t\t\t\t\t\t\t\tif(response.status == 'success'){\n\t\t\t\t\t\t\t\t\t\t\talert('Gespeicherte Optionen');\n\t\t\t\t\t\t\t\t\t\t\twindow.location.reload();\n\t\t\t\t\t\t\t\t\t\t}else{\n\t\t\t\t\t\t\t\t\t\t\talert(response.message);\n\t\t\t\t\t\t\t\t\t\t}\n\t\t\t\t\t\t\t\t\t},'json');\n\t\t\t\t\t\t\t\t});\n\t\t\t\t\t\t\t});\n\t\t\t\t\t\t}\n\t\t\t\t\t\t\n\t\t\t\t\t});\n\t\t\t\t<\/script>\n\t\t\t<\/div>[\/vc_column_text][\/vc_column][\/vc_row][vc_row][vc_column]<h3 class=\"deco-title sinistra\"><span>Cookies deaktivieren<\/span><\/h3>[vc_column_text]Sie k\u00f6nnen die Nutzung von Cookies \u00fcber die Einstellungen in Ihrem Browser deaktivieren, im Folgenden finden Sie die entsprechende Anleitung dazu.<\/p>\n<ul>\n<li><a href=\"https:\/\/support.google.com\/chrome\/answer\/95647?hl=it&amp;topic=14666&amp;ctx=topic\" target=\"_blank\" rel=\"noreferrer noopener\">Chrome<\/a><\/li>\n<li><a href=\"https:\/\/support.mozilla.org\/it\/kb\/protezione-antitracciamento-avanzata-firefox-desktop\" target=\"_blank\" rel=\"noreferrer noopener\">Firefox<\/a><\/li>\n<li><a href=\"https:\/\/support.apple.com\/it-it\/guide\/safari\/sfri11471\/mac\" target=\"_blank\" rel=\"noreferrer noopener\">Safari<\/a><\/li>\n<li><a href=\"https:\/\/support.microsoft.com\/it-it\/topic\/eliminare-e-gestire-i-cookie-168dab11-0753-043d-7c16-ede5947fc64d\" target=\"_blank\" rel=\"noreferrer noopener\">Internet Explorer und Edge<\/a><\/li>\n<li><a href=\"https:\/\/help.opera.com\/en\/latest\/web-preferences\/\" target=\"_blank\" rel=\"noreferrer noopener\">Opera<\/a><\/li>\n<\/ul>\n<p>Aufgrund dieser Unterscheidung kann der Nutzer \u00fcber die entsprechenden Einstellungen seines Browsers Cookies deaktivieren und\/oder l\u00f6schen (&#8220;opt-out&#8221;) und einzelne nicht-&#8220;technische&#8221; Cookies, die von Dritten verwaltet werden, deaktivieren und\/oder l\u00f6schen, indem er die von der European Interactive Digital Advertising Alliance (EDAA) betriebene Website unter <a title=\"European Interactive Digital Advertising Alliance erkl\u00e4rt wird:\" href=\"http:\/\/www.youronlinechoices.eu\/\" target=\"_blank\" rel=\"noreferrer noopener\">www.youronlinechoices.eu<\/a> aufruft <a title=\"European Interactive Digital Advertising Alliance erkl\u00e4rt wird:\" href=\"http:\/\/www.youronlinechoices.eu\/\" target=\"_blank\" rel=\"noreferrer noopener\">.<\/a>[\/vc_column_text][\/vc_column][\/vc_row]<\/p>\n<\/div>","protected":false},"excerpt":{"rendered":"<p>[vc_row css=&#8221;.vc_custom_1709721120366{padding-top: 2em !important;}&#8221;][vc_column][vc_column_text css=&#8221;&#8221;]Cookies sind kleine Textdateien, die auf Ihrem Computer abgelegt werden, wenn Sie bestimmte Websites besuchen. Wir nutzen Cookies (u. a. von Drittanbietern) auf unserer Website. Einige von ihnen sind f\u00fcr den technischen Betrieb der Webseite unbedingt erforderlich. Andere ben\u00f6tigen wir um die Zugriffe auf unserer Webseite zu analysieren oder um unsere [&hellip;]<\/p>\n","protected":false},"author":1,"featured_media":0,"parent":0,"menu_order":0,"comment_status":"closed","ping_status":"closed","template":"","meta":{"_acf_changed":false,"footnotes":""},"class_list":["post-1571","page","type-page","status-publish","hentry"],"acf":[],"yoast_head":"<!-- This site is optimized with the Yoast SEO plugin v27.4 - https:\/\/yoast.com\/product\/yoast-seo-wordpress\/ -->\n<title>Cookie Policy | Hotel La Posta | Val D&#039;Orcia | Toscana<\/title>\n<meta name=\"description\" content=\"Cookie Policy | Hotel La Posta | Val D&#039;Orcia | Toscana\" \/>\n<meta name=\"robots\" content=\"index, follow, max-snippet:-1, max-image-preview:large, max-video-preview:-1\" \/>\n<link rel=\"canonical\" href=\"https:\/\/www.lapostahotel.it\/de\/cookie-policy\/\" \/>\n<meta property=\"og:locale\" content=\"de_DE\" \/>\n<meta property=\"og:type\" content=\"article\" \/>\n<meta property=\"og:title\" content=\"Cookie Policy | Hotel La Posta | Val D&#039;Orcia | Toscana\" \/>\n<meta property=\"og:description\" content=\"Cookie Policy | Hotel La Posta | Val D&#039;Orcia | Toscana\" \/>\n<meta property=\"og:url\" content=\"https:\/\/www.lapostahotel.it\/de\/cookie-policy\/\" \/>\n<meta property=\"og:site_name\" content=\"La Posta Hotel\" \/>\n<meta property=\"article:publisher\" content=\"https:\/\/www.facebook.com\/albergopostamarcucci\" \/>\n<meta property=\"article:modified_time\" content=\"2025-01-13T09:23:07+00:00\" \/>\n<meta property=\"og:image\" content=\"https:\/\/www.lapostahotel.it\/wp-content\/uploads\/2025\/01\/la-posta-hotel-val-dorcia-toscana-social-1200x675-alt.jpg\" \/>\n\t<meta property=\"og:image:width\" content=\"1200\" \/>\n\t<meta property=\"og:image:height\" content=\"675\" \/>\n\t<meta property=\"og:image:type\" content=\"image\/jpeg\" \/>\n<meta name=\"twitter:card\" content=\"summary_large_image\" \/>\n<meta name=\"twitter:label1\" content=\"Gesch\u00e4tzte Lesezeit\" \/>\n\t<meta name=\"twitter:data1\" content=\"2\u00a0Minuten\" \/>\n<!-- \/ Yoast SEO plugin. -->","yoast_head_json":{"title":"Cookie Policy | Hotel La Posta | Val D'Orcia | Toscana","description":"Cookie Policy | Hotel La Posta | Val D'Orcia | Toscana","robots":{"index":"index","follow":"follow","max-snippet":"max-snippet:-1","max-image-preview":"max-image-preview:large","max-video-preview":"max-video-preview:-1"},"canonical":"https:\/\/www.lapostahotel.it\/de\/cookie-policy\/","og_locale":"de_DE","og_type":"article","og_title":"Cookie Policy | Hotel La Posta | Val D'Orcia | Toscana","og_description":"Cookie Policy | Hotel La Posta | Val D'Orcia | Toscana","og_url":"https:\/\/www.lapostahotel.it\/de\/cookie-policy\/","og_site_name":"La Posta Hotel","article_publisher":"https:\/\/www.facebook.com\/albergopostamarcucci","article_modified_time":"2025-01-13T09:23:07+00:00","og_image":[{"width":1200,"height":675,"url":"https:\/\/www.lapostahotel.it\/wp-content\/uploads\/2025\/01\/la-posta-hotel-val-dorcia-toscana-social-1200x675-alt.jpg","type":"image\/jpeg"}],"twitter_card":"summary_large_image","twitter_misc":{"Gesch\u00e4tzte Lesezeit":"2\u00a0Minuten"},"schema":{"@context":"https:\/\/schema.org","@graph":[{"@type":"WebPage","@id":"https:\/\/www.lapostahotel.it\/de\/cookie-policy\/","url":"https:\/\/www.lapostahotel.it\/de\/cookie-policy\/","name":"Cookie Policy | Hotel La Posta | Val D'Orcia | Toscana","isPartOf":{"@id":"https:\/\/www.lapostahotel.it\/de\/#website"},"datePublished":"2024-03-06T10:26:15+00:00","dateModified":"2025-01-13T09:23:07+00:00","description":"Cookie Policy | Hotel La Posta | Val D'Orcia | Toscana","breadcrumb":{"@id":"https:\/\/www.lapostahotel.it\/de\/cookie-policy\/#breadcrumb"},"inLanguage":"de","potentialAction":[{"@type":"ReadAction","target":["https:\/\/www.lapostahotel.it\/de\/cookie-policy\/"]}]},{"@type":"BreadcrumbList","@id":"https:\/\/www.lapostahotel.it\/de\/cookie-policy\/#breadcrumb","itemListElement":[{"@type":"ListItem","position":1,"name":"Home","item":"https:\/\/www.lapostahotel.it\/de\/"},{"@type":"ListItem","position":2,"name":"Cookie Policy"}]},{"@type":"WebSite","@id":"https:\/\/www.lapostahotel.it\/de\/#website","url":"https:\/\/www.lapostahotel.it\/de\/","name":"La Posta","description":"Hotel &amp; Thermal spa","publisher":{"@id":"https:\/\/www.lapostahotel.it\/de\/#organization"},"alternateName":"Hotel La Posta","potentialAction":[{"@type":"SearchAction","target":{"@type":"EntryPoint","urlTemplate":"https:\/\/www.lapostahotel.it\/de\/?s={search_term_string}"},"query-input":{"@type":"PropertyValueSpecification","valueRequired":true,"valueName":"search_term_string"}}],"inLanguage":"de"},{"@type":"Organization","@id":"https:\/\/www.lapostahotel.it\/de\/#organization","name":"La Posta","alternateName":"Hotel La Posta","url":"https:\/\/www.lapostahotel.it\/de\/","logo":{"@type":"ImageObject","inLanguage":"de","@id":"https:\/\/www.lapostahotel.it\/de\/#\/schema\/logo\/image\/","url":"https:\/\/www.lapostahotel.it\/wp-content\/uploads\/2025\/01\/la-posta-hotel-val-dorcia-toscana-900x900-1.jpg","contentUrl":"https:\/\/www.lapostahotel.it\/wp-content\/uploads\/2025\/01\/la-posta-hotel-val-dorcia-toscana-900x900-1.jpg","width":900,"height":900,"caption":"La Posta"},"image":{"@id":"https:\/\/www.lapostahotel.it\/de\/#\/schema\/logo\/image\/"},"sameAs":["https:\/\/www.facebook.com\/albergopostamarcucci","https:\/\/www.instagram.com\/albergopostamarcucci\/"]}]}},"_links":{"self":[{"href":"https:\/\/www.lapostahotel.it\/de\/wp-json\/wp\/v2\/pages\/1571","targetHints":{"allow":["GET"]}}],"collection":[{"href":"https:\/\/www.lapostahotel.it\/de\/wp-json\/wp\/v2\/pages"}],"about":[{"href":"https:\/\/www.lapostahotel.it\/de\/wp-json\/wp\/v2\/types\/page"}],"author":[{"embeddable":true,"href":"https:\/\/www.lapostahotel.it\/de\/wp-json\/wp\/v2\/users\/1"}],"replies":[{"embeddable":true,"href":"https:\/\/www.lapostahotel.it\/de\/wp-json\/wp\/v2\/comments?post=1571"}],"version-history":[{"count":4,"href":"https:\/\/www.lapostahotel.it\/de\/wp-json\/wp\/v2\/pages\/1571\/revisions"}],"predecessor-version":[{"id":3081,"href":"https:\/\/www.lapostahotel.it\/de\/wp-json\/wp\/v2\/pages\/1571\/revisions\/3081"}],"wp:attachment":[{"href":"https:\/\/www.lapostahotel.it\/de\/wp-json\/wp\/v2\/media?parent=1571"}],"curies":[{"name":"wp","href":"https:\/\/api.w.org\/{rel}","templated":true}]}}