{"id":1552,"date":"2024-03-06T08:50:52","date_gmt":"2024-03-06T07:50:52","guid":{"rendered":"https:\/\/www.postamarcucci.it\/impressum\/"},"modified":"2025-01-15T10:22:10","modified_gmt":"2025-01-15T09:22:10","slug":"impressum","status":"publish","type":"page","link":"https:\/\/www.lapostahotel.it\/de\/impressum\/","title":{"rendered":"Impressum"},"content":{"rendered":"<div class=\"wpb-content-wrapper\"><p>[vc_row full_width=&#8221;stretch_row&#8221; content_placement=&#8221;middle&#8221; css=&#8221;.vc_custom_1709718913966{padding-top: 2em !important;padding-bottom: 2em !important;background-color: #d5e4c0 !important;}&#8221;][vc_column width=&#8221;1\/2&#8243;]<h1 class=\"deco-title sinistra\"><span class=\"deco-eylet\">Hotel La Posta<\/span><span>Impressum<\/span><\/h1>[\/vc_column][vc_column width=&#8221;1\/2&#8243;][vc_column_text css=&#8221;&#8221;]A<strong>lbergo Posta Marcucci S.R.L.<\/strong> Via Ara Urcea 43 53027 Bagno Vignoni, Siena &#8211; Toskana &#8211; Italien Tel. +39 0577 887 112 P. IVA.<\/p>\n<p> 00675900526<a href=\"mailto:info@lapostahotel.it\">info@lapostahotel.it<\/a><a href=\"https:\/\/www.lapostahotel.it\">www.lapostahotel.it<\/a>[\/vc_column_text][\/vc_column][\/vc_row][vc_row full_width=&#8221;stretch_row&#8221; css=&#8221;.vc_custom_1709719780610{padding-top: 2em !important;padding-bottom: 2em !important;background-color: #f7faf3 !important;}&#8221;][vc_column width=&#8221;1\/3&#8243;][vc_column_text]<strong>Webdesign &amp; Entwicklung<br \/>\n<\/strong><\/p>\n<p>Aitec S.R.L.<br \/>\nViale Mazzini 8<br \/>\n41058 Vignola (MO) &#8211; Italia<br \/>\nTel. +39 059 763479<br \/>\n<a href=\"https:\/\/www.aitec.it\" target=\"_blank\" rel=\"noopener\">www.aitec.it<\/a>[\/vc_column_text][\/vc_column][vc_column width=&#8221;1\/3&#8243;][vc_column_text]<strong>Editing &amp; copywriting<\/strong><\/p>\n<p>Francesco Ricci<br \/>\nVia Donatori di Sangue 67<br \/>\n41026 Modena &#8211; Italia<br \/>\n+39 335 634 1755<br \/>\n<a href=\"http:\/\/www.frescostudio.it\/\" target=\"_blank\" rel=\"noreferrer noopener\">www.frescostudio.it<\/a>[\/vc_column_text][\/vc_column][vc_column width=&#8221;1\/3&#8243;][vc_column_text]<strong>Grafiche<\/strong><\/p>\n<p>SUEO<br \/>\nSimone Montagnani<br \/>\n<a href=\"http:\/\/sueo.it\/\" target=\"_blank\" rel=\"noopener\">www.sueo.it<\/a>[\/vc_column_text][\/vc_column][\/vc_row][vc_row][vc_column]<h3 class=\"deco-title sinistra\"><span>Foto<\/span><\/h3>[vc_column_text]\u00a9 Gustav Willeit[\/vc_column_text][\/vc_column][\/vc_row][vc_row][vc_column]<h3 class=\"deco-title sinistra\"><span>Copyright<\/span><\/h3>[vc_column_text]Das Urheberrecht verbleibt ausschlie\u00dflich bei den Autoren. Eine Vervielf\u00e4ltigung und\/oder Verwendung von Bildern, Audio- und\/oder Videosequenzen, Texten in anderen Formen elektronischer und nicht-elektronischer Publikationen ist ohne ausdr\u00fcckliche Genehmigung der Autoren nicht gestattet.[\/vc_column_text][\/vc_column][\/vc_row][vc_row][vc_column]<h3 class=\"deco-title sinistra\"><span>Inhalte<\/span><\/h3>[vc_column_text]Die Autoren der Texte \u00fcbernehmen keinerlei Gew\u00e4hr f\u00fcr die Aktualit\u00e4t, Richtigkeit und\/oder Vollst\u00e4ndigkeit der bereitgestellten Informationen. F\u00fcr etwaige materielle und\/oder immaterielle Sch\u00e4den, die aus der Nutzung der bereitgestellten Informationen entstehen, kann von den Autoren der Texte keine Haftung \u00fcbernommen werden.[\/vc_column_text][\/vc_column][\/vc_row][vc_row][vc_column]<h3 class=\"deco-title sinistra\"><span>Links zu anderen Websites<\/span><\/h3>[vc_column_text]Auf dieser Website wurden Links zu anderen Seiten des World Wide Web erstellt. F\u00fcr alle diese Links gilt: Wir erkl\u00e4ren ausdr\u00fccklich, dass wir keinerlei Einfluss auf die Gestaltung und die Inhalte der gelinkten Seiten haben. Wir \u00fcbernehmen daher keine Verantwortung f\u00fcr die Inhalte der von unserer Homepage aus verlinkten Seiten. Diese Erkl\u00e4rung gilt f\u00fcr alle auf unseren Seiten aufgef\u00fchrten Links und f\u00fcr die Inhalte der Seiten, zu denen die Links f\u00fchren.[\/vc_column_text][\/vc_column][\/vc_row]<\/p>\n<\/div>","protected":false},"excerpt":{"rendered":"<p>[vc_row full_width=&#8221;stretch_row&#8221; content_placement=&#8221;middle&#8221; css=&#8221;.vc_custom_1709718913966{padding-top: 2em !important;padding-bottom: 2em !important;background-color: #d5e4c0 !important;}&#8221;][vc_column width=&#8221;1\/2&#8243;][\/vc_column][vc_column width=&#8221;1\/2&#8243;][vc_column_text css=&#8221;&#8221;]Albergo Posta Marcucci S.R.L. Via Ara Urcea 43 53027 Bagno Vignoni, Siena &#8211; Toskana &#8211; Italien Tel. +39 0577 887 112 P. IVA. 00675900526info@lapostahotel.itwww.lapostahotel.it[\/vc_column_text][\/vc_column][\/vc_row][vc_row full_width=&#8221;stretch_row&#8221; css=&#8221;.vc_custom_1709719780610{padding-top: 2em !important;padding-bottom: 2em !important;background-color: #f7faf3 !important;}&#8221;][vc_column width=&#8221;1\/3&#8243;][vc_column_text]Webdesign &amp; Entwicklung Aitec S.R.L. Viale Mazzini 8 41058 Vignola (MO) [&hellip;]<\/p>\n","protected":false},"author":1,"featured_media":0,"parent":0,"menu_order":0,"comment_status":"closed","ping_status":"closed","template":"","meta":{"_acf_changed":false,"footnotes":""},"class_list":["post-1552","page","type-page","status-publish","hentry"],"acf":[],"yoast_head":"<!-- This site is optimized with the Yoast SEO plugin v27.5 - https:\/\/yoast.com\/product\/yoast-seo-wordpress\/ -->\n<title>Impressum | Hotel La Posta | Val D&#039;Orcia | Toscana<\/title>\n<meta name=\"description\" content=\"Impressum | Hotel La Posta | Val D&#039;Orcia | Toscana\" \/>\n<meta name=\"robots\" content=\"index, follow, max-snippet:-1, max-image-preview:large, max-video-preview:-1\" \/>\n<link rel=\"canonical\" href=\"https:\/\/www.lapostahotel.it\/de\/impressum\/\" \/>\n<meta property=\"og:locale\" content=\"de_DE\" \/>\n<meta property=\"og:type\" content=\"article\" \/>\n<meta property=\"og:title\" content=\"Impressum | Hotel La Posta | Val D&#039;Orcia | Toscana\" \/>\n<meta property=\"og:description\" content=\"Impressum | Hotel La Posta | Val D&#039;Orcia | Toscana\" \/>\n<meta property=\"og:url\" content=\"https:\/\/www.lapostahotel.it\/de\/impressum\/\" \/>\n<meta property=\"og:site_name\" content=\"La Posta Hotel\" \/>\n<meta property=\"article:publisher\" content=\"https:\/\/www.facebook.com\/albergopostamarcucci\" \/>\n<meta property=\"article:modified_time\" content=\"2025-01-15T09:22:10+00:00\" \/>\n<meta property=\"og:image\" content=\"https:\/\/www.lapostahotel.it\/wp-content\/uploads\/2025\/01\/la-posta-hotel-val-dorcia-toscana-social-1200x675-alt.jpg\" \/>\n\t<meta property=\"og:image:width\" content=\"1200\" \/>\n\t<meta property=\"og:image:height\" content=\"675\" \/>\n\t<meta property=\"og:image:type\" content=\"image\/jpeg\" \/>\n<meta name=\"twitter:card\" content=\"summary_large_image\" \/>\n<meta name=\"twitter:label1\" content=\"Gesch\u00e4tzte Lesezeit\" \/>\n\t<meta name=\"twitter:data1\" content=\"2\u00a0Minuten\" \/>\n<!-- \/ Yoast SEO plugin. -->","yoast_head_json":{"title":"Impressum | Hotel La Posta | Val D'Orcia | Toscana","description":"Impressum | Hotel La Posta | Val D'Orcia | Toscana","robots":{"index":"index","follow":"follow","max-snippet":"max-snippet:-1","max-image-preview":"max-image-preview:large","max-video-preview":"max-video-preview:-1"},"canonical":"https:\/\/www.lapostahotel.it\/de\/impressum\/","og_locale":"de_DE","og_type":"article","og_title":"Impressum | Hotel La Posta | Val D'Orcia | Toscana","og_description":"Impressum | Hotel La Posta | Val D'Orcia | Toscana","og_url":"https:\/\/www.lapostahotel.it\/de\/impressum\/","og_site_name":"La Posta Hotel","article_publisher":"https:\/\/www.facebook.com\/albergopostamarcucci","article_modified_time":"2025-01-15T09:22:10+00:00","og_image":[{"width":1200,"height":675,"url":"https:\/\/www.lapostahotel.it\/wp-content\/uploads\/2025\/01\/la-posta-hotel-val-dorcia-toscana-social-1200x675-alt.jpg","type":"image\/jpeg"}],"twitter_card":"summary_large_image","twitter_misc":{"Gesch\u00e4tzte Lesezeit":"2\u00a0Minuten"},"schema":{"@context":"https:\/\/schema.org","@graph":[{"@type":"WebPage","@id":"https:\/\/www.lapostahotel.it\/de\/impressum\/","url":"https:\/\/www.lapostahotel.it\/de\/impressum\/","name":"Impressum | Hotel La Posta | Val D'Orcia | Toscana","isPartOf":{"@id":"https:\/\/www.lapostahotel.it\/de\/#website"},"datePublished":"2024-03-06T07:50:52+00:00","dateModified":"2025-01-15T09:22:10+00:00","description":"Impressum | Hotel La Posta | Val D'Orcia | Toscana","breadcrumb":{"@id":"https:\/\/www.lapostahotel.it\/de\/impressum\/#breadcrumb"},"inLanguage":"de","potentialAction":[{"@type":"ReadAction","target":["https:\/\/www.lapostahotel.it\/de\/impressum\/"]}]},{"@type":"BreadcrumbList","@id":"https:\/\/www.lapostahotel.it\/de\/impressum\/#breadcrumb","itemListElement":[{"@type":"ListItem","position":1,"name":"Home","item":"https:\/\/www.lapostahotel.it\/de\/"},{"@type":"ListItem","position":2,"name":"Impressum"}]},{"@type":"WebSite","@id":"https:\/\/www.lapostahotel.it\/de\/#website","url":"https:\/\/www.lapostahotel.it\/de\/","name":"La Posta","description":"Hotel &amp; Thermal spa","publisher":{"@id":"https:\/\/www.lapostahotel.it\/de\/#organization"},"alternateName":"Hotel La Posta","potentialAction":[{"@type":"SearchAction","target":{"@type":"EntryPoint","urlTemplate":"https:\/\/www.lapostahotel.it\/de\/?s={search_term_string}"},"query-input":{"@type":"PropertyValueSpecification","valueRequired":true,"valueName":"search_term_string"}}],"inLanguage":"de"},{"@type":"Organization","@id":"https:\/\/www.lapostahotel.it\/de\/#organization","name":"La Posta","alternateName":"Hotel La Posta","url":"https:\/\/www.lapostahotel.it\/de\/","logo":{"@type":"ImageObject","inLanguage":"de","@id":"https:\/\/www.lapostahotel.it\/de\/#\/schema\/logo\/image\/","url":"https:\/\/www.lapostahotel.it\/wp-content\/uploads\/2025\/01\/la-posta-hotel-val-dorcia-toscana-900x900-1.jpg","contentUrl":"https:\/\/www.lapostahotel.it\/wp-content\/uploads\/2025\/01\/la-posta-hotel-val-dorcia-toscana-900x900-1.jpg","width":900,"height":900,"caption":"La Posta"},"image":{"@id":"https:\/\/www.lapostahotel.it\/de\/#\/schema\/logo\/image\/"},"sameAs":["https:\/\/www.facebook.com\/albergopostamarcucci","https:\/\/www.instagram.com\/albergopostamarcucci\/"]}]}},"_links":{"self":[{"href":"https:\/\/www.lapostahotel.it\/de\/wp-json\/wp\/v2\/pages\/1552","targetHints":{"allow":["GET"]}}],"collection":[{"href":"https:\/\/www.lapostahotel.it\/de\/wp-json\/wp\/v2\/pages"}],"about":[{"href":"https:\/\/www.lapostahotel.it\/de\/wp-json\/wp\/v2\/types\/page"}],"author":[{"embeddable":true,"href":"https:\/\/www.lapostahotel.it\/de\/wp-json\/wp\/v2\/users\/1"}],"replies":[{"embeddable":true,"href":"https:\/\/www.lapostahotel.it\/de\/wp-json\/wp\/v2\/comments?post=1552"}],"version-history":[{"count":10,"href":"https:\/\/www.lapostahotel.it\/de\/wp-json\/wp\/v2\/pages\/1552\/revisions"}],"predecessor-version":[{"id":3121,"href":"https:\/\/www.lapostahotel.it\/de\/wp-json\/wp\/v2\/pages\/1552\/revisions\/3121"}],"wp:attachment":[{"href":"https:\/\/www.lapostahotel.it\/de\/wp-json\/wp\/v2\/media?parent=1552"}],"curies":[{"name":"wp","href":"https:\/\/api.w.org\/{rel}","templated":true}]}}