{"id":1534,"date":"2023-10-17T17:42:16","date_gmt":"2023-10-17T15:42:16","guid":{"rendered":"https:\/\/www.postamarcucci.it\/das-wasser\/"},"modified":"2026-03-11T09:57:49","modified_gmt":"2026-03-11T08:57:49","slug":"therme-und-spa","status":"publish","type":"page","link":"https:\/\/www.lapostahotel.it\/de\/therme-und-spa\/","title":{"rendered":"Therme und Spa"},"content":{"rendered":"<div class=\"wpb-content-wrapper\"><p>[vc_row full_width=&#8221;stretch_row_content_no_spaces&#8221; content_placement=&#8221;middle&#8221; css=&#8221;.vc_custom_1765544849372{padding-top: 6em !important;padding-bottom: 6em !important;background-image: url(https:\/\/www.lapostahotel.it\/wp-content\/uploads\/2025\/12\/0001_stefano_butturini-apm2020-1.jpg?id=5965) !important;background-position: 0 0 !important;background-repeat: no-repeat !important;}&#8221;][vc_column width=&#8221;5\/6&#8243; offset=&#8221;vc_col-lg-offset-3 vc_col-lg-6 vc_col-md-offset-2 vc_col-md-8 vc_col-sm-offset-1&#8243; el_class=&#8221;white-bg-deco green-border-deco shadow p-4&#8243;]<h1 class=\"deco-title centro with-subtitle\"><span>Das Wasser von Bagno Vignoni<br><mark>Wasser und Kosmos<\/mark><\/span><\/h1>[vc_column_text css=&#8221;&#8221; el_class=&#8221;text-big&#8221;]<\/p>\n<p style=\"text-align: center;\">Das Thermalwasser von Bagno Vignoni, ein Geschenk der Natur, flie\u00dft mit einer Temperatur von 49\u00b0C aus dem Herzen der Erde und ist eine Oase des absoluten Wohlbefindens. Reich an wertvollen Mineralien wie Karbonaten, Sulfaten, Kalzium und Magnesium, bietet unser Wasser nicht nur ein einzigartiges Entspannungserlebnis, sondern auch wohltuende Eigenschaften f\u00fcr Haut, Gelenke und Muskeln.<\/p>\n<p>[\/vc_column_text][\/vc_column][\/vc_row][vc_row css=&#8221;.vc_custom_1739269835626{padding-top: 2em !important;}&#8221;][vc_column css=&#8221;.vc_custom_1760435753003{padding-top: 0px !important;}&#8221;]<div id=\"features-carousel-69e75999c64c1-wrapper\" class=\"feature-carousel-wrapper\">\n\t\t\t\t\t\t\t\t<link rel=\"preload\" as=\"image\" href=\"https:\/\/www.lapostahotel.it\/wp-content\/uploads\/2025\/12\/0019_stefano_butturini-apm2020-159.jpg\">\n<link rel=\"preload\" as=\"image\" href=\"https:\/\/www.lapostahotel.it\/wp-content\/uploads\/2025\/12\/0010_Wedding-Time-PM-Settembre-2025-10-1.jpg\">\n\t\t\t\t\t\t\t\t<div class=\"features-carousel\" style=\"--features-carousel-color:#264131;\">\n\t\t\t\t\t\t\t\t\t<div class=\"row g-0\">\n\t\t\t\t\t\t\t\t\t\t<div class=\"col-lg-8 col-12 features-carousel-cycler\">\n\t\t\t\t\t\t\t\t\t\t\t<img decoding=\"async\" class=\"active\" src=\"https:\/\/www.lapostahotel.it\/wp-content\/uploads\/2025\/12\/0019_stefano_butturini-apm2020-159.jpg\" alt=\"Vista panoramica di una piscina termale immersa nel verde della Val d\u2019Orcia, con vasche dalle forme sinuose e un\u2019isola centrale alberata. A sinistra l\u2019edificio con loggiato e balcone in pietra, intorno lettini e ombrelloni tra gli alberi, sullo sfondo dolci colline toscane sotto un cielo luminoso. Atmosfera di relax e armonia con la natura.\" \/>\n<img decoding=\"async\" class=\"\" src=\"https:\/\/www.lapostahotel.it\/wp-content\/uploads\/2025\/12\/0010_Wedding-Time-PM-Settembre-2025-10-1.jpg\" alt=\"Due persone immerse in una piscina termale mentre ricevono un getto d\u2019acqua a cascata sulle spalle e sulla testa. Indossano cuffie da bagno e tengono gli occhi chiusi, godendosi il massaggio naturale dell\u2019acqua in un\u2019atmosfera di relax e benessere.\" \/>\n\t\t\t\t\t\t\t\t\t\t<\/div>\n\t\t\t\t\t\t\t\t\t\t<div class=\"col-lg-4 d-lg-block d-none features-carousel-color\"><\/div>\n\t\t\t\t\t\t\t\t\t<\/div>\n\t\t\t\t\t\t\t\t\t<div id=\"features-carousel-69e75999c64c1\" class=\"features-slider carousel slide\" data-bs-ride=\"carousel\" data-bs-interval=\"10000\">\n\t\t\t\t\t\t\t\t\t\t<div class=\"carousel-inner white-bg-deco\">\n\t\t\t\t\t\t\t\t\t\t\t<div data-index=\"0\" class=\"features-item carousel-item item active p-4\">\n\t\t\t\t\t\t\t\t<div class=\"features-item-table\">\n\t\t\t\t\t\t\t\t\t<div class=\"features-item-table-item\">\n\t\t\t\t\t\t\t\t\t\t<h3 class=\"deco-title mb-2\"><span>Die Becken<\/span><\/h3>\n\t\t\t\t\t\t\t\t\t\t<div class=\"features-item-text\">Die drei Pools des Hauses, die in einem \u00fcppigen, von B\u00e4umen ges\u00e4umten Garten liegen, empfangen Sie mit unterschiedlichen Temperaturen, die perfekt auf Ihre Bed\u00fcrfnisse nach Entspannung zugeschnitten sind. Im ersten Pool erreicht das Wasser eine angenehme Temperatur zwischen 35\u00b0C und 38\u00b0C, ideal, um sich ganz der Ruhe hinzugeben. Im letzten Pool stabilisiert es sich zwischen 28\u00b0C und 32\u00b0C und bietet ein belebendes Gef\u00fchl der Frische.  <\/div>\n\t\t\t\t\t\t\t\t\t\t\n\t\t\t\t\t\t\t\t\t\t<div class=\"button-wrapper\"><a class=\"btn btn-default\" href=\"https:\/\/reservations.verticalbooking.com\/sp_prenota_trattamenti.htm?lingua_int=ita&id_stile=20354&id_albergo=26677&dc=8527\" target=\"_blank\" title=\"Buchen sie jetzt\">Buchen sie jetzt<\/a><\/div>\n\t\t\t\t\t\t\t\t\t<\/div>\n\t\t\t\t\t\t\t\t<\/div>\n\t\t\t\t\t\t\t<\/div>\n<div data-index=\"1\" class=\"features-item carousel-item item p-4\">\n\t\t\t\t\t\t\t\t<div class=\"features-item-table\">\n\t\t\t\t\t\t\t\t\t<div class=\"features-item-table-item\">\n\t\t\t\t\t\t\t\t\t\t<h3 class=\"deco-title mb-2\"><span>N\u00fctzliche Gew\u00e4sser<\/span><\/h3>\n\t\t\t\t\t\t\t\t\t\t<div class=\"features-item-text\">Ganz gleich, ob Sie Ihren Blick auf die majest\u00e4tische Rocca d'Orcia oder den Sternenhimmel richten, ein Bad in unseren Wannen ist eine unvergleichliche Reise der Sinne. Die Mineralien im Wasser, wahre biologische Katalysatoren, stimulieren und harmonisieren die k\u00f6rperlichen und geistigen Reaktionen und verwandeln jedes Bad in ein authentisches Gesundheits- und Wellness-Ritual. Ein Erlebnis, das die tiefe Verbindung zwischen der Natur und Ihrem inneren Gleichgewicht zelebriert.  <\/div>\n\t\t\t\t\t\t\t\t\t\t\n\t\t\t\t\t\t\t\t\t\t<div class=\"button-wrapper\"><a class=\"btn btn-default\" href=\"https:\/\/reservations.verticalbooking.com\/\/sp_prenota_trattamenti.htm?lingua_int=ita&id_stile=20354&id_albergo=26677&dc=8527\"  title=\"Buchen sie jetzt\">Buchen sie jetzt<\/a><\/div>\n\t\t\t\t\t\t\t\t\t<\/div>\n\t\t\t\t\t\t\t\t<\/div>\n\t\t\t\t\t\t\t<\/div>\n\t\t\t\t\t\t\t\t\t\t<\/div>\n\t\t\t\t\t\t\t\t\t\t\n\t\t\t\t\t\t\t\t\t\t<div class=\"carousel-indicators carousel-bullets\">\n\t\t\t\t\t\t\t\t\t\t\t<button type=\"button\" data-bs-target=\"#features-carousel-69e75999c64c1\" data-bs-slide-to=\"0\" class=\"active\" aria-current=\"true\" aria-label=\"Go to slide no. 1\"><\/button>\n<button type=\"button\" data-bs-target=\"#features-carousel-69e75999c64c1\" data-bs-slide-to=\"1\" class=\"\" aria-current=\"false\" aria-label=\"Go to slide no. 2\"><\/button>\n\t\t\t\t\t\t\t\t\t\t<\/div>\n\t\t\t\t\t\t\t\t\t\t\n\t\t\t\t\t\t\t\t\t<\/div>\n\t\t\t\t\t\t\t\t<\/div>\n\t\t\t\t\t\t\t<\/div>[\/vc_column][\/vc_row][vc_row full_width=&#8221;stretch_row_content_no_spaces&#8221; el_class=&#8221;mt-xl-5 mt-3&#8243;][vc_column offset=&#8221;vc_col-md-6&#8243;]<figure class=\"block-wrapper aspect-image centro mb-5\" style=\"background-image:url('https:\/\/www.lapostahotel.it\/wp-content\/uploads\/2023\/10\/giornate-benessere-03-1024x649.jpg'); aspect-ratio: 16 \/ 9\">\n\t\t\t\t\t\n\t\t\t\t\t<figcaption class=\"block-wrapper-content\" style=\"background:#FFFFFF99;\">\n\t\t\t\t\t\t<div class=\"block-wrapper-text\" style=\"vertical-align:middle;\">\n\t\t\t\t\t\t\t\n\t\t\t\t\t\t\t<h2 class=\"deco-title mb-3\"><span class=\"deco-eylet\">F\u00fcr Tagesg\u00e4ste<\/span><span>Day SPA<\/span><\/h2>\n\t\t\t\t\t\t\t\n\t\t\t\t\t\t\t<a class=\"btn btn-default btn-lg inverted\" href=\"https:\/\/www.lapostahotel.it\/de\/therme-und-spa\/day-spa\/\">Eing\u00e4nge zu den Pools<\/a>\n\t\t\t\t\t\t<\/div>\n\t\t\t\t\t<\/figcaption>\n\t\t\t\t<\/figure>[\/vc_column][vc_column offset=&#8221;vc_col-md-6&#8243;]<figure class=\"block-wrapper aspect-image centro mb-5\" style=\"background-image:url('https:\/\/www.lapostahotel.it\/wp-content\/uploads\/2025\/12\/0021_Posta-Marcucci-Novembre-2024-II-Parte-I-Scelta-23-1024x683.jpg'); aspect-ratio: 16 \/ 9\">\n\t\t\t\t\t\n\t\t\t\t\t<figcaption class=\"block-wrapper-content\" style=\"background:#FFFFFF99;\">\n\t\t\t\t\t\t<div class=\"block-wrapper-text\" style=\"vertical-align:middle;\">\n\t\t\t\t\t\t\t\n\t\t\t\t\t\t\t<h2 class=\"deco-title mb-3\"><span class=\"deco-eylet\">Die Wellnessr\u00e4ume<\/span><span>Wellness<\/span><\/h2>\n\t\t\t\t\t\t\t\n\t\t\t\t\t\t\t<a class=\"btn btn-default btn-lg inverted\" href=\"https:\/\/www.lapostahotel.it\/de\/therme-und-spa\/wellness\/\">Die Behandlungen<\/a>\n\t\t\t\t\t\t<\/div>\n\t\t\t\t\t<\/figcaption>\n\t\t\t\t<\/figure>[\/vc_column][\/vc_row][vc_row full_width=&#8221;stretch_row_content_no_spaces&#8221; el_class=&#8221;my-xl-5 my-3&#8243;][vc_column offset=&#8221;vc_col-md-offset-2 vc_col-md-8&#8243; css=&#8221;.vc_custom_1760435767646{padding-top: 0px !important;}&#8221;]<figure class=\"block-wrapper aspect-image centro text-white mb-5 square-on-mobile\" style=\"background-image:url('https:\/\/www.lapostahotel.it\/wp-content\/uploads\/2025\/02\/BagnoSottoLeStalle-1024x683.jpg'); aspect-ratio: 5 \/ 1\">\n\t\t\t\t\t\n\t\t\t\t\t<figcaption class=\"block-wrapper-content\" style=\"background:#25382D85;\">\n\t\t\t\t\t\t<div class=\"block-wrapper-text\" style=\"vertical-align:middle;\">\n\t\t\t\t\t\t\t\n\t\t\t\t\t\t\t<h2 class=\"deco-title mb-3\"><span class=\"deco-eylet\">Das einzigartige Erlebnis<\/span><span>Baden unter den Sternen<\/span><\/h2>\n\t\t\t\t\t\t\t\n\t\t\t\t\t\t\t<a class=\"btn btn-default btn-lg inverted\" href=\"https:\/\/www.lapostahotel.it\/de\/therme-und-spa\/baden-unter-den-sternen\/\">Entdecken Sie<\/a>\n\t\t\t\t\t\t<\/div>\n\t\t\t\t\t<\/figcaption>\n\t\t\t\t<\/figure>[\/vc_column][\/vc_row][vc_row full_width=&#8221;stretch_row_content_no_spaces&#8221; content_placement=&#8221;middle&#8221; css=&#8221;.vc_custom_1760435671572{background-position: 0 0 !important;background-repeat: no-repeat !important;}&#8221; el_class=&#8221;my-xl-5 my-3&#8243;][vc_column width=&#8221;5\/6&#8243; el_class=&#8221;white-bg-deco green-border-deco shadow p-4&#8243; offset=&#8221;vc_col-lg-offset-3 vc_col-lg-6 vc_col-md-offset-2 vc_col-md-8 vc_col-sm-offset-1&#8243; css=&#8221;.vc_custom_1760435772200{padding-top: 0px !important;}&#8221;]<h1 class=\"deco-title centro with-subtitle\"><span>Kits und Tarife<\/span><\/h1>[vc_column_text css=&#8221;&#8221; el_class=&#8221;text-big&#8221;]<\/p>\n<p style=\"text-align: center;\"><strong data-start=\"431\" data-end=\"456\">Zugang zum Indoor-SPA<\/strong> \u20ac 25,00<br data-start=\"464\" data-end=\"467\" \/>Der Eintritt umfasst den Zugang zu den <em data-start=\"506\" data-end=\"522\">Wellnessr\u00e4umen<\/em>: finnische Sauna, Biosauna, Dampfbad, Thermalbecken, kleine Jacuzzi mit Hydromassaged\u00fcsen, Salzraum sowie Ruhebereich mit Wasserliegen.<br data-start=\"658\" data-end=\"661\" \/>Nur nach Reservierung und je nach Verf\u00fcgbarkeit des Hauses.<\/p>\n<h3 style=\"text-align: center;\">Verkaufspreise:<\/h3>\n<p style=\"text-align: center;\">Badenkappe \u20ac5,00<br \/>\nBadeschlappen \u20ac5,00<\/p>\n<p>[\/vc_column_text][\/vc_column][\/vc_row][vc_row full_width=&#8221;stretch_row_content_no_spaces&#8221; content_placement=&#8221;middle&#8221; css=&#8221;.vc_custom_1760435664461{background-position: 0 0 !important;background-repeat: no-repeat !important;}&#8221; el_class=&#8221;my-xl-5 my-3&#8243;][vc_column width=&#8221;5\/6&#8243; el_class=&#8221;white-bg-deco green-border-deco shadow p-4&#8243; offset=&#8221;vc_col-lg-offset-3 vc_col-lg-6 vc_col-md-offset-2 vc_col-md-8 vc_col-sm-offset-1&#8243; css=&#8221;.vc_custom_1760435776932{padding-top: 0px !important;}&#8221;]<h1 class=\"deco-title centro with-subtitle\"><span class=\"deco-eylet\">Unser Fitnessstudio<\/span><span>Den G\u00e4sten gewidmet<\/span><\/h1>[vc_column_text css=&#8221;&#8221; el_class=&#8221;text-big&#8221;]<\/p>\n<p style=\"text-align: center;\">Lieber Gast, haben Sie schon einmal dar\u00fcber nachgedacht, wie die Anstrengung viel leichter erscheint, wenn der Blick \u00fcber die atemberaubende Rocca d&#8217;Orcia schweift? Wir haben ein Fitnessstudio geschaffen, das nicht nur mit modernsten Technogym-Ger\u00e4ten (Fahrradergometer, Laufb\u00e4nder, Hanteln, Springseile und Matten f\u00fcr K\u00f6rpergewichtstraining) ausgestattet ist, sondern auch einen spektakul\u00e4ren Blick auf die Rocca und unsere Becken bietet \u2013 ein Ausblick, der Sie garantiert die Anzahl der Wiederholungen vergessen l\u00e4sst.<\/p>\n<p style=\"text-align: center;\">F\u00fcr ein sicheres und komfortables Erlebnis bitten wir Sie, das Fitnessstudio nur mit geeigneten Sportschuhen und Kleidung zu betreten. Handt\u00fccher, die f\u00fcr die Aktivit\u00e4ten ben\u00f6tigt werden, stellt die Einrichtung zur Verf\u00fcgung. Der Zugang zum Fitnessstudio ist ab 14 Jahren gestattet, und es ist t\u00e4glich von 7:30 bis 20:00 Uhr ge\u00f6ffnet.<\/p>\n<p>[\/vc_column_text][\/vc_column][\/vc_row]<\/p>\n<\/div>","protected":false},"excerpt":{"rendered":"<p>[vc_row full_width=&#8221;stretch_row_content_no_spaces&#8221; content_placement=&#8221;middle&#8221; css=&#8221;.vc_custom_1765544849372{padding-top: 6em !important;padding-bottom: 6em !important;background-image: url(https:\/\/www.lapostahotel.it\/wp-content\/uploads\/2025\/12\/0001_stefano_butturini-apm2020-1.jpg?id=5965) !important;background-position: 0 0 !important;background-repeat: no-repeat !important;}&#8221;][vc_column width=&#8221;5\/6&#8243; offset=&#8221;vc_col-lg-offset-3 vc_col-lg-6 vc_col-md-offset-2 vc_col-md-8 vc_col-sm-offset-1&#8243; el_class=&#8221;white-bg-deco green-border-deco shadow p-4&#8243;][vc_column_text css=&#8221;&#8221; el_class=&#8221;text-big&#8221;] Das Thermalwasser von Bagno Vignoni, ein Geschenk der Natur, flie\u00dft mit einer Temperatur von 49\u00b0C aus dem Herzen der Erde und ist eine Oase des absoluten Wohlbefindens. Reich [&hellip;]<\/p>\n","protected":false},"author":1,"featured_media":0,"parent":0,"menu_order":0,"comment_status":"closed","ping_status":"closed","template":"","meta":{"_acf_changed":false,"footnotes":""},"class_list":["post-1534","page","type-page","status-publish","hentry"],"acf":[],"yoast_head":"<!-- This site is optimized with the Yoast SEO plugin v27.4 - https:\/\/yoast.com\/product\/yoast-seo-wordpress\/ -->\n<title>Terme e SPA a Bagno Vignoni | La Posta 5* Hotel<\/title>\n<meta name=\"description\" content=\"Therme und Spa | Hotel La Posta | Val D&#039;Orcia | Toscana\" \/>\n<meta name=\"robots\" content=\"index, follow, max-snippet:-1, max-image-preview:large, max-video-preview:-1\" \/>\n<link rel=\"canonical\" href=\"https:\/\/www.lapostahotel.it\/de\/therme-und-spa\/\" \/>\n<meta property=\"og:locale\" content=\"de_DE\" \/>\n<meta property=\"og:type\" content=\"article\" \/>\n<meta property=\"og:title\" content=\"Terme e SPA a Bagno Vignoni | La Posta 5* Hotel\" \/>\n<meta property=\"og:description\" content=\"Therme und Spa | Hotel La Posta | Val D&#039;Orcia | Toscana\" \/>\n<meta property=\"og:url\" content=\"https:\/\/www.lapostahotel.it\/de\/therme-und-spa\/\" \/>\n<meta property=\"og:site_name\" content=\"La Posta Hotel\" \/>\n<meta property=\"article:publisher\" content=\"https:\/\/www.facebook.com\/albergopostamarcucci\" \/>\n<meta property=\"article:modified_time\" content=\"2026-03-11T08:57:49+00:00\" \/>\n<meta property=\"og:image\" content=\"https:\/\/www.lapostahotel.it\/wp-content\/uploads\/2025\/01\/la-posta-hotel-val-dorcia-toscana-social-1200x675-alt.jpg\" \/>\n\t<meta property=\"og:image:width\" content=\"1200\" \/>\n\t<meta property=\"og:image:height\" content=\"675\" \/>\n\t<meta property=\"og:image:type\" content=\"image\/jpeg\" \/>\n<meta name=\"twitter:card\" content=\"summary_large_image\" \/>\n<meta name=\"twitter:label1\" content=\"Gesch\u00e4tzte Lesezeit\" \/>\n\t<meta name=\"twitter:data1\" content=\"5\u00a0Minuten\" \/>\n<!-- \/ Yoast SEO plugin. -->","yoast_head_json":{"title":"Terme e SPA a Bagno Vignoni | La Posta 5* Hotel","description":"Therme und Spa | Hotel La Posta | Val D'Orcia | Toscana","robots":{"index":"index","follow":"follow","max-snippet":"max-snippet:-1","max-image-preview":"max-image-preview:large","max-video-preview":"max-video-preview:-1"},"canonical":"https:\/\/www.lapostahotel.it\/de\/therme-und-spa\/","og_locale":"de_DE","og_type":"article","og_title":"Terme e SPA a Bagno Vignoni | La Posta 5* Hotel","og_description":"Therme und Spa | Hotel La Posta | Val D'Orcia | Toscana","og_url":"https:\/\/www.lapostahotel.it\/de\/therme-und-spa\/","og_site_name":"La Posta Hotel","article_publisher":"https:\/\/www.facebook.com\/albergopostamarcucci","article_modified_time":"2026-03-11T08:57:49+00:00","og_image":[{"width":1200,"height":675,"url":"https:\/\/www.lapostahotel.it\/wp-content\/uploads\/2025\/01\/la-posta-hotel-val-dorcia-toscana-social-1200x675-alt.jpg","type":"image\/jpeg"}],"twitter_card":"summary_large_image","twitter_misc":{"Gesch\u00e4tzte Lesezeit":"5\u00a0Minuten"},"schema":{"@context":"https:\/\/schema.org","@graph":[{"@type":"WebPage","@id":"https:\/\/www.lapostahotel.it\/de\/therme-und-spa\/","url":"https:\/\/www.lapostahotel.it\/de\/therme-und-spa\/","name":"Terme e SPA a Bagno Vignoni | La Posta 5* Hotel","isPartOf":{"@id":"https:\/\/www.lapostahotel.it\/de\/#website"},"datePublished":"2023-10-17T15:42:16+00:00","dateModified":"2026-03-11T08:57:49+00:00","description":"Therme und Spa | Hotel La Posta | Val D'Orcia | Toscana","breadcrumb":{"@id":"https:\/\/www.lapostahotel.it\/de\/therme-und-spa\/#breadcrumb"},"inLanguage":"de","potentialAction":[{"@type":"ReadAction","target":["https:\/\/www.lapostahotel.it\/de\/therme-und-spa\/"]}]},{"@type":"BreadcrumbList","@id":"https:\/\/www.lapostahotel.it\/de\/therme-und-spa\/#breadcrumb","itemListElement":[{"@type":"ListItem","position":1,"name":"Home","item":"https:\/\/www.lapostahotel.it\/de\/"},{"@type":"ListItem","position":2,"name":"Therme und Spa"}]},{"@type":"WebSite","@id":"https:\/\/www.lapostahotel.it\/de\/#website","url":"https:\/\/www.lapostahotel.it\/de\/","name":"La Posta","description":"Hotel &amp; Thermal spa","publisher":{"@id":"https:\/\/www.lapostahotel.it\/de\/#organization"},"alternateName":"Hotel La Posta","potentialAction":[{"@type":"SearchAction","target":{"@type":"EntryPoint","urlTemplate":"https:\/\/www.lapostahotel.it\/de\/?s={search_term_string}"},"query-input":{"@type":"PropertyValueSpecification","valueRequired":true,"valueName":"search_term_string"}}],"inLanguage":"de"},{"@type":"Organization","@id":"https:\/\/www.lapostahotel.it\/de\/#organization","name":"La Posta","alternateName":"Hotel La Posta","url":"https:\/\/www.lapostahotel.it\/de\/","logo":{"@type":"ImageObject","inLanguage":"de","@id":"https:\/\/www.lapostahotel.it\/de\/#\/schema\/logo\/image\/","url":"https:\/\/www.lapostahotel.it\/wp-content\/uploads\/2025\/01\/la-posta-hotel-val-dorcia-toscana-900x900-1.jpg","contentUrl":"https:\/\/www.lapostahotel.it\/wp-content\/uploads\/2025\/01\/la-posta-hotel-val-dorcia-toscana-900x900-1.jpg","width":900,"height":900,"caption":"La Posta"},"image":{"@id":"https:\/\/www.lapostahotel.it\/de\/#\/schema\/logo\/image\/"},"sameAs":["https:\/\/www.facebook.com\/albergopostamarcucci","https:\/\/www.instagram.com\/albergopostamarcucci\/"]}]}},"_links":{"self":[{"href":"https:\/\/www.lapostahotel.it\/de\/wp-json\/wp\/v2\/pages\/1534","targetHints":{"allow":["GET"]}}],"collection":[{"href":"https:\/\/www.lapostahotel.it\/de\/wp-json\/wp\/v2\/pages"}],"about":[{"href":"https:\/\/www.lapostahotel.it\/de\/wp-json\/wp\/v2\/types\/page"}],"author":[{"embeddable":true,"href":"https:\/\/www.lapostahotel.it\/de\/wp-json\/wp\/v2\/users\/1"}],"replies":[{"embeddable":true,"href":"https:\/\/www.lapostahotel.it\/de\/wp-json\/wp\/v2\/comments?post=1534"}],"version-history":[{"count":43,"href":"https:\/\/www.lapostahotel.it\/de\/wp-json\/wp\/v2\/pages\/1534\/revisions"}],"predecessor-version":[{"id":7162,"href":"https:\/\/www.lapostahotel.it\/de\/wp-json\/wp\/v2\/pages\/1534\/revisions\/7162"}],"wp:attachment":[{"href":"https:\/\/www.lapostahotel.it\/de\/wp-json\/wp\/v2\/media?parent=1534"}],"curies":[{"name":"wp","href":"https:\/\/api.w.org\/{rel}","templated":true}]}}